{"id":35819,"date":"2026-03-04T20:11:49","date_gmt":"2026-03-04T19:11:49","guid":{"rendered":"https:\/\/readymade.se\/core\/?post_type=product&#038;p=35819"},"modified":"2026-03-05T02:00:51","modified_gmt":"2026-03-05T01:00:51","slug":"parkbank-vosu-065-m","status":"publish","type":"product","link":"https:\/\/readymade.se\/core\/produkt\/parkbank-vosu-065-m\/","title":{"rendered":"Parkb\u00e4nk V\u00d5SU (0,65 m)"},"content":{"rendered":"<p>Parkb\u00e4nk V\u00d5SU \u00e4r en 0,65 m l\u00e5ng sittplats f\u00f6r en person. Den angivna lastkapaciteten \u00e4r 200 kg. B\u00e4nken \u00e4r byggd med slitstarka tr\u00e4ribbor och ben i aluminiumlegering. Formatet passar vid entr\u00e9er, p\u00e5 balkonger eller som en diskret sittplats i tr\u00e4dg\u00e5rden. F\u00f6r \u00f6kad s\u00e4kerhet kan V\u00d5SU f\u00f6rankras i marken med g\u00e4ngst\u00e4nger. Kontakta oss g\u00e4rna om du vill se andra f\u00e4rg- och materialkombinationer. Konstruktionen i tr\u00e4 och aluminium \u00e4r avsedd f\u00f6r utomhusmilj\u00f6er och beskrivs ge l\u00e5ng h\u00e5llbarhet samt ett l\u00e5gt underh\u00e5llsbehov. Modellen kan ocks\u00e5 ing\u00e5 i en st\u00f6rre m\u00f6blering i samma serie.<\/p>\n","protected":false},"excerpt":{"rendered":"<p>Parkb\u00e4nk i tr\u00e4 och aluminium.<\/p>\n","protected":false},"featured_media":35890,"template":"","meta":{"site-sidebar-layout":"","site-content-layout":"","ast-site-content-layout":"","site-content-style":"","site-sidebar-style":"","ast-global-header-display":"","ast-banner-title-visibility":"","ast-main-header-display":"","ast-hfb-above-header-display":"","ast-hfb-below-header-display":"","ast-hfb-mobile-header-display":"","site-post-title":"","ast-breadcrumbs-content":"","ast-featured-img":"","footer-sml-layout":"","theme-transparent-header-meta":"","adv-header-id-meta":"","stick-header-meta":"","header-above-stick-meta":"","header-main-stick-meta":"","header-below-stick-meta":"","astra-migrate-meta-layouts":"","ast-page-background-enabled":"default","ast-page-background-meta":{"desktop":{"background-color":"var(--ast-global-color-5)","background-image":"","background-repeat":"repeat","background-position":"center center","background-size":"auto","background-attachment":"scroll","background-type":"","background-media":"","overlay-type":"","overlay-color":"","overlay-opacity":"","overlay-gradient":""},"tablet":{"background-color":"","background-image":"","background-repeat":"repeat","background-position":"center center","background-size":"auto","background-attachment":"scroll","background-type":"","background-media":"","overlay-type":"","overlay-color":"","overlay-opacity":"","overlay-gradient":""},"mobile":{"background-color":"","background-image":"","background-repeat":"repeat","background-position":"center center","background-size":"auto","background-attachment":"scroll","background-type":"","background-media":"","overlay-type":"","overlay-color":"","overlay-opacity":"","overlay-gradient":""}},"ast-content-background-meta":{"desktop":{"background-color":"var(--ast-global-color-4)","background-image":"","background-repeat":"repeat","background-position":"center center","background-size":"auto","background-attachment":"scroll","background-type":"","background-media":"","overlay-type":"","overlay-color":"","overlay-opacity":"","overlay-gradient":""},"tablet":{"background-color":"var(--ast-global-color-4)","background-image":"","background-repeat":"repeat","background-position":"center center","background-size":"auto","background-attachment":"scroll","background-type":"","background-media":"","overlay-type":"","overlay-color":"","overlay-opacity":"","overlay-gradient":""},"mobile":{"background-color":"var(--ast-global-color-4)","background-image":"","background-repeat":"repeat","background-position":"center center","background-size":"auto","background-attachment":"scroll","background-type":"","background-media":"","overlay-type":"","overlay-color":"","overlay-opacity":"","overlay-gradient":""}}},"product_brand":[56],"product_cat":[39,40],"product_tag":[155],"class_list":{"0":"post-35819","1":"product","2":"type-product","3":"status-publish","4":"has-post-thumbnail","6":"product_brand-tiptiptap","7":"product_cat-gata-park","8":"product_cat-parkbankar","9":"product_tag-serie-urban-furniture","10":"desktop-align-center","11":"tablet-align-left","12":"mobile-align-left","14":"first","15":"instock","16":"taxable","17":"shipping-taxable","18":"purchasable","19":"product-type-variable","20":"has-default-attributes"},"_links":{"self":[{"href":"https:\/\/readymade.se\/core\/wp-json\/wp\/v2\/product\/35819","targetHints":{"allow":["GET"]}}],"collection":[{"href":"https:\/\/readymade.se\/core\/wp-json\/wp\/v2\/product"}],"about":[{"href":"https:\/\/readymade.se\/core\/wp-json\/wp\/v2\/types\/product"}],"wp:featuredmedia":[{"embeddable":true,"href":"https:\/\/readymade.se\/core\/wp-json\/wp\/v2\/media\/35890"}],"wp:attachment":[{"href":"https:\/\/readymade.se\/core\/wp-json\/wp\/v2\/media?parent=35819"}],"wp:term":[{"taxonomy":"product_brand","embeddable":true,"href":"https:\/\/readymade.se\/core\/wp-json\/wp\/v2\/product_brand?post=35819"},{"taxonomy":"product_cat","embeddable":true,"href":"https:\/\/readymade.se\/core\/wp-json\/wp\/v2\/product_cat?post=35819"},{"taxonomy":"product_tag","embeddable":true,"href":"https:\/\/readymade.se\/core\/wp-json\/wp\/v2\/product_tag?post=35819"}],"curies":[{"name":"wp","href":"https:\/\/api.w.org\/{rel}","templated":true}]}}