{"id":35815,"date":"2026-03-04T20:11:48","date_gmt":"2026-03-04T19:11:48","guid":{"rendered":"https:\/\/readymade.se\/core\/?post_type=product&#038;p=35815"},"modified":"2026-03-05T02:00:51","modified_gmt":"2026-03-05T01:00:51","slug":"parkbank-pirita-med-armstod-067-m","status":"publish","type":"product","link":"https:\/\/readymade.se\/core\/produkt\/parkbank-pirita-med-armstod-067-m\/","title":{"rendered":"Parkb\u00e4nk PIRITA med armst\u00f6d (0,67 m)"},"content":{"rendered":"<p>Parkb\u00e4nk PIRITA med armst\u00f6d (0,67 m) \u00e4r avsedd som en sittplats f\u00f6r en person, f\u00f6r platser d\u00e4r individuella utrymmen efterfr\u00e5gas. Sitsen best\u00e5r av massivtr\u00e4ribbor och b\u00e4rs av svetsade st\u00e5lband. Materialkombinationen st\u00e5l, betong och tr\u00e4 ger en stabil uppbyggnad. St\u00e5ldelarna \u00e4r zinkbelagda och pulverlackerade f\u00f6r korrosionsskydd, vilket kan bidra till l\u00e5ng livsl\u00e4ngd och mindre behov av underh\u00e5ll \u00f6ver tid. B\u00e4nken har finish i termoaska och anges ha maximal lastkapacitet 150 kg. PIRITA f\u00f6rankras i betongbas med g\u00e4ngst\u00e4nger och kan placeras frist\u00e5ende. F\u00f6r projektanpassning kan den f\u00e5s i olika f\u00e4rg- och materialkombinationer.<\/p>\n","protected":false},"excerpt":{"rendered":"<p>Parkb\u00e4nk i st\u00e5l, betong och tr\u00e4, anpassad f\u00f6r frist\u00e5ende placering.<\/p>\n","protected":false},"featured_media":35862,"template":"","meta":{"site-sidebar-layout":"","site-content-layout":"","ast-site-content-layout":"","site-content-style":"","site-sidebar-style":"","ast-global-header-display":"","ast-banner-title-visibility":"","ast-main-header-display":"","ast-hfb-above-header-display":"","ast-hfb-below-header-display":"","ast-hfb-mobile-header-display":"","site-post-title":"","ast-breadcrumbs-content":"","ast-featured-img":"","footer-sml-layout":"","theme-transparent-header-meta":"","adv-header-id-meta":"","stick-header-meta":"","header-above-stick-meta":"","header-main-stick-meta":"","header-below-stick-meta":"","astra-migrate-meta-layouts":"","ast-page-background-enabled":"default","ast-page-background-meta":{"desktop":{"background-color":"var(--ast-global-color-5)","background-image":"","background-repeat":"repeat","background-position":"center center","background-size":"auto","background-attachment":"scroll","background-type":"","background-media":"","overlay-type":"","overlay-color":"","overlay-opacity":"","overlay-gradient":""},"tablet":{"background-color":"","background-image":"","background-repeat":"repeat","background-position":"center center","background-size":"auto","background-attachment":"scroll","background-type":"","background-media":"","overlay-type":"","overlay-color":"","overlay-opacity":"","overlay-gradient":""},"mobile":{"background-color":"","background-image":"","background-repeat":"repeat","background-position":"center center","background-size":"auto","background-attachment":"scroll","background-type":"","background-media":"","overlay-type":"","overlay-color":"","overlay-opacity":"","overlay-gradient":""}},"ast-content-background-meta":{"desktop":{"background-color":"var(--ast-global-color-4)","background-image":"","background-repeat":"repeat","background-position":"center center","background-size":"auto","background-attachment":"scroll","background-type":"","background-media":"","overlay-type":"","overlay-color":"","overlay-opacity":"","overlay-gradient":""},"tablet":{"background-color":"var(--ast-global-color-4)","background-image":"","background-repeat":"repeat","background-position":"center center","background-size":"auto","background-attachment":"scroll","background-type":"","background-media":"","overlay-type":"","overlay-color":"","overlay-opacity":"","overlay-gradient":""},"mobile":{"background-color":"var(--ast-global-color-4)","background-image":"","background-repeat":"repeat","background-position":"center center","background-size":"auto","background-attachment":"scroll","background-type":"","background-media":"","overlay-type":"","overlay-color":"","overlay-opacity":"","overlay-gradient":""}}},"product_brand":[56],"product_cat":[39,40],"product_tag":[155],"class_list":{"0":"post-35815","1":"product","2":"type-product","3":"status-publish","4":"has-post-thumbnail","6":"product_brand-tiptiptap","7":"product_cat-gata-park","8":"product_cat-parkbankar","9":"product_tag-serie-urban-furniture","10":"desktop-align-center","11":"tablet-align-left","12":"mobile-align-left","14":"first","15":"instock","16":"taxable","17":"shipping-taxable","18":"purchasable","19":"product-type-variable","20":"has-default-attributes"},"_links":{"self":[{"href":"https:\/\/readymade.se\/core\/wp-json\/wp\/v2\/product\/35815","targetHints":{"allow":["GET"]}}],"collection":[{"href":"https:\/\/readymade.se\/core\/wp-json\/wp\/v2\/product"}],"about":[{"href":"https:\/\/readymade.se\/core\/wp-json\/wp\/v2\/types\/product"}],"wp:featuredmedia":[{"embeddable":true,"href":"https:\/\/readymade.se\/core\/wp-json\/wp\/v2\/media\/35862"}],"wp:attachment":[{"href":"https:\/\/readymade.se\/core\/wp-json\/wp\/v2\/media?parent=35815"}],"wp:term":[{"taxonomy":"product_brand","embeddable":true,"href":"https:\/\/readymade.se\/core\/wp-json\/wp\/v2\/product_brand?post=35815"},{"taxonomy":"product_cat","embeddable":true,"href":"https:\/\/readymade.se\/core\/wp-json\/wp\/v2\/product_cat?post=35815"},{"taxonomy":"product_tag","embeddable":true,"href":"https:\/\/readymade.se\/core\/wp-json\/wp\/v2\/product_tag?post=35815"}],"curies":[{"name":"wp","href":"https:\/\/api.w.org\/{rel}","templated":true}]}}