{"id":35656,"date":"2026-03-04T20:08:15","date_gmt":"2026-03-04T19:08:15","guid":{"rendered":"https:\/\/readymade.se\/core\/produkt\/stotdampande-gummiplatta-500-x-500-mm-20-mm-gron-gra-m2\/"},"modified":"2026-03-05T02:00:32","modified_gmt":"2026-03-05T01:00:32","slug":"stotdampande-gummiplatta-500-x-500-mm-20-mm-gron-gra-m2","status":"publish","type":"product","link":"https:\/\/readymade.se\/core\/produkt\/stotdampande-gummiplatta-500-x-500-mm-20-mm-gron-gra-m2\/","title":{"rendered":"St\u00f6td\u00e4mpande gummiplatta 500 x 500 mm 20 mm gr\u00f6n\/gr\u00e5 (m2)"},"content":{"rendered":"<p>Denna st\u00f6td\u00e4mpande gummiplatta i format 500 x 500 mm \u00e4r framtagen f\u00f6r lekplatser, skolg\u00e5rdar och andra offentliga ytor d\u00e4r s\u00e4kerhet och slitstyrka \u00e4r avg\u00f6rande. Plattan har tjocklek 20 mm och f\u00e4rgs\u00e4ttning gr\u00f6n\/gr\u00e5. Materialet best\u00e5r av gummigranulat bundet med polyuretanbindemedel, vilket ger en v\u00e4dert\u00e5lig, halkd\u00e4mpande och ljudreducerande yta. Plattorna kan installeras p\u00e5 asfalt eller betong med lim, alternativt p\u00e5 v\u00e4l packad grund enligt systemets monteringsanvisning. Angiven kritisk fallh\u00f6jd \u00e4r upp till 0,9 m.<\/p>\n","protected":false},"excerpt":{"rendered":"<p>St\u00f6td\u00e4mpande gummiplatta 500 x 500 mm, gr\u00f6n\/gr\u00e5, tjocklek 20 mm f\u00f6r lekplatser och offentliga utemilj\u00f6er.<\/p>\n","protected":false},"featured_media":35655,"template":"","meta":{"site-sidebar-layout":"","site-content-layout":"","ast-site-content-layout":"","site-content-style":"","site-sidebar-style":"","ast-global-header-display":"","ast-banner-title-visibility":"","ast-main-header-display":"","ast-hfb-above-header-display":"","ast-hfb-below-header-display":"","ast-hfb-mobile-header-display":"","site-post-title":"","ast-breadcrumbs-content":"","ast-featured-img":"","footer-sml-layout":"","theme-transparent-header-meta":"","adv-header-id-meta":"","stick-header-meta":"","header-above-stick-meta":"","header-main-stick-meta":"","header-below-stick-meta":"","astra-migrate-meta-layouts":"","ast-page-background-enabled":"default","ast-page-background-meta":{"desktop":{"background-color":"var(--ast-global-color-5)","background-image":"","background-repeat":"repeat","background-position":"center center","background-size":"auto","background-attachment":"scroll","background-type":"","background-media":"","overlay-type":"","overlay-color":"","overlay-opacity":"","overlay-gradient":""},"tablet":{"background-color":"","background-image":"","background-repeat":"repeat","background-position":"center center","background-size":"auto","background-attachment":"scroll","background-type":"","background-media":"","overlay-type":"","overlay-color":"","overlay-opacity":"","overlay-gradient":""},"mobile":{"background-color":"","background-image":"","background-repeat":"repeat","background-position":"center center","background-size":"auto","background-attachment":"scroll","background-type":"","background-media":"","overlay-type":"","overlay-color":"","overlay-opacity":"","overlay-gradient":""}},"ast-content-background-meta":{"desktop":{"background-color":"var(--ast-global-color-4)","background-image":"","background-repeat":"repeat","background-position":"center center","background-size":"auto","background-attachment":"scroll","background-type":"","background-media":"","overlay-type":"","overlay-color":"","overlay-opacity":"","overlay-gradient":""},"tablet":{"background-color":"var(--ast-global-color-4)","background-image":"","background-repeat":"repeat","background-position":"center center","background-size":"auto","background-attachment":"scroll","background-type":"","background-media":"","overlay-type":"","overlay-color":"","overlay-opacity":"","overlay-gradient":""},"mobile":{"background-color":"var(--ast-global-color-4)","background-image":"","background-repeat":"repeat","background-position":"center center","background-size":"auto","background-attachment":"scroll","background-type":"","background-media":"","overlay-type":"","overlay-color":"","overlay-opacity":"","overlay-gradient":""}}},"product_brand":[56],"product_cat":[204],"product_tag":[172],"class_list":{"0":"post-35656","1":"product","2":"type-product","3":"status-publish","4":"has-post-thumbnail","6":"product_brand-tiptiptap","7":"product_cat-rubber-safety-tiles","8":"product_tag-serie-safety-surfaces","9":"desktop-align-center","10":"tablet-align-left","11":"mobile-align-left","13":"first","14":"instock","15":"taxable","16":"shipping-taxable","17":"purchasable","18":"product-type-simple"},"_links":{"self":[{"href":"https:\/\/readymade.se\/core\/wp-json\/wp\/v2\/product\/35656","targetHints":{"allow":["GET"]}}],"collection":[{"href":"https:\/\/readymade.se\/core\/wp-json\/wp\/v2\/product"}],"about":[{"href":"https:\/\/readymade.se\/core\/wp-json\/wp\/v2\/types\/product"}],"wp:featuredmedia":[{"embeddable":true,"href":"https:\/\/readymade.se\/core\/wp-json\/wp\/v2\/media\/35655"}],"wp:attachment":[{"href":"https:\/\/readymade.se\/core\/wp-json\/wp\/v2\/media?parent=35656"}],"wp:term":[{"taxonomy":"product_brand","embeddable":true,"href":"https:\/\/readymade.se\/core\/wp-json\/wp\/v2\/product_brand?post=35656"},{"taxonomy":"product_cat","embeddable":true,"href":"https:\/\/readymade.se\/core\/wp-json\/wp\/v2\/product_cat?post=35656"},{"taxonomy":"product_tag","embeddable":true,"href":"https:\/\/readymade.se\/core\/wp-json\/wp\/v2\/product_tag?post=35656"}],"curies":[{"name":"wp","href":"https:\/\/api.w.org\/{rel}","templated":true}]}}