{"id":35599,"date":"2026-03-04T20:06:54","date_gmt":"2026-03-04T19:06:54","guid":{"rendered":"https:\/\/readymade.se\/core\/produkt\/cykelservicestation-linden-standard\/"},"modified":"2026-03-05T02:00:31","modified_gmt":"2026-03-05T01:00:31","slug":"cykelservicestation-linden-standard","status":"publish","type":"product","link":"https:\/\/readymade.se\/core\/produkt\/cykelservicestation-linden-standard\/","title":{"rendered":"Cykelservicestation Linden standard"},"content":{"rendered":"<p>Cykelservicestation Linden standard \u00e4r avsedd f\u00f6r snabba cykelreparationer i offentliga milj\u00f6er. Stationen levereras med verktygskit som omfattar skruvmejslar, nycklar och d\u00e4ckavtagare. Den har \u00e4ven en station\u00e4r handpump med adapter f\u00f6r alla ventiltyper. Konstruktionen \u00e4r tillverkad av varmf\u00f6rzinkat och pulverlackerat st\u00e5l. Linden standard kan placeras i exempelvis stadsmilj\u00f6, parker och vid cykelleder d\u00e4r man vill erbjuda tillg\u00e5ng till grundl\u00e4ggande serviceutrustning. Stationen ger cyklister m\u00f6jlighet att utf\u00f6ra enklare justeringar och \u00e5tg\u00e4rder direkt p\u00e5 plats. Den tydliga konstruktionen g\u00f6r produkten enkel att anv\u00e4nda i vardagen och ger en l\u00f6sning som fungerar i b\u00e5de mindre och st\u00f6rre projekt. Sammantaget \u00e4r det ett h\u00e5llbart val f\u00f6r l\u00e5ngsiktig anv\u00e4ndning i offentlig utemilj\u00f6.<\/p>\n","protected":false},"excerpt":{"rendered":"<p>Cykelservicestation i pulverlackerat st\u00e5l.<\/p>\n","protected":false},"featured_media":35598,"template":"","meta":{"site-sidebar-layout":"","site-content-layout":"","ast-site-content-layout":"","site-content-style":"","site-sidebar-style":"","ast-global-header-display":"","ast-banner-title-visibility":"","ast-main-header-display":"","ast-hfb-above-header-display":"","ast-hfb-below-header-display":"","ast-hfb-mobile-header-display":"","site-post-title":"","ast-breadcrumbs-content":"","ast-featured-img":"","footer-sml-layout":"","theme-transparent-header-meta":"","adv-header-id-meta":"","stick-header-meta":"","header-above-stick-meta":"","header-main-stick-meta":"","header-below-stick-meta":"","astra-migrate-meta-layouts":"","ast-page-background-enabled":"default","ast-page-background-meta":{"desktop":{"background-color":"var(--ast-global-color-5)","background-image":"","background-repeat":"repeat","background-position":"center center","background-size":"auto","background-attachment":"scroll","background-type":"","background-media":"","overlay-type":"","overlay-color":"","overlay-opacity":"","overlay-gradient":""},"tablet":{"background-color":"","background-image":"","background-repeat":"repeat","background-position":"center center","background-size":"auto","background-attachment":"scroll","background-type":"","background-media":"","overlay-type":"","overlay-color":"","overlay-opacity":"","overlay-gradient":""},"mobile":{"background-color":"","background-image":"","background-repeat":"repeat","background-position":"center center","background-size":"auto","background-attachment":"scroll","background-type":"","background-media":"","overlay-type":"","overlay-color":"","overlay-opacity":"","overlay-gradient":""}},"ast-content-background-meta":{"desktop":{"background-color":"var(--ast-global-color-4)","background-image":"","background-repeat":"repeat","background-position":"center center","background-size":"auto","background-attachment":"scroll","background-type":"","background-media":"","overlay-type":"","overlay-color":"","overlay-opacity":"","overlay-gradient":""},"tablet":{"background-color":"var(--ast-global-color-4)","background-image":"","background-repeat":"repeat","background-position":"center center","background-size":"auto","background-attachment":"scroll","background-type":"","background-media":"","overlay-type":"","overlay-color":"","overlay-opacity":"","overlay-gradient":""},"mobile":{"background-color":"var(--ast-global-color-4)","background-image":"","background-repeat":"repeat","background-position":"center center","background-size":"auto","background-attachment":"scroll","background-type":"","background-media":"","overlay-type":"","overlay-color":"","overlay-opacity":"","overlay-gradient":""}}},"product_brand":[56],"product_cat":[60,39],"product_tag":[155],"class_list":{"0":"post-35599","1":"product","2":"type-product","3":"status-publish","4":"has-post-thumbnail","6":"product_brand-tiptiptap","7":"product_cat-cykelstall","8":"product_cat-gata-park","9":"product_tag-serie-urban-furniture","10":"desktop-align-center","11":"tablet-align-left","12":"mobile-align-left","14":"first","15":"instock","16":"taxable","17":"shipping-taxable","18":"purchasable","19":"product-type-simple"},"_links":{"self":[{"href":"https:\/\/readymade.se\/core\/wp-json\/wp\/v2\/product\/35599","targetHints":{"allow":["GET"]}}],"collection":[{"href":"https:\/\/readymade.se\/core\/wp-json\/wp\/v2\/product"}],"about":[{"href":"https:\/\/readymade.se\/core\/wp-json\/wp\/v2\/types\/product"}],"wp:featuredmedia":[{"embeddable":true,"href":"https:\/\/readymade.se\/core\/wp-json\/wp\/v2\/media\/35598"}],"wp:attachment":[{"href":"https:\/\/readymade.se\/core\/wp-json\/wp\/v2\/media?parent=35599"}],"wp:term":[{"taxonomy":"product_brand","embeddable":true,"href":"https:\/\/readymade.se\/core\/wp-json\/wp\/v2\/product_brand?post=35599"},{"taxonomy":"product_cat","embeddable":true,"href":"https:\/\/readymade.se\/core\/wp-json\/wp\/v2\/product_cat?post=35599"},{"taxonomy":"product_tag","embeddable":true,"href":"https:\/\/readymade.se\/core\/wp-json\/wp\/v2\/product_tag?post=35599"}],"curies":[{"name":"wp","href":"https:\/\/api.w.org\/{rel}","templated":true}]}}