{"id":35559,"date":"2026-03-04T20:05:33","date_gmt":"2026-03-04T19:05:33","guid":{"rendered":"https:\/\/readymade.se\/core\/produkt\/stotdampande-konstgras-45-mm-m2\/"},"modified":"2026-03-05T02:00:26","modified_gmt":"2026-03-05T01:00:26","slug":"stotdampande-konstgras-45-mm-m2","status":"publish","type":"product","link":"https:\/\/readymade.se\/core\/produkt\/stotdampande-konstgras-45-mm-m2\/","title":{"rendered":"St\u00f6td\u00e4mpande konstgr\u00e4s 45 mm (m2)"},"content":{"rendered":"<p>St\u00f6td\u00e4mpande konstgr\u00e4s 45 mm kombinerar ett naturligt uttryck med en s\u00e4ker och funktionell fallskyddsyta f\u00f6r lekplatser, skolg\u00e5rdar och aktivitetsomr\u00e5den. Ytan \u00e4r slitstark, dr\u00e4nerande och utvecklad f\u00f6r att klara varierande v\u00e4derf\u00f6rh\u00e5llanden samt h\u00f6g daglig belastning. Konstgr\u00e4set passar i projekt d\u00e4r man vill ha en gr\u00f6n helhetsk\u00e4nsla utan att tumma p\u00e5 s\u00e4kerhet och drift. Angiven kritisk fallh\u00f6jd \u00e4r upp till 2,1 m beroende p\u00e5 underlag och installation.<\/p>\n","protected":false},"excerpt":{"rendered":"<p>St\u00f6td\u00e4mpande konstgr\u00e4s 45 mm f\u00f6r lek- och aktivitetsytor. Angiven kritisk fallh\u00f6jd upp till 2,1 m.<\/p>\n","protected":false},"featured_media":35558,"template":"","meta":{"site-sidebar-layout":"","site-content-layout":"","ast-site-content-layout":"","site-content-style":"","site-sidebar-style":"","ast-global-header-display":"","ast-banner-title-visibility":"","ast-main-header-display":"","ast-hfb-above-header-display":"","ast-hfb-below-header-display":"","ast-hfb-mobile-header-display":"","site-post-title":"","ast-breadcrumbs-content":"","ast-featured-img":"","footer-sml-layout":"","theme-transparent-header-meta":"","adv-header-id-meta":"","stick-header-meta":"","header-above-stick-meta":"","header-main-stick-meta":"","header-below-stick-meta":"","astra-migrate-meta-layouts":"","ast-page-background-enabled":"default","ast-page-background-meta":{"desktop":{"background-color":"var(--ast-global-color-5)","background-image":"","background-repeat":"repeat","background-position":"center center","background-size":"auto","background-attachment":"scroll","background-type":"","background-media":"","overlay-type":"","overlay-color":"","overlay-opacity":"","overlay-gradient":""},"tablet":{"background-color":"","background-image":"","background-repeat":"repeat","background-position":"center center","background-size":"auto","background-attachment":"scroll","background-type":"","background-media":"","overlay-type":"","overlay-color":"","overlay-opacity":"","overlay-gradient":""},"mobile":{"background-color":"","background-image":"","background-repeat":"repeat","background-position":"center center","background-size":"auto","background-attachment":"scroll","background-type":"","background-media":"","overlay-type":"","overlay-color":"","overlay-opacity":"","overlay-gradient":""}},"ast-content-background-meta":{"desktop":{"background-color":"var(--ast-global-color-4)","background-image":"","background-repeat":"repeat","background-position":"center center","background-size":"auto","background-attachment":"scroll","background-type":"","background-media":"","overlay-type":"","overlay-color":"","overlay-opacity":"","overlay-gradient":""},"tablet":{"background-color":"var(--ast-global-color-4)","background-image":"","background-repeat":"repeat","background-position":"center center","background-size":"auto","background-attachment":"scroll","background-type":"","background-media":"","overlay-type":"","overlay-color":"","overlay-opacity":"","overlay-gradient":""},"mobile":{"background-color":"var(--ast-global-color-4)","background-image":"","background-repeat":"repeat","background-position":"center center","background-size":"auto","background-attachment":"scroll","background-type":"","background-media":"","overlay-type":"","overlay-color":"","overlay-opacity":"","overlay-gradient":""}}},"product_brand":[56],"product_cat":[205],"product_tag":[172],"class_list":{"0":"post-35559","1":"product","2":"type-product","3":"status-publish","4":"has-post-thumbnail","6":"product_brand-tiptiptap","7":"product_cat-artificial-grass-safety-surface","8":"product_tag-serie-safety-surfaces","9":"desktop-align-center","10":"tablet-align-left","11":"mobile-align-left","13":"first","14":"instock","15":"taxable","16":"shipping-taxable","17":"purchasable","18":"product-type-simple"},"_links":{"self":[{"href":"https:\/\/readymade.se\/core\/wp-json\/wp\/v2\/product\/35559","targetHints":{"allow":["GET"]}}],"collection":[{"href":"https:\/\/readymade.se\/core\/wp-json\/wp\/v2\/product"}],"about":[{"href":"https:\/\/readymade.se\/core\/wp-json\/wp\/v2\/types\/product"}],"wp:featuredmedia":[{"embeddable":true,"href":"https:\/\/readymade.se\/core\/wp-json\/wp\/v2\/media\/35558"}],"wp:attachment":[{"href":"https:\/\/readymade.se\/core\/wp-json\/wp\/v2\/media?parent=35559"}],"wp:term":[{"taxonomy":"product_brand","embeddable":true,"href":"https:\/\/readymade.se\/core\/wp-json\/wp\/v2\/product_brand?post=35559"},{"taxonomy":"product_cat","embeddable":true,"href":"https:\/\/readymade.se\/core\/wp-json\/wp\/v2\/product_cat?post=35559"},{"taxonomy":"product_tag","embeddable":true,"href":"https:\/\/readymade.se\/core\/wp-json\/wp\/v2\/product_tag?post=35559"}],"curies":[{"name":"wp","href":"https:\/\/api.w.org\/{rel}","templated":true}]}}