{"id":32487,"date":"2026-03-04T18:44:36","date_gmt":"2026-03-04T17:44:36","guid":{"rendered":"https:\/\/readymade.se\/core\/produkt\/cykelgarage-dalen\/"},"modified":"2026-03-05T01:55:11","modified_gmt":"2026-03-05T00:55:11","slug":"cykelgarage-dalen","status":"publish","type":"product","link":"https:\/\/readymade.se\/core\/produkt\/cykelgarage-dalen\/","title":{"rendered":"Cykelgarage Dalen"},"content":{"rendered":"<p>Cykelgarage Dalen \u00e4r ett cykelskydd med lutande tak, avsett att ge skydd mot regn vid cykelparkering i offentliga milj\u00f6er. Stommen \u00e4r en st\u00e5lkonstruktion med CE-m\u00e4rkning enligt EN1090-1 och \u00e4r varmf\u00f6rzinkad. Taket utf\u00f6rs i ljusgenomsl\u00e4pplig polykarbonat. Garaget kan f\u00e4stas genom gjutning eller f\u00f6rankring i mark. Det finns m\u00f6jlighet att komplettera med extra cykelst\u00e4ll, b\u00e4nkar och andra element f\u00f6r att anpassa anl\u00e4ggningen. Tillbeh\u00f6r som cykelst\u00e4ll och b\u00e4nkar kan k\u00f6pas till och integreras i skyddet vid planering eller senare. Som tillval kan specialutf\u00f6rande best\u00e4llas med varmf\u00f6rzinkning och pulverlack i svart eller gr\u00e5 nyans, mot till\u00e4gg.<\/p>\n","protected":false},"excerpt":{"rendered":"<p>Cykelgarage i st\u00e5l och polykarbonat.<\/p>\n","protected":false},"featured_media":32486,"template":"","meta":{"site-sidebar-layout":"","site-content-layout":"","ast-site-content-layout":"","site-content-style":"","site-sidebar-style":"","ast-global-header-display":"","ast-banner-title-visibility":"","ast-main-header-display":"","ast-hfb-above-header-display":"","ast-hfb-below-header-display":"","ast-hfb-mobile-header-display":"","site-post-title":"","ast-breadcrumbs-content":"","ast-featured-img":"","footer-sml-layout":"","theme-transparent-header-meta":"","adv-header-id-meta":"","stick-header-meta":"","header-above-stick-meta":"","header-main-stick-meta":"","header-below-stick-meta":"","astra-migrate-meta-layouts":"","ast-page-background-enabled":"default","ast-page-background-meta":{"desktop":{"background-color":"var(--ast-global-color-5)","background-image":"","background-repeat":"repeat","background-position":"center center","background-size":"auto","background-attachment":"scroll","background-type":"","background-media":"","overlay-type":"","overlay-color":"","overlay-opacity":"","overlay-gradient":""},"tablet":{"background-color":"","background-image":"","background-repeat":"repeat","background-position":"center center","background-size":"auto","background-attachment":"scroll","background-type":"","background-media":"","overlay-type":"","overlay-color":"","overlay-opacity":"","overlay-gradient":""},"mobile":{"background-color":"","background-image":"","background-repeat":"repeat","background-position":"center center","background-size":"auto","background-attachment":"scroll","background-type":"","background-media":"","overlay-type":"","overlay-color":"","overlay-opacity":"","overlay-gradient":""}},"ast-content-background-meta":{"desktop":{"background-color":"var(--ast-global-color-4)","background-image":"","background-repeat":"repeat","background-position":"center center","background-size":"auto","background-attachment":"scroll","background-type":"","background-media":"","overlay-type":"","overlay-color":"","overlay-opacity":"","overlay-gradient":""},"tablet":{"background-color":"var(--ast-global-color-4)","background-image":"","background-repeat":"repeat","background-position":"center center","background-size":"auto","background-attachment":"scroll","background-type":"","background-media":"","overlay-type":"","overlay-color":"","overlay-opacity":"","overlay-gradient":""},"mobile":{"background-color":"var(--ast-global-color-4)","background-image":"","background-repeat":"repeat","background-position":"center center","background-size":"auto","background-attachment":"scroll","background-type":"","background-media":"","overlay-type":"","overlay-color":"","overlay-opacity":"","overlay-gradient":""}}},"product_brand":[],"product_cat":[60,61,39],"product_tag":[155],"class_list":{"0":"post-32487","1":"product","2":"type-product","3":"status-publish","4":"has-post-thumbnail","6":"product_cat-cykelstall","7":"product_cat-forrad","8":"product_cat-gata-park","9":"product_tag-serie-urban-furniture","10":"desktop-align-center","11":"tablet-align-left","12":"mobile-align-left","14":"first","15":"instock","16":"taxable","17":"shipping-taxable","18":"purchasable","19":"product-type-simple"},"_links":{"self":[{"href":"https:\/\/readymade.se\/core\/wp-json\/wp\/v2\/product\/32487","targetHints":{"allow":["GET"]}}],"collection":[{"href":"https:\/\/readymade.se\/core\/wp-json\/wp\/v2\/product"}],"about":[{"href":"https:\/\/readymade.se\/core\/wp-json\/wp\/v2\/types\/product"}],"wp:featuredmedia":[{"embeddable":true,"href":"https:\/\/readymade.se\/core\/wp-json\/wp\/v2\/media\/32486"}],"wp:attachment":[{"href":"https:\/\/readymade.se\/core\/wp-json\/wp\/v2\/media?parent=32487"}],"wp:term":[{"taxonomy":"product_brand","embeddable":true,"href":"https:\/\/readymade.se\/core\/wp-json\/wp\/v2\/product_brand?post=32487"},{"taxonomy":"product_cat","embeddable":true,"href":"https:\/\/readymade.se\/core\/wp-json\/wp\/v2\/product_cat?post=32487"},{"taxonomy":"product_tag","embeddable":true,"href":"https:\/\/readymade.se\/core\/wp-json\/wp\/v2\/product_tag?post=32487"}],"curies":[{"name":"wp","href":"https:\/\/api.w.org\/{rel}","templated":true}]}}