{"id":32483,"date":"2026-03-04T18:44:35","date_gmt":"2026-03-04T17:44:35","guid":{"rendered":"https:\/\/readymade.se\/core\/produkt\/cykelgarage-ceder-10\/"},"modified":"2026-03-05T01:55:11","modified_gmt":"2026-03-05T00:55:11","slug":"cykelgarage-ceder-10","status":"publish","type":"product","link":"https:\/\/readymade.se\/core\/produkt\/cykelgarage-ceder-10\/","title":{"rendered":"Cykelgarage Ceder 10"},"content":{"rendered":"<p>Cykelgarage Ceder 10 \u00e4r ett cykelskydd med lutande tak f\u00f6r f\u00f6rvaring av upp till 10 cyklar. Garaget \u00e4r \u00f6ppet fr\u00e5n tv\u00e5 sidor med plats f\u00f6r upp till 5 cyklar per sida, vilket g\u00f6r det l\u00e4mpligt i offentliga milj\u00f6er. Stommen \u00e4r en st\u00e5lkonstruktion med CE-m\u00e4rkning enligt EN1090-1 och ytan \u00e4r varmf\u00f6rzinkad. Taket \u00e4r i ljusgenomsl\u00e4pplig polykarbonat. Monteras genom gjutning eller f\u00f6rankring i mark. F\u00f6rvaringen sker under tak med fri \u00e5tkomst fr\u00e5n tv\u00e5 h\u00e5ll, vilket underl\u00e4ttar placering och uttag av cyklar. Som tillval kan specialutf\u00f6rande best\u00e4llas med varmf\u00f6rzinkning och pulverlack i svart eller gr\u00e5 nyans, mot till\u00e4gg.<\/p>\n","protected":false},"excerpt":{"rendered":"<p>Cykelgarage med plats f\u00f6r 10 cyklar i st\u00e5l och polykarbonat.<\/p>\n","protected":false},"featured_media":32482,"template":"","meta":{"site-sidebar-layout":"","site-content-layout":"","ast-site-content-layout":"","site-content-style":"","site-sidebar-style":"","ast-global-header-display":"","ast-banner-title-visibility":"","ast-main-header-display":"","ast-hfb-above-header-display":"","ast-hfb-below-header-display":"","ast-hfb-mobile-header-display":"","site-post-title":"","ast-breadcrumbs-content":"","ast-featured-img":"","footer-sml-layout":"","theme-transparent-header-meta":"","adv-header-id-meta":"","stick-header-meta":"","header-above-stick-meta":"","header-main-stick-meta":"","header-below-stick-meta":"","astra-migrate-meta-layouts":"","ast-page-background-enabled":"default","ast-page-background-meta":{"desktop":{"background-color":"var(--ast-global-color-5)","background-image":"","background-repeat":"repeat","background-position":"center center","background-size":"auto","background-attachment":"scroll","background-type":"","background-media":"","overlay-type":"","overlay-color":"","overlay-opacity":"","overlay-gradient":""},"tablet":{"background-color":"","background-image":"","background-repeat":"repeat","background-position":"center center","background-size":"auto","background-attachment":"scroll","background-type":"","background-media":"","overlay-type":"","overlay-color":"","overlay-opacity":"","overlay-gradient":""},"mobile":{"background-color":"","background-image":"","background-repeat":"repeat","background-position":"center center","background-size":"auto","background-attachment":"scroll","background-type":"","background-media":"","overlay-type":"","overlay-color":"","overlay-opacity":"","overlay-gradient":""}},"ast-content-background-meta":{"desktop":{"background-color":"var(--ast-global-color-4)","background-image":"","background-repeat":"repeat","background-position":"center center","background-size":"auto","background-attachment":"scroll","background-type":"","background-media":"","overlay-type":"","overlay-color":"","overlay-opacity":"","overlay-gradient":""},"tablet":{"background-color":"var(--ast-global-color-4)","background-image":"","background-repeat":"repeat","background-position":"center center","background-size":"auto","background-attachment":"scroll","background-type":"","background-media":"","overlay-type":"","overlay-color":"","overlay-opacity":"","overlay-gradient":""},"mobile":{"background-color":"var(--ast-global-color-4)","background-image":"","background-repeat":"repeat","background-position":"center center","background-size":"auto","background-attachment":"scroll","background-type":"","background-media":"","overlay-type":"","overlay-color":"","overlay-opacity":"","overlay-gradient":""}}},"product_brand":[],"product_cat":[60,61,39],"product_tag":[155],"class_list":{"0":"post-32483","1":"product","2":"type-product","3":"status-publish","4":"has-post-thumbnail","6":"product_cat-cykelstall","7":"product_cat-forrad","8":"product_cat-gata-park","9":"product_tag-serie-urban-furniture","10":"desktop-align-center","11":"tablet-align-left","12":"mobile-align-left","14":"first","15":"instock","16":"taxable","17":"shipping-taxable","18":"purchasable","19":"product-type-simple"},"_links":{"self":[{"href":"https:\/\/readymade.se\/core\/wp-json\/wp\/v2\/product\/32483","targetHints":{"allow":["GET"]}}],"collection":[{"href":"https:\/\/readymade.se\/core\/wp-json\/wp\/v2\/product"}],"about":[{"href":"https:\/\/readymade.se\/core\/wp-json\/wp\/v2\/types\/product"}],"wp:featuredmedia":[{"embeddable":true,"href":"https:\/\/readymade.se\/core\/wp-json\/wp\/v2\/media\/32482"}],"wp:attachment":[{"href":"https:\/\/readymade.se\/core\/wp-json\/wp\/v2\/media?parent=32483"}],"wp:term":[{"taxonomy":"product_brand","embeddable":true,"href":"https:\/\/readymade.se\/core\/wp-json\/wp\/v2\/product_brand?post=32483"},{"taxonomy":"product_cat","embeddable":true,"href":"https:\/\/readymade.se\/core\/wp-json\/wp\/v2\/product_cat?post=32483"},{"taxonomy":"product_tag","embeddable":true,"href":"https:\/\/readymade.se\/core\/wp-json\/wp\/v2\/product_tag?post=32483"}],"curies":[{"name":"wp","href":"https:\/\/api.w.org\/{rel}","templated":true}]}}