{"id":31958,"date":"2026-03-04T18:33:48","date_gmt":"2026-03-04T17:33:48","guid":{"rendered":"https:\/\/readymade.se\/core\/?post_type=product&#038;p=31958"},"modified":"2026-03-05T01:54:27","modified_gmt":"2026-03-05T00:54:27","slug":"temalek-aktivitetsvaggar-courier-play-djur-cockpit","status":"publish","type":"product","link":"https:\/\/readymade.se\/core\/produkt\/temalek-aktivitetsvaggar-courier-play-djur-cockpit\/","title":{"rendered":"Temalek Aktivitetsv\u00e4ggar Courier Play, Djur, Cockpit"},"content":{"rendered":"<p>Aktivitetsv\u00e4ggarna Courier Play, Animals och Cockpit \u00e4r pedagogiska lekpaneler som erbjuder barn en m\u00e4ngd engagerande och utvecklande aktiviteter. Varje v\u00e4gg \u00e4r utformad f\u00f6r att stimulera kreativitet, nyfikenhet och inl\u00e4rning genom interaktiv lek.<\/p>\n<p>Cockpit-v\u00e4ggen inneh\u00e5ller r\u00f6rliga spakar och roterande hjul som l\u00e5ter barn k\u00e4nna sig som piloter, bilf\u00f6rare eller lokf\u00f6rare. Animals-v\u00e4ggen hj\u00e4lper barn att identifiera 12 olika djur, deras sp\u00e5r och f\u00f6redragna f\u00f6da genom matchning av bilder p\u00e5 roterande kuber.<\/p>\n<p>Courier Play-v\u00e4ggen utvecklar finmotorik och koordination genom ett spel d\u00e4r barn k\u00f6r en lastbil mellan tv\u00e5 lagerbyggnader. Samtliga v\u00e4ggar \u00e4r l\u00e4mpliga f\u00f6r barn med s\u00e4rskilda behov och passar utm\u00e4rkt i inkluderande lek- och l\u00e4rmilj\u00f6er.<\/p>\n","protected":false},"excerpt":{"rendered":"<p>Pedagogiska aktivitetsv\u00e4ggar som tr\u00e4nar finmotorik, igenk\u00e4nning och rollspel. Anpassade f\u00f6r inkluderande lek och barn med olika behov.<\/p>\n","protected":false},"featured_media":31994,"template":"","meta":{"site-sidebar-layout":"","site-content-layout":"","ast-site-content-layout":"","site-content-style":"","site-sidebar-style":"","ast-global-header-display":"","ast-banner-title-visibility":"","ast-main-header-display":"","ast-hfb-above-header-display":"","ast-hfb-below-header-display":"","ast-hfb-mobile-header-display":"","site-post-title":"","ast-breadcrumbs-content":"","ast-featured-img":"","footer-sml-layout":"","theme-transparent-header-meta":"","adv-header-id-meta":"","stick-header-meta":"","header-above-stick-meta":"","header-main-stick-meta":"","header-below-stick-meta":"","astra-migrate-meta-layouts":"","ast-page-background-enabled":"default","ast-page-background-meta":{"desktop":{"background-color":"var(--ast-global-color-5)","background-image":"","background-repeat":"repeat","background-position":"center center","background-size":"auto","background-attachment":"scroll","background-type":"","background-media":"","overlay-type":"","overlay-color":"","overlay-opacity":"","overlay-gradient":""},"tablet":{"background-color":"","background-image":"","background-repeat":"repeat","background-position":"center center","background-size":"auto","background-attachment":"scroll","background-type":"","background-media":"","overlay-type":"","overlay-color":"","overlay-opacity":"","overlay-gradient":""},"mobile":{"background-color":"","background-image":"","background-repeat":"repeat","background-position":"center center","background-size":"auto","background-attachment":"scroll","background-type":"","background-media":"","overlay-type":"","overlay-color":"","overlay-opacity":"","overlay-gradient":""}},"ast-content-background-meta":{"desktop":{"background-color":"var(--ast-global-color-4)","background-image":"","background-repeat":"repeat","background-position":"center center","background-size":"auto","background-attachment":"scroll","background-type":"","background-media":"","overlay-type":"","overlay-color":"","overlay-opacity":"","overlay-gradient":""},"tablet":{"background-color":"var(--ast-global-color-4)","background-image":"","background-repeat":"repeat","background-position":"center center","background-size":"auto","background-attachment":"scroll","background-type":"","background-media":"","overlay-type":"","overlay-color":"","overlay-opacity":"","overlay-gradient":""},"mobile":{"background-color":"var(--ast-global-color-4)","background-image":"","background-repeat":"repeat","background-position":"center center","background-size":"auto","background-attachment":"scroll","background-type":"","background-media":"","overlay-type":"","overlay-color":"","overlay-opacity":"","overlay-gradient":""}}},"product_brand":[56],"product_cat":[134],"product_tag":[153],"class_list":{"0":"post-31958","1":"product","2":"type-product","3":"status-publish","4":"has-post-thumbnail","6":"product_brand-tiptiptap","7":"product_cat-temalek","8":"product_tag-serie-standard","9":"desktop-align-center","10":"tablet-align-left","11":"mobile-align-left","13":"first","14":"instock","15":"taxable","16":"shipping-taxable","17":"purchasable","18":"product-type-variable","19":"has-default-attributes"},"_links":{"self":[{"href":"https:\/\/readymade.se\/core\/wp-json\/wp\/v2\/product\/31958","targetHints":{"allow":["GET"]}}],"collection":[{"href":"https:\/\/readymade.se\/core\/wp-json\/wp\/v2\/product"}],"about":[{"href":"https:\/\/readymade.se\/core\/wp-json\/wp\/v2\/types\/product"}],"wp:featuredmedia":[{"embeddable":true,"href":"https:\/\/readymade.se\/core\/wp-json\/wp\/v2\/media\/31994"}],"wp:attachment":[{"href":"https:\/\/readymade.se\/core\/wp-json\/wp\/v2\/media?parent=31958"}],"wp:term":[{"taxonomy":"product_brand","embeddable":true,"href":"https:\/\/readymade.se\/core\/wp-json\/wp\/v2\/product_brand?post=31958"},{"taxonomy":"product_cat","embeddable":true,"href":"https:\/\/readymade.se\/core\/wp-json\/wp\/v2\/product_cat?post=31958"},{"taxonomy":"product_tag","embeddable":true,"href":"https:\/\/readymade.se\/core\/wp-json\/wp\/v2\/product_tag?post=31958"}],"curies":[{"name":"wp","href":"https:\/\/api.w.org\/{rel}","templated":true}]}}