{"id":31908,"date":"2026-03-04T18:33:01","date_gmt":"2026-03-04T17:33:01","guid":{"rendered":"https:\/\/readymade.se\/core\/?post_type=product&#038;p=31908"},"modified":"2026-03-05T01:54:23","modified_gmt":"2026-03-05T00:54:23","slug":"balans-motorik-balansspar","status":"publish","type":"product","link":"https:\/\/readymade.se\/core\/produkt\/balans-motorik-balansspar\/","title":{"rendered":"Balans &#038; motorik Balanssp\u00e5r"},"content":{"rendered":"<p>Balansbanan \u00e4r ett utm\u00e4rkt lekelement som utvecklar barns balans, koordination och fysiska smidighet. Barn kan r\u00f6ra sig l\u00e4ngs sp\u00e5r med olika sv\u00e5righetsgrader, vilket erbjuder sp\u00e4nning och utmaning vid varje steg. Balansbanor \u00e4r idealiska f\u00f6r lekplatser som syftar till att tillhandah\u00e5lla olika fysiska aktiviteter, som hj\u00e4lper till att f\u00f6rb\u00e4ttra barns fysiska f\u00f6rm\u00e5gor och \u00f6ka deras sj\u00e4lvf\u00f6rtroende.<\/p>\n","protected":false},"excerpt":{"rendered":"<p>Balansbanan \u00e4r ett utm\u00e4rkt lekelement som utvecklar barns balans, koordination och fysiska smidighet. Barn kan r\u00f6ra sig l\u00e4ngs sp\u00e5r med olika sv\u00e5righetsgrader, vilket erbjuder sp\u00e4nning och utmaning vid varje steg. Balansbanor \u00e4r idealiska f\u00f6r lekplatser som syftar till att tillhandah\u00e5lla olika fysiska aktiviteter, som hj\u00e4lper till att f\u00f6rb\u00e4ttra barns fysiska f\u00f6rm\u00e5gor och \u00f6ka deras sj\u00e4lvf\u00f6rtroende.<\/p>\n","protected":false},"featured_media":31988,"template":"","meta":{"site-sidebar-layout":"","site-content-layout":"","ast-site-content-layout":"","site-content-style":"","site-sidebar-style":"","ast-global-header-display":"","ast-banner-title-visibility":"","ast-main-header-display":"","ast-hfb-above-header-display":"","ast-hfb-below-header-display":"","ast-hfb-mobile-header-display":"","site-post-title":"","ast-breadcrumbs-content":"","ast-featured-img":"","footer-sml-layout":"","theme-transparent-header-meta":"","adv-header-id-meta":"","stick-header-meta":"","header-above-stick-meta":"","header-main-stick-meta":"","header-below-stick-meta":"","astra-migrate-meta-layouts":"","ast-page-background-enabled":"default","ast-page-background-meta":{"desktop":{"background-color":"var(--ast-global-color-5)","background-image":"","background-repeat":"repeat","background-position":"center center","background-size":"auto","background-attachment":"scroll","background-type":"","background-media":"","overlay-type":"","overlay-color":"","overlay-opacity":"","overlay-gradient":""},"tablet":{"background-color":"","background-image":"","background-repeat":"repeat","background-position":"center center","background-size":"auto","background-attachment":"scroll","background-type":"","background-media":"","overlay-type":"","overlay-color":"","overlay-opacity":"","overlay-gradient":""},"mobile":{"background-color":"","background-image":"","background-repeat":"repeat","background-position":"center center","background-size":"auto","background-attachment":"scroll","background-type":"","background-media":"","overlay-type":"","overlay-color":"","overlay-opacity":"","overlay-gradient":""}},"ast-content-background-meta":{"desktop":{"background-color":"var(--ast-global-color-4)","background-image":"","background-repeat":"repeat","background-position":"center center","background-size":"auto","background-attachment":"scroll","background-type":"","background-media":"","overlay-type":"","overlay-color":"","overlay-opacity":"","overlay-gradient":""},"tablet":{"background-color":"var(--ast-global-color-4)","background-image":"","background-repeat":"repeat","background-position":"center center","background-size":"auto","background-attachment":"scroll","background-type":"","background-media":"","overlay-type":"","overlay-color":"","overlay-opacity":"","overlay-gradient":""},"mobile":{"background-color":"var(--ast-global-color-4)","background-image":"","background-repeat":"repeat","background-position":"center center","background-size":"auto","background-attachment":"scroll","background-type":"","background-media":"","overlay-type":"","overlay-color":"","overlay-opacity":"","overlay-gradient":""}}},"product_brand":[56],"product_cat":[133],"product_tag":[153],"class_list":{"0":"post-31908","1":"product","2":"type-product","3":"status-publish","4":"has-post-thumbnail","6":"product_brand-tiptiptap","7":"product_cat-balans-motorik","8":"product_tag-serie-standard","9":"desktop-align-center","10":"tablet-align-left","11":"mobile-align-left","13":"first","14":"instock","15":"taxable","16":"shipping-taxable","17":"purchasable","18":"product-type-variable","19":"has-default-attributes"},"_links":{"self":[{"href":"https:\/\/readymade.se\/core\/wp-json\/wp\/v2\/product\/31908","targetHints":{"allow":["GET"]}}],"collection":[{"href":"https:\/\/readymade.se\/core\/wp-json\/wp\/v2\/product"}],"about":[{"href":"https:\/\/readymade.se\/core\/wp-json\/wp\/v2\/types\/product"}],"wp:featuredmedia":[{"embeddable":true,"href":"https:\/\/readymade.se\/core\/wp-json\/wp\/v2\/media\/31988"}],"wp:attachment":[{"href":"https:\/\/readymade.se\/core\/wp-json\/wp\/v2\/media?parent=31908"}],"wp:term":[{"taxonomy":"product_brand","embeddable":true,"href":"https:\/\/readymade.se\/core\/wp-json\/wp\/v2\/product_brand?post=31908"},{"taxonomy":"product_cat","embeddable":true,"href":"https:\/\/readymade.se\/core\/wp-json\/wp\/v2\/product_cat?post=31908"},{"taxonomy":"product_tag","embeddable":true,"href":"https:\/\/readymade.se\/core\/wp-json\/wp\/v2\/product_tag?post=31908"}],"curies":[{"name":"wp","href":"https:\/\/api.w.org\/{rel}","templated":true}]}}