{"id":31718,"date":"2026-03-04T18:29:44","date_gmt":"2026-03-04T17:29:44","guid":{"rendered":"https:\/\/readymade.se\/core\/?post_type=product&#038;p=31718"},"modified":"2026-03-05T01:53:53","modified_gmt":"2026-03-05T00:53:53","slug":"repstangsel-10-m","status":"publish","type":"product","link":"https:\/\/readymade.se\/core\/produkt\/repstangsel-10-m\/","title":{"rendered":"Repst\u00e4ngsel 1,0 m"},"content":{"rendered":"<p>Repst\u00e4ngsel 1,0 m \u00e4r en enkel modul f\u00f6r visuell avgr\u00e4nsning av g\u00e5ngstr\u00e5k, ytor och k\u00f6linjer i offentlig milj\u00f6. Modulen best\u00e5r av tv\u00e5 metallstolpar och tv\u00e5 rep som tillsammans skapar en tydlig men l\u00e4tt avgr\u00e4nsning. L\u00f6sningen passar d\u00e4r man vill styra fl\u00f6den eller markera zoner utan att anv\u00e4nda t\u00e4ta staket. Den \u00f6ppna utformningen g\u00f6r att sikten beh\u00e5lls samtidigt som anv\u00e4ndarna f\u00e5r en klar v\u00e4gledning i rummet. Repst\u00e4ngsel \u00e4r ett bra val f\u00f6r tillf\u00e4lliga eller permanenta avgr\u00e4nsningar med fokus p\u00e5 enkel installation och tydlig funktion. Produkten \u00e4r anpassad f\u00f6r daglig anv\u00e4ndning i utemilj\u00f6 och ger stabil funktion \u00f6ver tid.<\/p>\n","protected":false},"excerpt":{"rendered":"<p>Repst\u00e4ngsel 1,0 m med tv\u00e5 metallstolpar och tv\u00e5 rep f\u00f6r enkel och tydlig avgr\u00e4nsning.<\/p>\n","protected":false},"featured_media":31758,"template":"","meta":{"site-sidebar-layout":"default","site-content-layout":"","ast-site-content-layout":"default","site-content-style":"default","site-sidebar-style":"default","ast-global-header-display":"","ast-banner-title-visibility":"","ast-main-header-display":"","ast-hfb-above-header-display":"","ast-hfb-below-header-display":"","ast-hfb-mobile-header-display":"","site-post-title":"","ast-breadcrumbs-content":"","ast-featured-img":"","footer-sml-layout":"","theme-transparent-header-meta":"default","adv-header-id-meta":"","stick-header-meta":"","header-above-stick-meta":"","header-main-stick-meta":"","header-below-stick-meta":"","astra-migrate-meta-layouts":"set","ast-page-background-enabled":"default","ast-page-background-meta":{"desktop":{"background-color":"var(--ast-global-color-5)","background-image":"","background-repeat":"repeat","background-position":"center center","background-size":"auto","background-attachment":"scroll","background-type":"","background-media":"","overlay-type":"","overlay-color":"","overlay-opacity":"","overlay-gradient":""},"tablet":{"background-color":"","background-image":"","background-repeat":"repeat","background-position":"center center","background-size":"auto","background-attachment":"scroll","background-type":"","background-media":"","overlay-type":"","overlay-color":"","overlay-opacity":"","overlay-gradient":""},"mobile":{"background-color":"","background-image":"","background-repeat":"repeat","background-position":"center center","background-size":"auto","background-attachment":"scroll","background-type":"","background-media":"","overlay-type":"","overlay-color":"","overlay-opacity":"","overlay-gradient":""}},"ast-content-background-meta":{"desktop":{"background-color":"var(--ast-global-color-4)","background-image":"","background-repeat":"repeat","background-position":"center center","background-size":"auto","background-attachment":"scroll","background-type":"","background-media":"","overlay-type":"","overlay-color":"","overlay-opacity":"","overlay-gradient":""},"tablet":{"background-color":"var(--ast-global-color-4)","background-image":"","background-repeat":"repeat","background-position":"center center","background-size":"auto","background-attachment":"scroll","background-type":"","background-media":"","overlay-type":"","overlay-color":"","overlay-opacity":"","overlay-gradient":""},"mobile":{"background-color":"var(--ast-global-color-4)","background-image":"","background-repeat":"repeat","background-position":"center center","background-size":"auto","background-attachment":"scroll","background-type":"","background-media":"","overlay-type":"","overlay-color":"","overlay-opacity":"","overlay-gradient":""}}},"product_brand":[56],"product_cat":[39,67],"product_tag":[141,214,155],"class_list":{"0":"post-31718","1":"product","2":"type-product","3":"status-publish","4":"has-post-thumbnail","6":"product_brand-tiptiptap","7":"product_cat-gata-park","8":"product_cat-staket","9":"product_tag-core-gata-park","10":"product_tag-inte-frilagd","11":"product_tag-serie-urban-furniture","12":"desktop-align-center","13":"tablet-align-left","14":"mobile-align-left","16":"first","17":"instock","18":"taxable","19":"shipping-taxable","20":"purchasable","21":"product-type-simple"},"_links":{"self":[{"href":"https:\/\/readymade.se\/core\/wp-json\/wp\/v2\/product\/31718","targetHints":{"allow":["GET"]}}],"collection":[{"href":"https:\/\/readymade.se\/core\/wp-json\/wp\/v2\/product"}],"about":[{"href":"https:\/\/readymade.se\/core\/wp-json\/wp\/v2\/types\/product"}],"wp:featuredmedia":[{"embeddable":true,"href":"https:\/\/readymade.se\/core\/wp-json\/wp\/v2\/media\/31758"}],"wp:attachment":[{"href":"https:\/\/readymade.se\/core\/wp-json\/wp\/v2\/media?parent=31718"}],"wp:term":[{"taxonomy":"product_brand","embeddable":true,"href":"https:\/\/readymade.se\/core\/wp-json\/wp\/v2\/product_brand?post=31718"},{"taxonomy":"product_cat","embeddable":true,"href":"https:\/\/readymade.se\/core\/wp-json\/wp\/v2\/product_cat?post=31718"},{"taxonomy":"product_tag","embeddable":true,"href":"https:\/\/readymade.se\/core\/wp-json\/wp\/v2\/product_tag?post=31718"}],"curies":[{"name":"wp","href":"https:\/\/api.w.org\/{rel}","templated":true}]}}