{"id":31641,"date":"2026-03-04T18:28:55","date_gmt":"2026-03-04T17:28:55","guid":{"rendered":"https:\/\/readymade.se\/core\/?post_type=product&#038;p=31641"},"modified":"2026-03-05T01:53:55","modified_gmt":"2026-03-05T00:53:55","slug":"vattenlek-damm-vattenlek","status":"publish","type":"product","link":"https:\/\/readymade.se\/core\/produkt\/vattenlek-damm-vattenlek\/","title":{"rendered":"Vattenlek Damm Vattenlek"},"content":{"rendered":"<p>Multifunktionellt sand- och vattenlekkomplex f\u00f6r sm\u00e5barn. Utrustat med vattenpump d\u00e4r vattenfl\u00f6det styrs via ett hjul, tv\u00e5 gummihinkar p\u00e5 kedjor samt en b\u00f6jd bass\u00e4ng p\u00e5 ben med bottenplugg f\u00f6r att h\u00e5lla kvar vatten. Komplexet inneh\u00e5ller \u00e4ven tv\u00e5 stora fyrkantiga vattentunnor, ett sand- och vattenlekbord med n\u00e4ckrosor och fiskdekoration, tre lutande lotusbladformade bord med h\u00e5l f\u00f6r sand- och vattenfl\u00f6de, en groddekoration med tre vattenr\u00f6r, tv\u00e5 lutande bord med sp\u00e5r f\u00f6r vatten samt en ankunge med vattenhjul som snurrar vid vattenfl\u00f6de.<\/p>\n","protected":false},"excerpt":{"rendered":"<p>Avancerat vatten- och sandlekkomplex som l\u00e5ter barn utforska vattenfl\u00f6den, r\u00f6relse och samspel. Skapar l\u00e5ngvarig och varierad lek.<\/p>\n","protected":false},"featured_media":31778,"template":"","meta":{"site-sidebar-layout":"default","site-content-layout":"","ast-site-content-layout":"default","site-content-style":"default","site-sidebar-style":"default","ast-global-header-display":"","ast-banner-title-visibility":"","ast-main-header-display":"","ast-hfb-above-header-display":"","ast-hfb-below-header-display":"","ast-hfb-mobile-header-display":"","site-post-title":"","ast-breadcrumbs-content":"","ast-featured-img":"","footer-sml-layout":"","theme-transparent-header-meta":"default","adv-header-id-meta":"","stick-header-meta":"","header-above-stick-meta":"","header-main-stick-meta":"","header-below-stick-meta":"","astra-migrate-meta-layouts":"set","ast-page-background-enabled":"default","ast-page-background-meta":{"desktop":{"background-color":"var(--ast-global-color-5)","background-image":"","background-repeat":"repeat","background-position":"center center","background-size":"auto","background-attachment":"scroll","background-type":"","background-media":"","overlay-type":"","overlay-color":"","overlay-opacity":"","overlay-gradient":""},"tablet":{"background-color":"","background-image":"","background-repeat":"repeat","background-position":"center center","background-size":"auto","background-attachment":"scroll","background-type":"","background-media":"","overlay-type":"","overlay-color":"","overlay-opacity":"","overlay-gradient":""},"mobile":{"background-color":"","background-image":"","background-repeat":"repeat","background-position":"center center","background-size":"auto","background-attachment":"scroll","background-type":"","background-media":"","overlay-type":"","overlay-color":"","overlay-opacity":"","overlay-gradient":""}},"ast-content-background-meta":{"desktop":{"background-color":"var(--ast-global-color-4)","background-image":"","background-repeat":"repeat","background-position":"center center","background-size":"auto","background-attachment":"scroll","background-type":"","background-media":"","overlay-type":"","overlay-color":"","overlay-opacity":"","overlay-gradient":""},"tablet":{"background-color":"var(--ast-global-color-4)","background-image":"","background-repeat":"repeat","background-position":"center center","background-size":"auto","background-attachment":"scroll","background-type":"","background-media":"","overlay-type":"","overlay-color":"","overlay-opacity":"","overlay-gradient":""},"mobile":{"background-color":"var(--ast-global-color-4)","background-image":"","background-repeat":"repeat","background-position":"center center","background-size":"auto","background-attachment":"scroll","background-type":"","background-media":"","overlay-type":"","overlay-color":"","overlay-opacity":"","overlay-gradient":""}}},"product_brand":[56],"product_cat":[124,179],"product_tag":[153],"class_list":{"0":"post-31641","1":"product","2":"type-product","3":"status-publish","4":"has-post-thumbnail","6":"product_brand-tiptiptap","7":"product_cat-sand-vattenlek","8":"product_cat-vattenlek-sand-vattenlek","9":"product_tag-serie-standard","10":"desktop-align-center","11":"tablet-align-left","12":"mobile-align-left","14":"first","15":"instock","16":"taxable","17":"shipping-taxable","18":"purchasable","19":"product-type-variable"},"_links":{"self":[{"href":"https:\/\/readymade.se\/core\/wp-json\/wp\/v2\/product\/31641","targetHints":{"allow":["GET"]}}],"collection":[{"href":"https:\/\/readymade.se\/core\/wp-json\/wp\/v2\/product"}],"about":[{"href":"https:\/\/readymade.se\/core\/wp-json\/wp\/v2\/types\/product"}],"wp:featuredmedia":[{"embeddable":true,"href":"https:\/\/readymade.se\/core\/wp-json\/wp\/v2\/media\/31778"}],"wp:attachment":[{"href":"https:\/\/readymade.se\/core\/wp-json\/wp\/v2\/media?parent=31641"}],"wp:term":[{"taxonomy":"product_brand","embeddable":true,"href":"https:\/\/readymade.se\/core\/wp-json\/wp\/v2\/product_brand?post=31641"},{"taxonomy":"product_cat","embeddable":true,"href":"https:\/\/readymade.se\/core\/wp-json\/wp\/v2\/product_cat?post=31641"},{"taxonomy":"product_tag","embeddable":true,"href":"https:\/\/readymade.se\/core\/wp-json\/wp\/v2\/product_tag?post=31641"}],"curies":[{"name":"wp","href":"https:\/\/api.w.org\/{rel}","templated":true}]}}