{"id":31640,"date":"2026-03-04T18:28:55","date_gmt":"2026-03-04T17:28:55","guid":{"rendered":"https:\/\/readymade.se\/core\/?post_type=product&#038;p=31640"},"modified":"2026-03-05T01:53:55","modified_gmt":"2026-03-05T00:53:55","slug":"temalek-mekanikarverkstad","status":"publish","type":"product","link":"https:\/\/readymade.se\/core\/produkt\/temalek-mekanikarverkstad\/","title":{"rendered":"Temalek Mekanikarverkstad"},"content":{"rendered":"<p>Mekanikarverkstaden inneh\u00e5ller allt en liten mekaniker kan beh\u00f6va f\u00f6r att utforska teknik, r\u00f6relse och probleml\u00f6sning genom lek. Produkten \u00e4r rik p\u00e5 interaktiva aktivitetspaneler och detaljer som tr\u00e4nar b\u00e5de motoriska och kognitiva f\u00e4rdigheter.<\/p>\n<p>Lekutrustningen omfattar bland annat: en ratt, tv\u00e5 roterande v\u00e4xlar, tv\u00e5 stora kugghjul samt ett roterande trafikljus med g\u00e5- och stopp-symboler. H\u00e4r finns \u00e4ven ett center f\u00f6r pumpning av bild\u00e4ck med ett r\u00f6rligt armst\u00f6d som fungerar som pump, inklusive slang som kan f\u00e4stas p\u00e5 d\u00e4cket.<\/p>\n<p>Ytterligare funktioner inkluderar ett roterande vred med m\u00e4tare, en plusformad ratt, dragbara sladdar med knappar fr\u00e5n b\u00e5da sidor, r\u00e4knarf\u00f6nster, genomkrypnings\u00f6ppning, tv\u00e5 br\u00e4nslepumpar p\u00e5 linor, roterande br\u00e4nslepumpsknappar med siffror, ringklocka samt paneler med verktygsillustrationer. Tillsammans skapar detta en mycket engagerande lekmilj\u00f6 som uppmuntrar kreativitet, samarbete och l\u00e4rande.<\/p>\n","protected":false},"excerpt":{"rendered":"<p>Detaljrik lekverkstad som l\u00e5ter barn utforska mekanik, teknik och probleml\u00f6sning genom interaktiv lek. Den stimulerar b\u00e5de finmotorik och fantasi.<\/p>\n","protected":false},"featured_media":31776,"template":"","meta":{"site-sidebar-layout":"default","site-content-layout":"","ast-site-content-layout":"default","site-content-style":"default","site-sidebar-style":"default","ast-global-header-display":"","ast-banner-title-visibility":"","ast-main-header-display":"","ast-hfb-above-header-display":"","ast-hfb-below-header-display":"","ast-hfb-mobile-header-display":"","site-post-title":"","ast-breadcrumbs-content":"","ast-featured-img":"","footer-sml-layout":"","theme-transparent-header-meta":"default","adv-header-id-meta":"","stick-header-meta":"","header-above-stick-meta":"","header-main-stick-meta":"","header-below-stick-meta":"","astra-migrate-meta-layouts":"set","ast-page-background-enabled":"default","ast-page-background-meta":{"desktop":{"background-color":"var(--ast-global-color-5)","background-image":"","background-repeat":"repeat","background-position":"center center","background-size":"auto","background-attachment":"scroll","background-type":"","background-media":"","overlay-type":"","overlay-color":"","overlay-opacity":"","overlay-gradient":""},"tablet":{"background-color":"","background-image":"","background-repeat":"repeat","background-position":"center center","background-size":"auto","background-attachment":"scroll","background-type":"","background-media":"","overlay-type":"","overlay-color":"","overlay-opacity":"","overlay-gradient":""},"mobile":{"background-color":"","background-image":"","background-repeat":"repeat","background-position":"center center","background-size":"auto","background-attachment":"scroll","background-type":"","background-media":"","overlay-type":"","overlay-color":"","overlay-opacity":"","overlay-gradient":""}},"ast-content-background-meta":{"desktop":{"background-color":"var(--ast-global-color-4)","background-image":"","background-repeat":"repeat","background-position":"center center","background-size":"auto","background-attachment":"scroll","background-type":"","background-media":"","overlay-type":"","overlay-color":"","overlay-opacity":"","overlay-gradient":""},"tablet":{"background-color":"var(--ast-global-color-4)","background-image":"","background-repeat":"repeat","background-position":"center center","background-size":"auto","background-attachment":"scroll","background-type":"","background-media":"","overlay-type":"","overlay-color":"","overlay-opacity":"","overlay-gradient":""},"mobile":{"background-color":"var(--ast-global-color-4)","background-image":"","background-repeat":"repeat","background-position":"center center","background-size":"auto","background-attachment":"scroll","background-type":"","background-media":"","overlay-type":"","overlay-color":"","overlay-opacity":"","overlay-gradient":""}}},"product_brand":[56],"product_cat":[134],"product_tag":[153],"class_list":{"0":"post-31640","1":"product","2":"type-product","3":"status-publish","4":"has-post-thumbnail","6":"product_brand-tiptiptap","7":"product_cat-temalek","8":"product_tag-serie-standard","9":"desktop-align-center","10":"tablet-align-left","11":"mobile-align-left","13":"first","14":"instock","15":"taxable","16":"shipping-taxable","17":"purchasable","18":"product-type-variable","19":"has-default-attributes"},"_links":{"self":[{"href":"https:\/\/readymade.se\/core\/wp-json\/wp\/v2\/product\/31640","targetHints":{"allow":["GET"]}}],"collection":[{"href":"https:\/\/readymade.se\/core\/wp-json\/wp\/v2\/product"}],"about":[{"href":"https:\/\/readymade.se\/core\/wp-json\/wp\/v2\/types\/product"}],"wp:featuredmedia":[{"embeddable":true,"href":"https:\/\/readymade.se\/core\/wp-json\/wp\/v2\/media\/31776"}],"wp:attachment":[{"href":"https:\/\/readymade.se\/core\/wp-json\/wp\/v2\/media?parent=31640"}],"wp:term":[{"taxonomy":"product_brand","embeddable":true,"href":"https:\/\/readymade.se\/core\/wp-json\/wp\/v2\/product_brand?post=31640"},{"taxonomy":"product_cat","embeddable":true,"href":"https:\/\/readymade.se\/core\/wp-json\/wp\/v2\/product_cat?post=31640"},{"taxonomy":"product_tag","embeddable":true,"href":"https:\/\/readymade.se\/core\/wp-json\/wp\/v2\/product_tag?post=31640"}],"curies":[{"name":"wp","href":"https:\/\/api.w.org\/{rel}","templated":true}]}}