{"id":31395,"date":"2026-03-04T18:23:53","date_gmt":"2026-03-04T17:23:53","guid":{"rendered":"https:\/\/readymade.se\/core\/?post_type=product&#038;p=31395"},"modified":"2026-03-05T01:53:19","modified_gmt":"2026-03-05T00:53:19","slug":"temalek-utomhus-periodiska-system-av-element","status":"publish","type":"product","link":"https:\/\/readymade.se\/core\/produkt\/temalek-utomhus-periodiska-system-av-element\/","title":{"rendered":"Temalek Utomhus periodiska system av element"},"content":{"rendered":"<p>Ett praktiskt pedagogiskt verktyg som tar kemiundervisningen utomhus. Varje roterande kub representerar ett kemiskt grund\u00e4mne och visar dess symbol, atomnummer, atomvikt och elektronegativitet, vilket g\u00f6r abstrakta begrepp konkreta och begripliga.<\/p>\n<p>Bordet \u00e4r utformat med fokus p\u00e5 inkludering och \u00e4r utrustat med punktskriftsklisterm\u00e4rken som g\u00f6r det tillg\u00e4ngligt \u00e4ven f\u00f6r blinda och synskadade anv\u00e4ndare. Den interaktiva konstruktionen stimulerar logiskt t\u00e4nkande, hand-\u00f6ga-koordination och nyfikenhet genom aktivt l\u00e4rande.<\/p>\n<p>Produkten \u00e4r tillverkad f\u00f6r att t\u00e5la alla v\u00e4derf\u00f6rh\u00e5llanden och l\u00e4mpar sig f\u00f6r permanent utomhusbruk \u00e5ret runt. Ett utm\u00e4rkt inslag p\u00e5 skolg\u00e5rdar, science parks och l\u00e4rande lekplatser d\u00e4r utbildning kombineras med lek.<\/p>\n","protected":false},"excerpt":{"rendered":"<p>Interaktivt och pedagogiskt utomhusbord som g\u00f6r kemi levande f\u00f6r barn och unga. Genom lek och rotation l\u00e4r sig anv\u00e4ndarna om grund\u00e4mnen p\u00e5 ett inkluderande och l\u00e4ttillg\u00e4ngligt s\u00e4tt.<\/p>\n","protected":false},"featured_media":31455,"template":"","meta":{"site-sidebar-layout":"default","site-content-layout":"","ast-site-content-layout":"default","site-content-style":"default","site-sidebar-style":"default","ast-global-header-display":"","ast-banner-title-visibility":"","ast-main-header-display":"","ast-hfb-above-header-display":"","ast-hfb-below-header-display":"","ast-hfb-mobile-header-display":"","site-post-title":"","ast-breadcrumbs-content":"","ast-featured-img":"","footer-sml-layout":"","theme-transparent-header-meta":"default","adv-header-id-meta":"","stick-header-meta":"","header-above-stick-meta":"","header-main-stick-meta":"","header-below-stick-meta":"","astra-migrate-meta-layouts":"set","ast-page-background-enabled":"default","ast-page-background-meta":{"desktop":{"background-color":"var(--ast-global-color-5)","background-image":"","background-repeat":"repeat","background-position":"center center","background-size":"auto","background-attachment":"scroll","background-type":"","background-media":"","overlay-type":"","overlay-color":"","overlay-opacity":"","overlay-gradient":""},"tablet":{"background-color":"","background-image":"","background-repeat":"repeat","background-position":"center center","background-size":"auto","background-attachment":"scroll","background-type":"","background-media":"","overlay-type":"","overlay-color":"","overlay-opacity":"","overlay-gradient":""},"mobile":{"background-color":"","background-image":"","background-repeat":"repeat","background-position":"center center","background-size":"auto","background-attachment":"scroll","background-type":"","background-media":"","overlay-type":"","overlay-color":"","overlay-opacity":"","overlay-gradient":""}},"ast-content-background-meta":{"desktop":{"background-color":"var(--ast-global-color-4)","background-image":"","background-repeat":"repeat","background-position":"center center","background-size":"auto","background-attachment":"scroll","background-type":"","background-media":"","overlay-type":"","overlay-color":"","overlay-opacity":"","overlay-gradient":""},"tablet":{"background-color":"var(--ast-global-color-4)","background-image":"","background-repeat":"repeat","background-position":"center center","background-size":"auto","background-attachment":"scroll","background-type":"","background-media":"","overlay-type":"","overlay-color":"","overlay-opacity":"","overlay-gradient":""},"mobile":{"background-color":"var(--ast-global-color-4)","background-image":"","background-repeat":"repeat","background-position":"center center","background-size":"auto","background-attachment":"scroll","background-type":"","background-media":"","overlay-type":"","overlay-color":"","overlay-opacity":"","overlay-gradient":""}}},"product_brand":[56],"product_cat":[134],"product_tag":[214,153],"class_list":{"0":"post-31395","1":"product","2":"type-product","3":"status-publish","4":"has-post-thumbnail","6":"product_brand-tiptiptap","7":"product_cat-temalek","8":"product_tag-inte-frilagd","9":"product_tag-serie-standard","10":"desktop-align-center","11":"tablet-align-left","12":"mobile-align-left","14":"first","15":"instock","16":"taxable","17":"shipping-taxable","18":"purchasable","19":"product-type-simple"},"_links":{"self":[{"href":"https:\/\/readymade.se\/core\/wp-json\/wp\/v2\/product\/31395","targetHints":{"allow":["GET"]}}],"collection":[{"href":"https:\/\/readymade.se\/core\/wp-json\/wp\/v2\/product"}],"about":[{"href":"https:\/\/readymade.se\/core\/wp-json\/wp\/v2\/types\/product"}],"wp:featuredmedia":[{"embeddable":true,"href":"https:\/\/readymade.se\/core\/wp-json\/wp\/v2\/media\/31455"}],"wp:attachment":[{"href":"https:\/\/readymade.se\/core\/wp-json\/wp\/v2\/media?parent=31395"}],"wp:term":[{"taxonomy":"product_brand","embeddable":true,"href":"https:\/\/readymade.se\/core\/wp-json\/wp\/v2\/product_brand?post=31395"},{"taxonomy":"product_cat","embeddable":true,"href":"https:\/\/readymade.se\/core\/wp-json\/wp\/v2\/product_cat?post=31395"},{"taxonomy":"product_tag","embeddable":true,"href":"https:\/\/readymade.se\/core\/wp-json\/wp\/v2\/product_tag?post=31395"}],"curies":[{"name":"wp","href":"https:\/\/api.w.org\/{rel}","templated":true}]}}