{"id":31389,"date":"2026-03-04T18:23:53","date_gmt":"2026-03-04T17:23:53","guid":{"rendered":"https:\/\/readymade.se\/core\/?post_type=product&#038;p=31389"},"modified":"2026-03-05T01:53:19","modified_gmt":"2026-03-05T00:53:19","slug":"fjadergungor-bodran","status":"publish","type":"product","link":"https:\/\/readymade.se\/core\/produkt\/fjadergungor-bodran\/","title":{"rendered":"Fj\u00e4dergungor Bodran"},"content":{"rendered":"<p>Fj\u00e4dergungor Bodran \u00e4r en ensitsig fj\u00e4dergunga i FARMLIFE-serien som ger barn en tydlig och s\u00e4ker r\u00f6relseaktivitet p\u00e5 lekplatsen. Modellen \u00e4r utvecklad f\u00f6r att st\u00e4rka balans, kroppskontroll och koordination genom upprepad gungr\u00f6relse i egen takt. Djurtemat bidrar till en lekfull milj\u00f6 och g\u00f6r redskapet l\u00e4tt att integrera i g\u00e5rdsinspirerade lekmilj\u00f6er. Bodran passar b\u00e5de f\u00f6rskoleg\u00e5rdar och offentliga lekytor d\u00e4r man vill kombinera h\u00e5llbar drift med h\u00f6gt lekv\u00e4rde. M\u00e5tt enligt specifikation: cirka 1,01 x 0,34 x 0,69 m. Rekommenderad \u00e5lder: 1+. En robust fj\u00e4dergunga f\u00f6r l\u00e5ngsiktig anv\u00e4ndning.<\/p>\n","protected":false},"excerpt":{"rendered":"<p>Fj\u00e4dergunga i FARMLIFE-serien med djurtema f\u00f6r trygg, rolig och utvecklande r\u00f6relselek i offentlig utemilj\u00f6.<\/p>\n","protected":false},"featured_media":35219,"template":"","meta":{"site-sidebar-layout":"","site-content-layout":"","ast-site-content-layout":"","site-content-style":"","site-sidebar-style":"","ast-global-header-display":"","ast-banner-title-visibility":"","ast-main-header-display":"","ast-hfb-above-header-display":"","ast-hfb-below-header-display":"","ast-hfb-mobile-header-display":"","site-post-title":"","ast-breadcrumbs-content":"","ast-featured-img":"","footer-sml-layout":"","theme-transparent-header-meta":"","adv-header-id-meta":"","stick-header-meta":"","header-above-stick-meta":"","header-main-stick-meta":"","header-below-stick-meta":"","astra-migrate-meta-layouts":"","ast-page-background-enabled":"default","ast-page-background-meta":{"desktop":{"background-color":"var(--ast-global-color-5)","background-image":"","background-repeat":"repeat","background-position":"center center","background-size":"auto","background-attachment":"scroll","background-type":"","background-media":"","overlay-type":"","overlay-color":"","overlay-opacity":"","overlay-gradient":""},"tablet":{"background-color":"","background-image":"","background-repeat":"repeat","background-position":"center center","background-size":"auto","background-attachment":"scroll","background-type":"","background-media":"","overlay-type":"","overlay-color":"","overlay-opacity":"","overlay-gradient":""},"mobile":{"background-color":"","background-image":"","background-repeat":"repeat","background-position":"center center","background-size":"auto","background-attachment":"scroll","background-type":"","background-media":"","overlay-type":"","overlay-color":"","overlay-opacity":"","overlay-gradient":""}},"ast-content-background-meta":{"desktop":{"background-color":"var(--ast-global-color-4)","background-image":"","background-repeat":"repeat","background-position":"center center","background-size":"auto","background-attachment":"scroll","background-type":"","background-media":"","overlay-type":"","overlay-color":"","overlay-opacity":"","overlay-gradient":""},"tablet":{"background-color":"var(--ast-global-color-4)","background-image":"","background-repeat":"repeat","background-position":"center center","background-size":"auto","background-attachment":"scroll","background-type":"","background-media":"","overlay-type":"","overlay-color":"","overlay-opacity":"","overlay-gradient":""},"mobile":{"background-color":"var(--ast-global-color-4)","background-image":"","background-repeat":"repeat","background-position":"center center","background-size":"auto","background-attachment":"scroll","background-type":"","background-media":"","overlay-type":"","overlay-color":"","overlay-opacity":"","overlay-gradient":""}}},"product_brand":[56],"product_cat":[131,129],"product_tag":[140,182],"class_list":{"0":"post-31389","1":"product","2":"type-product","3":"status-publish","4":"has-post-thumbnail","6":"product_brand-tiptiptap","7":"product_cat-fjadergungor","8":"product_cat-vippredskap","9":"product_tag-core","10":"product_tag-serie-farmlife","11":"desktop-align-center","12":"tablet-align-left","13":"mobile-align-left","15":"first","16":"instock","17":"taxable","18":"shipping-taxable","19":"purchasable","20":"product-type-simple"},"_links":{"self":[{"href":"https:\/\/readymade.se\/core\/wp-json\/wp\/v2\/product\/31389","targetHints":{"allow":["GET"]}}],"collection":[{"href":"https:\/\/readymade.se\/core\/wp-json\/wp\/v2\/product"}],"about":[{"href":"https:\/\/readymade.se\/core\/wp-json\/wp\/v2\/types\/product"}],"wp:featuredmedia":[{"embeddable":true,"href":"https:\/\/readymade.se\/core\/wp-json\/wp\/v2\/media\/35219"}],"wp:attachment":[{"href":"https:\/\/readymade.se\/core\/wp-json\/wp\/v2\/media?parent=31389"}],"wp:term":[{"taxonomy":"product_brand","embeddable":true,"href":"https:\/\/readymade.se\/core\/wp-json\/wp\/v2\/product_brand?post=31389"},{"taxonomy":"product_cat","embeddable":true,"href":"https:\/\/readymade.se\/core\/wp-json\/wp\/v2\/product_cat?post=31389"},{"taxonomy":"product_tag","embeddable":true,"href":"https:\/\/readymade.se\/core\/wp-json\/wp\/v2\/product_tag?post=31389"}],"curies":[{"name":"wp","href":"https:\/\/api.w.org\/{rel}","templated":true}]}}