{"id":31183,"date":"2026-03-04T18:19:21","date_gmt":"2026-03-04T17:19:21","guid":{"rendered":"https:\/\/readymade.se\/core\/?post_type=product&#038;p=31183"},"modified":"2026-03-05T01:52:55","modified_gmt":"2026-03-05T00:52:55","slug":"tillganglig-lek-forhojd-inkluderande-sandlada","status":"publish","type":"product","link":"https:\/\/readymade.se\/core\/produkt\/tillganglig-lek-forhojd-inkluderande-sandlada\/","title":{"rendered":"Tillg\u00e4nglig lek F\u00f6rh\u00f6jd inkluderande sandl\u00e5da"},"content":{"rendered":"<p>F\u00f6rh\u00f6jd och l\u00e5g sandl\u00e5da anpassad f\u00f6r inkluderande lek. Ytterm\u00e5tt l\u00e5g sandl\u00e5da: 1410 x 1410 mm. Ytterm\u00e5tt f\u00f6rh\u00f6jd sandl\u00e5da: 1360 x 1360 mm. Innerm\u00e5tt l\u00e5g: 1050 x 1050 mm. Innerm\u00e5tt f\u00f6rh\u00f6jd: 1148 x 1148 mm. H\u00f6jd fr\u00e5n mark l\u00e5g: 240 mm. H\u00f6jd fr\u00e5n mark f\u00f6rh\u00f6jd: 879 mm. Vikt l\u00e5g (utan fundament): 67 kg. Vikt f\u00f6rh\u00f6jd (utan fundament): 117 kg. Tillverkad i HDPE med 10 mm tjocka sidor och 15 mm sits. Benens tv\u00e4rsnitt: 90 mm. Monteras genom f\u00f6rankring i marken.<\/p>\n","protected":false},"excerpt":{"rendered":"<p>Tillg\u00e4nglig sandl\u00e5da i l\u00e5g och f\u00f6rh\u00f6jd version.<\/p>\n","protected":false},"featured_media":35306,"template":"","meta":{"site-sidebar-layout":"default","site-content-layout":"","ast-site-content-layout":"default","site-content-style":"default","site-sidebar-style":"default","ast-global-header-display":"","ast-banner-title-visibility":"","ast-main-header-display":"","ast-hfb-above-header-display":"","ast-hfb-below-header-display":"","ast-hfb-mobile-header-display":"","site-post-title":"","ast-breadcrumbs-content":"","ast-featured-img":"","footer-sml-layout":"","theme-transparent-header-meta":"default","adv-header-id-meta":"","stick-header-meta":"","header-above-stick-meta":"","header-main-stick-meta":"","header-below-stick-meta":"","astra-migrate-meta-layouts":"set","ast-page-background-enabled":"default","ast-page-background-meta":{"desktop":{"background-color":"var(--ast-global-color-5)","background-image":"","background-repeat":"repeat","background-position":"center center","background-size":"auto","background-attachment":"scroll","background-type":"","background-media":"","overlay-type":"","overlay-color":"","overlay-opacity":"","overlay-gradient":""},"tablet":{"background-color":"","background-image":"","background-repeat":"repeat","background-position":"center center","background-size":"auto","background-attachment":"scroll","background-type":"","background-media":"","overlay-type":"","overlay-color":"","overlay-opacity":"","overlay-gradient":""},"mobile":{"background-color":"","background-image":"","background-repeat":"repeat","background-position":"center center","background-size":"auto","background-attachment":"scroll","background-type":"","background-media":"","overlay-type":"","overlay-color":"","overlay-opacity":"","overlay-gradient":""}},"ast-content-background-meta":{"desktop":{"background-color":"var(--ast-global-color-4)","background-image":"","background-repeat":"repeat","background-position":"center center","background-size":"auto","background-attachment":"scroll","background-type":"","background-media":"","overlay-type":"","overlay-color":"","overlay-opacity":"","overlay-gradient":""},"tablet":{"background-color":"var(--ast-global-color-4)","background-image":"","background-repeat":"repeat","background-position":"center center","background-size":"auto","background-attachment":"scroll","background-type":"","background-media":"","overlay-type":"","overlay-color":"","overlay-opacity":"","overlay-gradient":""},"mobile":{"background-color":"var(--ast-global-color-4)","background-image":"","background-repeat":"repeat","background-position":"center center","background-size":"auto","background-attachment":"scroll","background-type":"","background-media":"","overlay-type":"","overlay-color":"","overlay-opacity":"","overlay-gradient":""}}},"product_brand":[56],"product_cat":[55],"product_tag":[153],"class_list":{"0":"post-31183","1":"product","2":"type-product","3":"status-publish","4":"has-post-thumbnail","6":"product_brand-tiptiptap","7":"product_cat-tillganglig-lek","8":"product_tag-serie-standard","9":"desktop-align-center","10":"tablet-align-left","11":"mobile-align-left","13":"first","14":"instock","15":"taxable","16":"shipping-taxable","17":"purchasable","18":"product-type-simple"},"_links":{"self":[{"href":"https:\/\/readymade.se\/core\/wp-json\/wp\/v2\/product\/31183","targetHints":{"allow":["GET"]}}],"collection":[{"href":"https:\/\/readymade.se\/core\/wp-json\/wp\/v2\/product"}],"about":[{"href":"https:\/\/readymade.se\/core\/wp-json\/wp\/v2\/types\/product"}],"wp:featuredmedia":[{"embeddable":true,"href":"https:\/\/readymade.se\/core\/wp-json\/wp\/v2\/media\/35306"}],"wp:attachment":[{"href":"https:\/\/readymade.se\/core\/wp-json\/wp\/v2\/media?parent=31183"}],"wp:term":[{"taxonomy":"product_brand","embeddable":true,"href":"https:\/\/readymade.se\/core\/wp-json\/wp\/v2\/product_brand?post=31183"},{"taxonomy":"product_cat","embeddable":true,"href":"https:\/\/readymade.se\/core\/wp-json\/wp\/v2\/product_cat?post=31183"},{"taxonomy":"product_tag","embeddable":true,"href":"https:\/\/readymade.se\/core\/wp-json\/wp\/v2\/product_tag?post=31183"}],"curies":[{"name":"wp","href":"https:\/\/api.w.org\/{rel}","templated":true}]}}