{"id":31167,"date":"2026-03-04T18:18:58","date_gmt":"2026-03-04T17:18:58","guid":{"rendered":"https:\/\/readymade.se\/core\/?post_type=product&#038;p=31167"},"modified":"2026-03-05T01:52:52","modified_gmt":"2026-03-05T00:52:52","slug":"hinderbana-slackline-lov-5-m","status":"publish","type":"product","link":"https:\/\/readymade.se\/core\/produkt\/hinderbana-slackline-lov-5-m\/","title":{"rendered":"Hinderbana Slackline L\u00f6v 5 m"},"content":{"rendered":"<p>Slacklining ger flera utvecklingsf\u00f6rdelar f\u00f6r barn och fr\u00e4mjar b\u00e5de fysisk och mental utveckling. Aktiviteten f\u00f6rb\u00e4ttrar balans, koordination och aktiverar b\u00e5lmuskulaturen, vilket \u00e4r viktigt f\u00f6r stabilitet och skadef\u00f6rebyggande. F\u00f6r att h\u00e5lla balansen kr\u00e4vs fokus p\u00e5 kroppens r\u00f6relser och fotplacering, vilket st\u00e4rker koncentration och uppm\u00e4rksamhet. Barn utvecklar \u00e4ven probleml\u00f6sningsf\u00f6rm\u00e5ga genom att l\u00e4ra sig f\u00f6rdela vikt och justera r\u00f6relser. Slacklining fungerar dessutom som en social aktivitet i grupp och fr\u00e4mjar samarbete och positiv interaktion. Tekniskt best\u00e5r slackline-setet av tv\u00e5 start- och m\u00e5lplattformar med pulverlackerade aluminiumstolpar som gjuts i mark. Plattformarna \u00e4r bladformade och tillverkade av korslaminerat tr\u00e4 med specialbehandling f\u00f6r h\u00f6g h\u00e5llbarhet och stabilitet. Sj\u00e4lva slacklinen best\u00e5r av tre sammanl\u00e4nkade 16 mm sexstr\u00e4ngade PES-belagda st\u00e5lrep som ger h\u00f6g styrka och sp\u00e4nst.<\/p>\n","protected":false},"excerpt":{"rendered":"<p>Slackline som tr\u00e4nar balans, koordination, koncentration och kroppskontroll genom utmanande r\u00f6relselek.<\/p>\n","protected":false},"featured_media":31208,"template":"","meta":{"site-sidebar-layout":"","site-content-layout":"","ast-site-content-layout":"","site-content-style":"","site-sidebar-style":"","ast-global-header-display":"","ast-banner-title-visibility":"","ast-main-header-display":"","ast-hfb-above-header-display":"","ast-hfb-below-header-display":"","ast-hfb-mobile-header-display":"","site-post-title":"","ast-breadcrumbs-content":"","ast-featured-img":"","footer-sml-layout":"","theme-transparent-header-meta":"","adv-header-id-meta":"","stick-header-meta":"","header-above-stick-meta":"","header-main-stick-meta":"","header-below-stick-meta":"","astra-migrate-meta-layouts":"","ast-page-background-enabled":"default","ast-page-background-meta":{"desktop":{"background-color":"var(--ast-global-color-5)","background-image":"","background-repeat":"repeat","background-position":"center center","background-size":"auto","background-attachment":"scroll","background-type":"","background-media":"","overlay-type":"","overlay-color":"","overlay-opacity":"","overlay-gradient":""},"tablet":{"background-color":"","background-image":"","background-repeat":"repeat","background-position":"center center","background-size":"auto","background-attachment":"scroll","background-type":"","background-media":"","overlay-type":"","overlay-color":"","overlay-opacity":"","overlay-gradient":""},"mobile":{"background-color":"","background-image":"","background-repeat":"repeat","background-position":"center center","background-size":"auto","background-attachment":"scroll","background-type":"","background-media":"","overlay-type":"","overlay-color":"","overlay-opacity":"","overlay-gradient":""}},"ast-content-background-meta":{"desktop":{"background-color":"var(--ast-global-color-4)","background-image":"","background-repeat":"repeat","background-position":"center center","background-size":"auto","background-attachment":"scroll","background-type":"","background-media":"","overlay-type":"","overlay-color":"","overlay-opacity":"","overlay-gradient":""},"tablet":{"background-color":"var(--ast-global-color-4)","background-image":"","background-repeat":"repeat","background-position":"center center","background-size":"auto","background-attachment":"scroll","background-type":"","background-media":"","overlay-type":"","overlay-color":"","overlay-opacity":"","overlay-gradient":""},"mobile":{"background-color":"var(--ast-global-color-4)","background-image":"","background-repeat":"repeat","background-position":"center center","background-size":"auto","background-attachment":"scroll","background-type":"","background-media":"","overlay-type":"","overlay-color":"","overlay-opacity":"","overlay-gradient":""}}},"product_brand":[56],"product_cat":[133,52],"product_tag":[147,153],"class_list":{"0":"post-31167","1":"product","2":"type-product","3":"status-publish","4":"has-post-thumbnail","6":"product_brand-tiptiptap","7":"product_cat-balans-motorik","8":"product_cat-hinderbanor","9":"product_tag-core-balans-motorik","10":"product_tag-serie-standard","11":"desktop-align-center","12":"tablet-align-left","13":"mobile-align-left","15":"first","16":"instock","17":"taxable","18":"shipping-taxable","19":"purchasable","20":"product-type-simple"},"_links":{"self":[{"href":"https:\/\/readymade.se\/core\/wp-json\/wp\/v2\/product\/31167","targetHints":{"allow":["GET"]}}],"collection":[{"href":"https:\/\/readymade.se\/core\/wp-json\/wp\/v2\/product"}],"about":[{"href":"https:\/\/readymade.se\/core\/wp-json\/wp\/v2\/types\/product"}],"wp:featuredmedia":[{"embeddable":true,"href":"https:\/\/readymade.se\/core\/wp-json\/wp\/v2\/media\/31208"}],"wp:attachment":[{"href":"https:\/\/readymade.se\/core\/wp-json\/wp\/v2\/media?parent=31167"}],"wp:term":[{"taxonomy":"product_brand","embeddable":true,"href":"https:\/\/readymade.se\/core\/wp-json\/wp\/v2\/product_brand?post=31167"},{"taxonomy":"product_cat","embeddable":true,"href":"https:\/\/readymade.se\/core\/wp-json\/wp\/v2\/product_cat?post=31167"},{"taxonomy":"product_tag","embeddable":true,"href":"https:\/\/readymade.se\/core\/wp-json\/wp\/v2\/product_tag?post=31167"}],"curies":[{"name":"wp","href":"https:\/\/api.w.org\/{rel}","templated":true}]}}