{"id":31122,"date":"2026-03-04T18:17:48","date_gmt":"2026-03-04T17:17:48","guid":{"rendered":"https:\/\/readymade.se\/core\/?post_type=product&#038;p=31122"},"modified":"2026-03-05T01:52:49","modified_gmt":"2026-03-05T00:52:49","slug":"solsegel-elin-41x41-m","status":"publish","type":"product","link":"https:\/\/readymade.se\/core\/produkt\/solsegel-elin-41x41-m\/","title":{"rendered":"Solsegel Elin 4,1&#215;4,1 m"},"content":{"rendered":"<p>Solsegel Elin 4,1&#215;4,1 m \u00e4r utvecklat f\u00f6r st\u00f6rre skuggbehov i lekparker, f\u00f6rskoleg\u00e5rdar och andra offentliga utemilj\u00f6er. Produkten kombinerar varmf\u00f6rzinkade st\u00e5lstolpar med en slitstark HDPE-duk p\u00e5 320 g\/m\u00b2 som \u00e4r UV-best\u00e4ndig och ger UPF10-skydd mot solens str\u00e5lning. Den st\u00f6rre segelytan skapar en tydlig skuggzon \u00f6ver aktivitetsytor d\u00e4r komfort och s\u00e4kerhet \u00e4r viktiga. Duken \u00e4r inte vattent\u00e4t, men fungerar v\u00e4l f\u00f6r solskydd n\u00e4r den monteras med lutning s\u00e5 att l\u00e4tt nederb\u00f6rd kan rinna av. Vid h\u00e5rd vind b\u00f6r seglet tas ner f\u00f6r att f\u00f6rl\u00e4nga livsl\u00e4ngden och beh\u00e5lla stabil funktion \u00f6ver tid.<\/p>\n","protected":false},"excerpt":{"rendered":"<p>Solsegel 4,1&#215;4,1 m med varmf\u00f6rzinkade stolpar, UV-best\u00e4ndig HDPE-duk 320 g\/m\u00b2 och UV-skydd UPF10.<\/p>\n","protected":false},"featured_media":31178,"template":"","meta":{"site-sidebar-layout":"","site-content-layout":"","ast-site-content-layout":"","site-content-style":"","site-sidebar-style":"","ast-global-header-display":"","ast-banner-title-visibility":"","ast-main-header-display":"","ast-hfb-above-header-display":"","ast-hfb-below-header-display":"","ast-hfb-mobile-header-display":"","site-post-title":"","ast-breadcrumbs-content":"","ast-featured-img":"","footer-sml-layout":"","theme-transparent-header-meta":"","adv-header-id-meta":"","stick-header-meta":"","header-above-stick-meta":"","header-main-stick-meta":"","header-below-stick-meta":"","astra-migrate-meta-layouts":"","ast-page-background-enabled":"default","ast-page-background-meta":{"desktop":{"background-color":"var(--ast-global-color-5)","background-image":"","background-repeat":"repeat","background-position":"center center","background-size":"auto","background-attachment":"scroll","background-type":"","background-media":"","overlay-type":"","overlay-color":"","overlay-opacity":"","overlay-gradient":""},"tablet":{"background-color":"","background-image":"","background-repeat":"repeat","background-position":"center center","background-size":"auto","background-attachment":"scroll","background-type":"","background-media":"","overlay-type":"","overlay-color":"","overlay-opacity":"","overlay-gradient":""},"mobile":{"background-color":"","background-image":"","background-repeat":"repeat","background-position":"center center","background-size":"auto","background-attachment":"scroll","background-type":"","background-media":"","overlay-type":"","overlay-color":"","overlay-opacity":"","overlay-gradient":""}},"ast-content-background-meta":{"desktop":{"background-color":"var(--ast-global-color-4)","background-image":"","background-repeat":"repeat","background-position":"center center","background-size":"auto","background-attachment":"scroll","background-type":"","background-media":"","overlay-type":"","overlay-color":"","overlay-opacity":"","overlay-gradient":""},"tablet":{"background-color":"var(--ast-global-color-4)","background-image":"","background-repeat":"repeat","background-position":"center center","background-size":"auto","background-attachment":"scroll","background-type":"","background-media":"","overlay-type":"","overlay-color":"","overlay-opacity":"","overlay-gradient":""},"mobile":{"background-color":"var(--ast-global-color-4)","background-image":"","background-repeat":"repeat","background-position":"center center","background-size":"auto","background-attachment":"scroll","background-type":"","background-media":"","overlay-type":"","overlay-color":"","overlay-opacity":"","overlay-gradient":""}}},"product_brand":[56],"product_cat":[39,183,83],"product_tag":[],"class_list":{"0":"post-31122","1":"product","2":"type-product","3":"status-publish","4":"has-post-thumbnail","6":"product_brand-tiptiptap","7":"product_cat-gata-park","8":"product_cat-solsegel-gata-park","9":"product_cat-solsegel","10":"desktop-align-center","11":"tablet-align-left","12":"mobile-align-left","14":"first","15":"instock","16":"taxable","17":"shipping-taxable","18":"purchasable","19":"product-type-simple"},"_links":{"self":[{"href":"https:\/\/readymade.se\/core\/wp-json\/wp\/v2\/product\/31122","targetHints":{"allow":["GET"]}}],"collection":[{"href":"https:\/\/readymade.se\/core\/wp-json\/wp\/v2\/product"}],"about":[{"href":"https:\/\/readymade.se\/core\/wp-json\/wp\/v2\/types\/product"}],"wp:featuredmedia":[{"embeddable":true,"href":"https:\/\/readymade.se\/core\/wp-json\/wp\/v2\/media\/31178"}],"wp:attachment":[{"href":"https:\/\/readymade.se\/core\/wp-json\/wp\/v2\/media?parent=31122"}],"wp:term":[{"taxonomy":"product_brand","embeddable":true,"href":"https:\/\/readymade.se\/core\/wp-json\/wp\/v2\/product_brand?post=31122"},{"taxonomy":"product_cat","embeddable":true,"href":"https:\/\/readymade.se\/core\/wp-json\/wp\/v2\/product_cat?post=31122"},{"taxonomy":"product_tag","embeddable":true,"href":"https:\/\/readymade.se\/core\/wp-json\/wp\/v2\/product_tag?post=31122"}],"curies":[{"name":"wp","href":"https:\/\/api.w.org\/{rel}","templated":true}]}}