{"id":31105,"date":"2026-03-04T18:17:25","date_gmt":"2026-03-04T17:17:25","guid":{"rendered":"https:\/\/readymade.se\/core\/?post_type=product&#038;p=31105"},"modified":"2026-03-05T01:52:44","modified_gmt":"2026-03-05T00:52:44","slug":"blomlada-vanda-13x13-m","status":"publish","type":"product","link":"https:\/\/readymade.se\/core\/produkt\/blomlada-vanda-13x13-m\/","title":{"rendered":"Bloml\u00e5da Vanda 1,3&#215;1,3 m"},"content":{"rendered":"<p>Bloml\u00e5da Vanda 1,3&#215;1,3 m \u00e4r en vandals\u00e4ker planteringsl\u00f6sning i LDPE-plast f\u00f6r offentliga milj\u00f6er med h\u00f6g anv\u00e4ndning. Den robusta konstruktionen g\u00f6r modellen l\u00e4mplig f\u00f6r torg, g\u00e5ngstr\u00e5k, entr\u00e9er och parkytor d\u00e4r planteringar beh\u00f6ver t\u00e5la b\u00e5de v\u00e4der och slitage. Formatet ger en tydlig gr\u00f6n punkt i milj\u00f6n och fungerar f\u00f6r s\u00e4songsplantering eller mer l\u00e5ngsiktig v\u00e4xts\u00e4ttning. M\u00e5tten \u00e4r cirka 1,3 x 1,3 m med en h\u00f6jd runt 0,45 m, vilket ger en stabil och tydlig volym i stadsrum. En h\u00e5llbar och l\u00e4ttsk\u00f6tt bloml\u00e5da f\u00f6r projekt med krav p\u00e5 drifts\u00e4ker offentlig utem\u00f6blering. Produkten \u00e4r utvecklad f\u00f6r regelbunden anv\u00e4ndning i offentlig utemilj\u00f6 och ger stabil funktion \u00f6ver tid.<\/p>\n","protected":false},"excerpt":{"rendered":"<p>Vandals\u00e4ker bloml\u00e5da i LDPE-plast, anpassad f\u00f6r offentliga utemilj\u00f6er med h\u00f6g belastning.<\/p>\n","protected":false},"featured_media":31151,"template":"","meta":{"site-sidebar-layout":"","site-content-layout":"","ast-site-content-layout":"","site-content-style":"","site-sidebar-style":"","ast-global-header-display":"","ast-banner-title-visibility":"","ast-main-header-display":"","ast-hfb-above-header-display":"","ast-hfb-below-header-display":"","ast-hfb-mobile-header-display":"","site-post-title":"","ast-breadcrumbs-content":"","ast-featured-img":"","footer-sml-layout":"","theme-transparent-header-meta":"","adv-header-id-meta":"","stick-header-meta":"","header-above-stick-meta":"","header-main-stick-meta":"","header-below-stick-meta":"","astra-migrate-meta-layouts":"","ast-page-background-enabled":"default","ast-page-background-meta":{"desktop":{"background-color":"var(--ast-global-color-5)","background-image":"","background-repeat":"repeat","background-position":"center center","background-size":"auto","background-attachment":"scroll","background-type":"","background-media":"","overlay-type":"","overlay-color":"","overlay-opacity":"","overlay-gradient":""},"tablet":{"background-color":"","background-image":"","background-repeat":"repeat","background-position":"center center","background-size":"auto","background-attachment":"scroll","background-type":"","background-media":"","overlay-type":"","overlay-color":"","overlay-opacity":"","overlay-gradient":""},"mobile":{"background-color":"","background-image":"","background-repeat":"repeat","background-position":"center center","background-size":"auto","background-attachment":"scroll","background-type":"","background-media":"","overlay-type":"","overlay-color":"","overlay-opacity":"","overlay-gradient":""}},"ast-content-background-meta":{"desktop":{"background-color":"var(--ast-global-color-4)","background-image":"","background-repeat":"repeat","background-position":"center center","background-size":"auto","background-attachment":"scroll","background-type":"","background-media":"","overlay-type":"","overlay-color":"","overlay-opacity":"","overlay-gradient":""},"tablet":{"background-color":"var(--ast-global-color-4)","background-image":"","background-repeat":"repeat","background-position":"center center","background-size":"auto","background-attachment":"scroll","background-type":"","background-media":"","overlay-type":"","overlay-color":"","overlay-opacity":"","overlay-gradient":""},"mobile":{"background-color":"var(--ast-global-color-4)","background-image":"","background-repeat":"repeat","background-position":"center center","background-size":"auto","background-attachment":"scroll","background-type":"","background-media":"","overlay-type":"","overlay-color":"","overlay-opacity":"","overlay-gradient":""}}},"product_brand":[56],"product_cat":[181,39],"product_tag":[155],"class_list":{"0":"post-31105","1":"product","2":"type-product","3":"status-publish","4":"has-post-thumbnail","6":"product_brand-tiptiptap","7":"product_cat-blomlador","8":"product_cat-gata-park","9":"product_tag-serie-urban-furniture","10":"desktop-align-center","11":"tablet-align-left","12":"mobile-align-left","14":"first","15":"instock","16":"taxable","17":"shipping-taxable","18":"purchasable","19":"product-type-simple"},"_links":{"self":[{"href":"https:\/\/readymade.se\/core\/wp-json\/wp\/v2\/product\/31105","targetHints":{"allow":["GET"]}}],"collection":[{"href":"https:\/\/readymade.se\/core\/wp-json\/wp\/v2\/product"}],"about":[{"href":"https:\/\/readymade.se\/core\/wp-json\/wp\/v2\/types\/product"}],"wp:featuredmedia":[{"embeddable":true,"href":"https:\/\/readymade.se\/core\/wp-json\/wp\/v2\/media\/31151"}],"wp:attachment":[{"href":"https:\/\/readymade.se\/core\/wp-json\/wp\/v2\/media?parent=31105"}],"wp:term":[{"taxonomy":"product_brand","embeddable":true,"href":"https:\/\/readymade.se\/core\/wp-json\/wp\/v2\/product_brand?post=31105"},{"taxonomy":"product_cat","embeddable":true,"href":"https:\/\/readymade.se\/core\/wp-json\/wp\/v2\/product_cat?post=31105"},{"taxonomy":"product_tag","embeddable":true,"href":"https:\/\/readymade.se\/core\/wp-json\/wp\/v2\/product_tag?post=31105"}],"curies":[{"name":"wp","href":"https:\/\/api.w.org\/{rel}","templated":true}]}}