{"id":30649,"date":"2026-03-04T18:07:51","date_gmt":"2026-03-04T17:07:51","guid":{"rendered":"https:\/\/readymade.se\/core\/?post_type=product&#038;p=30649"},"modified":"2026-03-05T01:51:56","modified_gmt":"2026-03-05T00:51:56","slug":"papperskorg-pilen-75-l","status":"publish","type":"product","link":"https:\/\/readymade.se\/core\/produkt\/papperskorg-pilen-75-l\/","title":{"rendered":"Papperskorg Pilen 75 L"},"content":{"rendered":"<p>Papperskorg Pilen 75 L \u00e4r en praktisk l\u00f6sning f\u00f6r parker, g\u00e5ngstr\u00e5k, skolg\u00e5rdar och andra offentliga ytor d\u00e4r avfallshanteringen beh\u00f6ver fungera smidigt varje dag. Volymen p\u00e5 75 liter ger bra kapacitet utan att produkten tar f\u00f6r stor plats i milj\u00f6n. Modellen har ett kompakt fotavtryck och \u00e4r enkel att placera vid entr\u00e9er, sittplatser och lekytor. Konstruktionen \u00e4r anpassad f\u00f6r utomhusbruk med fokus p\u00e5 h\u00e5llbar drift och tydlig funktion \u00f6ver tid. Pilen 75 L passar b\u00e5de i mindre projekt och som del av en st\u00f6rre enhetlig m\u00f6blering i stad och park.<\/p>\n","protected":false},"excerpt":{"rendered":"<p>Papperskorg 75 L f\u00f6r offentlig utemilj\u00f6, med kompakt format och robust konstruktion f\u00f6r daglig anv\u00e4ndning.<\/p>\n","protected":false},"featured_media":30683,"template":"","meta":{"site-sidebar-layout":"","site-content-layout":"","ast-site-content-layout":"","site-content-style":"","site-sidebar-style":"","ast-global-header-display":"","ast-banner-title-visibility":"","ast-main-header-display":"","ast-hfb-above-header-display":"","ast-hfb-below-header-display":"","ast-hfb-mobile-header-display":"","site-post-title":"","ast-breadcrumbs-content":"","ast-featured-img":"","footer-sml-layout":"","theme-transparent-header-meta":"","adv-header-id-meta":"","stick-header-meta":"","header-above-stick-meta":"","header-main-stick-meta":"","header-below-stick-meta":"","astra-migrate-meta-layouts":"","ast-page-background-enabled":"default","ast-page-background-meta":{"desktop":{"background-color":"var(--ast-global-color-5)","background-image":"","background-repeat":"repeat","background-position":"center center","background-size":"auto","background-attachment":"scroll","background-type":"","background-media":"","overlay-type":"","overlay-color":"","overlay-opacity":"","overlay-gradient":""},"tablet":{"background-color":"","background-image":"","background-repeat":"repeat","background-position":"center center","background-size":"auto","background-attachment":"scroll","background-type":"","background-media":"","overlay-type":"","overlay-color":"","overlay-opacity":"","overlay-gradient":""},"mobile":{"background-color":"","background-image":"","background-repeat":"repeat","background-position":"center center","background-size":"auto","background-attachment":"scroll","background-type":"","background-media":"","overlay-type":"","overlay-color":"","overlay-opacity":"","overlay-gradient":""}},"ast-content-background-meta":{"desktop":{"background-color":"var(--ast-global-color-4)","background-image":"","background-repeat":"repeat","background-position":"center center","background-size":"auto","background-attachment":"scroll","background-type":"","background-media":"","overlay-type":"","overlay-color":"","overlay-opacity":"","overlay-gradient":""},"tablet":{"background-color":"var(--ast-global-color-4)","background-image":"","background-repeat":"repeat","background-position":"center center","background-size":"auto","background-attachment":"scroll","background-type":"","background-media":"","overlay-type":"","overlay-color":"","overlay-opacity":"","overlay-gradient":""},"mobile":{"background-color":"var(--ast-global-color-4)","background-image":"","background-repeat":"repeat","background-position":"center center","background-size":"auto","background-attachment":"scroll","background-type":"","background-media":"","overlay-type":"","overlay-color":"","overlay-opacity":"","overlay-gradient":""}}},"product_brand":[56],"product_cat":[39,65],"product_tag":[214,155],"class_list":{"0":"post-30649","1":"product","2":"type-product","3":"status-publish","4":"has-post-thumbnail","6":"product_brand-tiptiptap","7":"product_cat-gata-park","8":"product_cat-papperskorgar","9":"product_tag-inte-frilagd","10":"product_tag-serie-urban-furniture","11":"desktop-align-center","12":"tablet-align-left","13":"mobile-align-left","15":"first","16":"instock","17":"taxable","18":"shipping-taxable","19":"purchasable","20":"product-type-simple"},"_links":{"self":[{"href":"https:\/\/readymade.se\/core\/wp-json\/wp\/v2\/product\/30649","targetHints":{"allow":["GET"]}}],"collection":[{"href":"https:\/\/readymade.se\/core\/wp-json\/wp\/v2\/product"}],"about":[{"href":"https:\/\/readymade.se\/core\/wp-json\/wp\/v2\/types\/product"}],"wp:featuredmedia":[{"embeddable":true,"href":"https:\/\/readymade.se\/core\/wp-json\/wp\/v2\/media\/30683"}],"wp:attachment":[{"href":"https:\/\/readymade.se\/core\/wp-json\/wp\/v2\/media?parent=30649"}],"wp:term":[{"taxonomy":"product_brand","embeddable":true,"href":"https:\/\/readymade.se\/core\/wp-json\/wp\/v2\/product_brand?post=30649"},{"taxonomy":"product_cat","embeddable":true,"href":"https:\/\/readymade.se\/core\/wp-json\/wp\/v2\/product_cat?post=30649"},{"taxonomy":"product_tag","embeddable":true,"href":"https:\/\/readymade.se\/core\/wp-json\/wp\/v2\/product_tag?post=30649"}],"curies":[{"name":"wp","href":"https:\/\/api.w.org\/{rel}","templated":true}]}}