{"id":30544,"date":"2026-03-04T18:05:28","date_gmt":"2026-03-04T17:05:28","guid":{"rendered":"https:\/\/readymade.se\/core\/?post_type=product&#038;p=30544"},"modified":"2026-03-05T01:51:44","modified_gmt":"2026-03-05T00:51:44","slug":"parkbank-neeme","status":"publish","type":"product","link":"https:\/\/readymade.se\/core\/produkt\/parkbank-neeme\/","title":{"rendered":"Parkb\u00e4nk Neeme"},"content":{"rendered":"<p>Parkb\u00e4nk Neeme \u00e4r en parkb\u00e4nk med ben i exponerad ballastbetong. Metalldelar \u00e4r galvaniserade och pulverlackerade, och tr\u00e4inslagen \u00e4r tillverkade i v\u00e4derbest\u00e4ndig l\u00e4rk. Konstruktionen ger en kombination av betong, st\u00e5l och tr\u00e4 f\u00f6r placering i offentliga utemilj\u00f6er som torg, parker och entr\u00e9er. B\u00e4nken kan f\u00e4stas i mark genom ingjutning eller med ankarskruv, beroende p\u00e5 underlag och krav p\u00e5 fast montage. Uppgifter om sitth\u00f6jd, ryggst\u00f6d eller b\u00e4nkens l\u00e4ngd anges inte i tillg\u00e4nglig produktinformation. Den tydliga konstruktionen g\u00f6r produkten enkel att anv\u00e4nda i vardagen och ger en l\u00f6sning som fungerar i b\u00e5de mindre och st\u00f6rre projekt. Sammantaget \u00e4r det ett h\u00e5llbart val f\u00f6r l\u00e5ngsiktig anv\u00e4ndning i offentlig utemilj\u00f6.<\/p>\n","protected":false},"excerpt":{"rendered":"<p>Parkb\u00e4nk i st\u00e5l, betong och l\u00e4rk.<\/p>\n","protected":false},"featured_media":30587,"template":"","meta":{"site-sidebar-layout":"","site-content-layout":"","ast-site-content-layout":"","site-content-style":"","site-sidebar-style":"","ast-global-header-display":"","ast-banner-title-visibility":"","ast-main-header-display":"","ast-hfb-above-header-display":"","ast-hfb-below-header-display":"","ast-hfb-mobile-header-display":"","site-post-title":"","ast-breadcrumbs-content":"","ast-featured-img":"","footer-sml-layout":"","theme-transparent-header-meta":"","adv-header-id-meta":"","stick-header-meta":"","header-above-stick-meta":"","header-main-stick-meta":"","header-below-stick-meta":"","astra-migrate-meta-layouts":"","ast-page-background-enabled":"default","ast-page-background-meta":{"desktop":{"background-color":"var(--ast-global-color-5)","background-image":"","background-repeat":"repeat","background-position":"center center","background-size":"auto","background-attachment":"scroll","background-type":"","background-media":"","overlay-type":"","overlay-color":"","overlay-opacity":"","overlay-gradient":""},"tablet":{"background-color":"","background-image":"","background-repeat":"repeat","background-position":"center center","background-size":"auto","background-attachment":"scroll","background-type":"","background-media":"","overlay-type":"","overlay-color":"","overlay-opacity":"","overlay-gradient":""},"mobile":{"background-color":"","background-image":"","background-repeat":"repeat","background-position":"center center","background-size":"auto","background-attachment":"scroll","background-type":"","background-media":"","overlay-type":"","overlay-color":"","overlay-opacity":"","overlay-gradient":""}},"ast-content-background-meta":{"desktop":{"background-color":"var(--ast-global-color-4)","background-image":"","background-repeat":"repeat","background-position":"center center","background-size":"auto","background-attachment":"scroll","background-type":"","background-media":"","overlay-type":"","overlay-color":"","overlay-opacity":"","overlay-gradient":""},"tablet":{"background-color":"var(--ast-global-color-4)","background-image":"","background-repeat":"repeat","background-position":"center center","background-size":"auto","background-attachment":"scroll","background-type":"","background-media":"","overlay-type":"","overlay-color":"","overlay-opacity":"","overlay-gradient":""},"mobile":{"background-color":"var(--ast-global-color-4)","background-image":"","background-repeat":"repeat","background-position":"center center","background-size":"auto","background-attachment":"scroll","background-type":"","background-media":"","overlay-type":"","overlay-color":"","overlay-opacity":"","overlay-gradient":""}}},"product_brand":[56],"product_cat":[39,40],"product_tag":[214,155],"class_list":{"0":"post-30544","1":"product","2":"type-product","3":"status-publish","4":"has-post-thumbnail","6":"product_brand-tiptiptap","7":"product_cat-gata-park","8":"product_cat-parkbankar","9":"product_tag-inte-frilagd","10":"product_tag-serie-urban-furniture","11":"desktop-align-center","12":"tablet-align-left","13":"mobile-align-left","15":"first","16":"instock","17":"taxable","18":"shipping-taxable","19":"purchasable","20":"product-type-simple"},"_links":{"self":[{"href":"https:\/\/readymade.se\/core\/wp-json\/wp\/v2\/product\/30544","targetHints":{"allow":["GET"]}}],"collection":[{"href":"https:\/\/readymade.se\/core\/wp-json\/wp\/v2\/product"}],"about":[{"href":"https:\/\/readymade.se\/core\/wp-json\/wp\/v2\/types\/product"}],"wp:featuredmedia":[{"embeddable":true,"href":"https:\/\/readymade.se\/core\/wp-json\/wp\/v2\/media\/30587"}],"wp:attachment":[{"href":"https:\/\/readymade.se\/core\/wp-json\/wp\/v2\/media?parent=30544"}],"wp:term":[{"taxonomy":"product_brand","embeddable":true,"href":"https:\/\/readymade.se\/core\/wp-json\/wp\/v2\/product_brand?post=30544"},{"taxonomy":"product_cat","embeddable":true,"href":"https:\/\/readymade.se\/core\/wp-json\/wp\/v2\/product_cat?post=30544"},{"taxonomy":"product_tag","embeddable":true,"href":"https:\/\/readymade.se\/core\/wp-json\/wp\/v2\/product_tag?post=30544"}],"curies":[{"name":"wp","href":"https:\/\/api.w.org\/{rel}","templated":true}]}}