{"id":30403,"date":"2026-03-04T18:02:17","date_gmt":"2026-03-04T17:02:17","guid":{"rendered":"https:\/\/readymade.se\/core\/?post_type=product&#038;p=30403"},"modified":"2026-03-05T01:51:31","modified_gmt":"2026-03-05T00:51:31","slug":"bankbord-schack","status":"publish","type":"product","link":"https:\/\/readymade.se\/core\/produkt\/bankbord-schack\/","title":{"rendered":"B\u00e4nkbord Schack"},"content":{"rendered":"<p>B\u00e4nkbord Schack \u00e4r ett picknickbord som kombinerar sittplatser med en tydlig spel- och aktivitetsfunktion. Bordet passar f\u00f6r milj\u00f6er d\u00e4r man vill stimulera socialt samspel, strategisk lek och l\u00e4rande utomhus. Schackfunktionen g\u00f6r modellen s\u00e4rskilt l\u00e4mplig f\u00f6r skolg\u00e5rdar, parker och rekreationsomr\u00e5den d\u00e4r bordet anv\u00e4nds b\u00e5de f\u00f6r paus och aktivitet. Den integrerade l\u00f6sningen med bord och b\u00e4nkar ger en naturlig m\u00f6tesplats i vardagen och bidrar till en mer levande utemilj\u00f6. B\u00e4nkbord Schack \u00e4r utvecklat f\u00f6r offentlig anv\u00e4ndning med fokus p\u00e5 funktion, tillg\u00e4nglighet och l\u00e5ngsiktig drift. Produkten \u00e4r utformad f\u00f6r daglig anv\u00e4ndning i offentlig milj\u00f6 och ger stabil funktion \u00f6ver l\u00e5ng tid.<\/p>\n","protected":false},"excerpt":{"rendered":"<p>B\u00e4nkbord med schackfunktion f\u00f6r sociala aktiviteter, paus och utomhuspedagogik.<\/p>\n","protected":false},"featured_media":34501,"template":"","meta":{"site-sidebar-layout":"","site-content-layout":"","ast-site-content-layout":"","site-content-style":"","site-sidebar-style":"","ast-global-header-display":"","ast-banner-title-visibility":"","ast-main-header-display":"","ast-hfb-above-header-display":"","ast-hfb-below-header-display":"","ast-hfb-mobile-header-display":"","site-post-title":"","ast-breadcrumbs-content":"","ast-featured-img":"","footer-sml-layout":"","theme-transparent-header-meta":"","adv-header-id-meta":"","stick-header-meta":"","header-above-stick-meta":"","header-main-stick-meta":"","header-below-stick-meta":"","astra-migrate-meta-layouts":"","ast-page-background-enabled":"default","ast-page-background-meta":{"desktop":{"background-color":"var(--ast-global-color-5)","background-image":"","background-repeat":"repeat","background-position":"center center","background-size":"auto","background-attachment":"scroll","background-type":"","background-media":"","overlay-type":"","overlay-color":"","overlay-opacity":"","overlay-gradient":""},"tablet":{"background-color":"","background-image":"","background-repeat":"repeat","background-position":"center center","background-size":"auto","background-attachment":"scroll","background-type":"","background-media":"","overlay-type":"","overlay-color":"","overlay-opacity":"","overlay-gradient":""},"mobile":{"background-color":"","background-image":"","background-repeat":"repeat","background-position":"center center","background-size":"auto","background-attachment":"scroll","background-type":"","background-media":"","overlay-type":"","overlay-color":"","overlay-opacity":"","overlay-gradient":""}},"ast-content-background-meta":{"desktop":{"background-color":"var(--ast-global-color-4)","background-image":"","background-repeat":"repeat","background-position":"center center","background-size":"auto","background-attachment":"scroll","background-type":"","background-media":"","overlay-type":"","overlay-color":"","overlay-opacity":"","overlay-gradient":""},"tablet":{"background-color":"var(--ast-global-color-4)","background-image":"","background-repeat":"repeat","background-position":"center center","background-size":"auto","background-attachment":"scroll","background-type":"","background-media":"","overlay-type":"","overlay-color":"","overlay-opacity":"","overlay-gradient":""},"mobile":{"background-color":"var(--ast-global-color-4)","background-image":"","background-repeat":"repeat","background-position":"center center","background-size":"auto","background-attachment":"scroll","background-type":"","background-media":"","overlay-type":"","overlay-color":"","overlay-opacity":"","overlay-gradient":""}}},"product_brand":[56],"product_cat":[157,39,66],"product_tag":[141,155],"class_list":{"0":"post-30403","1":"product","2":"type-product","3":"status-publish","4":"has-post-thumbnail","6":"product_brand-tiptiptap","7":"product_cat-bankbord","8":"product_cat-gata-park","9":"product_cat-spel","10":"product_tag-core-gata-park","11":"product_tag-serie-urban-furniture","12":"desktop-align-center","13":"tablet-align-left","14":"mobile-align-left","16":"first","17":"instock","18":"taxable","19":"shipping-taxable","20":"purchasable","21":"product-type-simple"},"_links":{"self":[{"href":"https:\/\/readymade.se\/core\/wp-json\/wp\/v2\/product\/30403","targetHints":{"allow":["GET"]}}],"collection":[{"href":"https:\/\/readymade.se\/core\/wp-json\/wp\/v2\/product"}],"about":[{"href":"https:\/\/readymade.se\/core\/wp-json\/wp\/v2\/types\/product"}],"wp:featuredmedia":[{"embeddable":true,"href":"https:\/\/readymade.se\/core\/wp-json\/wp\/v2\/media\/34501"}],"wp:attachment":[{"href":"https:\/\/readymade.se\/core\/wp-json\/wp\/v2\/media?parent=30403"}],"wp:term":[{"taxonomy":"product_brand","embeddable":true,"href":"https:\/\/readymade.se\/core\/wp-json\/wp\/v2\/product_brand?post=30403"},{"taxonomy":"product_cat","embeddable":true,"href":"https:\/\/readymade.se\/core\/wp-json\/wp\/v2\/product_cat?post=30403"},{"taxonomy":"product_tag","embeddable":true,"href":"https:\/\/readymade.se\/core\/wp-json\/wp\/v2\/product_tag?post=30403"}],"curies":[{"name":"wp","href":"https:\/\/api.w.org\/{rel}","templated":true}]}}