{"id":30323,"date":"2026-03-04T17:59:01","date_gmt":"2026-03-04T16:59:01","guid":{"rendered":"https:\/\/readymade.se\/core\/?post_type=product&#038;p=30323"},"modified":"2026-03-05T01:51:29","modified_gmt":"2026-03-05T00:51:29","slug":"sandlada-2100x2100","status":"publish","type":"product","link":"https:\/\/readymade.se\/core\/produkt\/sandlada-2100x2100\/","title":{"rendered":"Sandl\u00e5da &#8211; 2100&#215;2100"},"content":{"rendered":"<p>Sandl\u00e5da avsedd f\u00f6r barn i \u00e5ldern 1\u20138 \u00e5r, med plats f\u00f6r 6\u20138 barn beroende p\u00e5 sandl\u00e5dans storlek. Sandl\u00e5dan har tv\u00e5 f\u00e4rgade ovala plattor i h\u00f6rnen som kan anv\u00e4ndas f\u00f6r sandkakor eller f\u00f6rvaring av leksaker. Genom h\u00e5let i den stora plattan kan sand enkelt h\u00e4llas tillbaka i sandl\u00e5dan. Sandl\u00e5dan \u00e4r utrustad med ett rullstolsanpassat bord med m\u00e5tten 750&#215;500 mm och h\u00f6jd 340 mm. Levereras med underduk som f\u00f6rhindrar att sand blandas med jord och motverkar ogr\u00e4s.<\/p>\n","protected":false},"excerpt":{"rendered":"<p>Tillg\u00e4nglig sandl\u00e5da med gener\u00f6s lekyta som uppmuntrar gemensam och inkluderande sandlek. Utformad f\u00f6r b\u00e5de lek och tillg\u00e4nglighet.<\/p>\n","protected":false},"featured_media":30406,"template":"","meta":{"site-sidebar-layout":"","site-content-layout":"","ast-site-content-layout":"","site-content-style":"","site-sidebar-style":"","ast-global-header-display":"","ast-banner-title-visibility":"","ast-main-header-display":"","ast-hfb-above-header-display":"","ast-hfb-below-header-display":"","ast-hfb-mobile-header-display":"","site-post-title":"","ast-breadcrumbs-content":"","ast-featured-img":"","footer-sml-layout":"","theme-transparent-header-meta":"","adv-header-id-meta":"","stick-header-meta":"","header-above-stick-meta":"","header-main-stick-meta":"","header-below-stick-meta":"","astra-migrate-meta-layouts":"","ast-page-background-enabled":"default","ast-page-background-meta":{"desktop":{"background-color":"var(--ast-global-color-5)","background-image":"","background-repeat":"repeat","background-position":"center center","background-size":"auto","background-attachment":"scroll","background-type":"","background-media":"","overlay-type":"","overlay-color":"","overlay-opacity":"","overlay-gradient":""},"tablet":{"background-color":"","background-image":"","background-repeat":"repeat","background-position":"center center","background-size":"auto","background-attachment":"scroll","background-type":"","background-media":"","overlay-type":"","overlay-color":"","overlay-opacity":"","overlay-gradient":""},"mobile":{"background-color":"","background-image":"","background-repeat":"repeat","background-position":"center center","background-size":"auto","background-attachment":"scroll","background-type":"","background-media":"","overlay-type":"","overlay-color":"","overlay-opacity":"","overlay-gradient":""}},"ast-content-background-meta":{"desktop":{"background-color":"var(--ast-global-color-4)","background-image":"","background-repeat":"repeat","background-position":"center center","background-size":"auto","background-attachment":"scroll","background-type":"","background-media":"","overlay-type":"","overlay-color":"","overlay-opacity":"","overlay-gradient":""},"tablet":{"background-color":"var(--ast-global-color-4)","background-image":"","background-repeat":"repeat","background-position":"center center","background-size":"auto","background-attachment":"scroll","background-type":"","background-media":"","overlay-type":"","overlay-color":"","overlay-opacity":"","overlay-gradient":""},"mobile":{"background-color":"var(--ast-global-color-4)","background-image":"","background-repeat":"repeat","background-position":"center center","background-size":"auto","background-attachment":"scroll","background-type":"","background-media":"","overlay-type":"","overlay-color":"","overlay-opacity":"","overlay-gradient":""}}},"product_brand":[56],"product_cat":[124,132],"product_tag":[153],"class_list":{"0":"post-30323","1":"product","2":"type-product","3":"status-publish","4":"has-post-thumbnail","6":"product_brand-tiptiptap","7":"product_cat-sand-vattenlek","8":"product_cat-sandlador-sand-vattenlek","9":"product_tag-serie-standard","10":"desktop-align-center","11":"tablet-align-left","12":"mobile-align-left","14":"first","15":"instock","16":"taxable","17":"shipping-taxable","18":"purchasable","19":"product-type-variable","20":"has-default-attributes"},"_links":{"self":[{"href":"https:\/\/readymade.se\/core\/wp-json\/wp\/v2\/product\/30323","targetHints":{"allow":["GET"]}}],"collection":[{"href":"https:\/\/readymade.se\/core\/wp-json\/wp\/v2\/product"}],"about":[{"href":"https:\/\/readymade.se\/core\/wp-json\/wp\/v2\/types\/product"}],"wp:featuredmedia":[{"embeddable":true,"href":"https:\/\/readymade.se\/core\/wp-json\/wp\/v2\/media\/30406"}],"wp:attachment":[{"href":"https:\/\/readymade.se\/core\/wp-json\/wp\/v2\/media?parent=30323"}],"wp:term":[{"taxonomy":"product_brand","embeddable":true,"href":"https:\/\/readymade.se\/core\/wp-json\/wp\/v2\/product_brand?post=30323"},{"taxonomy":"product_cat","embeddable":true,"href":"https:\/\/readymade.se\/core\/wp-json\/wp\/v2\/product_cat?post=30323"},{"taxonomy":"product_tag","embeddable":true,"href":"https:\/\/readymade.se\/core\/wp-json\/wp\/v2\/product_tag?post=30323"}],"curies":[{"name":"wp","href":"https:\/\/api.w.org\/{rel}","templated":true}]}}