{"id":29671,"date":"2026-03-04T17:45:47","date_gmt":"2026-03-04T16:45:47","guid":{"rendered":"https:\/\/readymade.se\/core\/?post_type=product&#038;p=29671"},"modified":"2026-03-05T01:50:20","modified_gmt":"2026-03-05T00:50:20","slug":"skateboard-birgitta","status":"publish","type":"product","link":"https:\/\/readymade.se\/core\/produkt\/skateboard-birgitta\/","title":{"rendered":"Skateboard Birgitta"},"content":{"rendered":"<p>Banker liknar Quarterpipes men saknar den b\u00f6jda ytan och kan vara helt plana eller l\u00e4tt lutande. Denna platta bank placeras vanligtvis vid skateparkens omkrets och anv\u00e4nds f\u00f6r att droppa in, starta ett \u00e5kpass eller utf\u00f6ra tekniska trick. Den fungerar \u00e4ven som ett m\u00e5ngsidigt element f\u00f6r olika typer av man\u00f6vrar. Utrustningen levereras utan s\u00e4kerhetsr\u00e4cken. F\u00f6r element upp till 1 m h\u00f6jd rekommenderas s\u00e4kerhetsskenor f\u00f6r extra s\u00e4kerhet. Fr\u00e5n 1 m h\u00f6jd och upp\u00e5t \u00e4r s\u00e4kerhetsr\u00e4cken obligatoriska enligt g\u00e4llande s\u00e4kerhetsstandarder. S\u00e4kerhetsskena kan l\u00e4ggas till separat i korgen.<\/p>\n","protected":false},"excerpt":{"rendered":"<p>Stor flat bank f\u00f6r stabil skate\u00e5kning och tekniska trick.<\/p>\n","protected":false},"featured_media":29715,"template":"","meta":{"site-sidebar-layout":"","site-content-layout":"","ast-site-content-layout":"","site-content-style":"","site-sidebar-style":"","ast-global-header-display":"","ast-banner-title-visibility":"","ast-main-header-display":"","ast-hfb-above-header-display":"","ast-hfb-below-header-display":"","ast-hfb-mobile-header-display":"","site-post-title":"","ast-breadcrumbs-content":"","ast-featured-img":"","footer-sml-layout":"","theme-transparent-header-meta":"","adv-header-id-meta":"","stick-header-meta":"","header-above-stick-meta":"","header-main-stick-meta":"","header-below-stick-meta":"","astra-migrate-meta-layouts":"","ast-page-background-enabled":"default","ast-page-background-meta":{"desktop":{"background-color":"var(--ast-global-color-5)","background-image":"","background-repeat":"repeat","background-position":"center center","background-size":"auto","background-attachment":"scroll","background-type":"","background-media":"","overlay-type":"","overlay-color":"","overlay-opacity":"","overlay-gradient":""},"tablet":{"background-color":"","background-image":"","background-repeat":"repeat","background-position":"center center","background-size":"auto","background-attachment":"scroll","background-type":"","background-media":"","overlay-type":"","overlay-color":"","overlay-opacity":"","overlay-gradient":""},"mobile":{"background-color":"","background-image":"","background-repeat":"repeat","background-position":"center center","background-size":"auto","background-attachment":"scroll","background-type":"","background-media":"","overlay-type":"","overlay-color":"","overlay-opacity":"","overlay-gradient":""}},"ast-content-background-meta":{"desktop":{"background-color":"var(--ast-global-color-4)","background-image":"","background-repeat":"repeat","background-position":"center center","background-size":"auto","background-attachment":"scroll","background-type":"","background-media":"","overlay-type":"","overlay-color":"","overlay-opacity":"","overlay-gradient":""},"tablet":{"background-color":"var(--ast-global-color-4)","background-image":"","background-repeat":"repeat","background-position":"center center","background-size":"auto","background-attachment":"scroll","background-type":"","background-media":"","overlay-type":"","overlay-color":"","overlay-opacity":"","overlay-gradient":""},"mobile":{"background-color":"var(--ast-global-color-4)","background-image":"","background-repeat":"repeat","background-position":"center center","background-size":"auto","background-attachment":"scroll","background-type":"","background-media":"","overlay-type":"","overlay-color":"","overlay-opacity":"","overlay-gradient":""}}},"product_brand":[56],"product_cat":[73,161],"product_tag":[160],"class_list":{"0":"post-29671","1":"product","2":"type-product","3":"status-publish","4":"has-post-thumbnail","6":"product_brand-tiptiptap","7":"product_cat-skateboard","8":"product_cat-skateparks","9":"product_tag-serie-skateparks","10":"desktop-align-center","11":"tablet-align-left","12":"mobile-align-left","14":"first","15":"instock","16":"taxable","17":"shipping-taxable","18":"purchasable","19":"product-type-variable","20":"has-default-attributes"},"_links":{"self":[{"href":"https:\/\/readymade.se\/core\/wp-json\/wp\/v2\/product\/29671","targetHints":{"allow":["GET"]}}],"collection":[{"href":"https:\/\/readymade.se\/core\/wp-json\/wp\/v2\/product"}],"about":[{"href":"https:\/\/readymade.se\/core\/wp-json\/wp\/v2\/types\/product"}],"wp:featuredmedia":[{"embeddable":true,"href":"https:\/\/readymade.se\/core\/wp-json\/wp\/v2\/media\/29715"}],"wp:attachment":[{"href":"https:\/\/readymade.se\/core\/wp-json\/wp\/v2\/media?parent=29671"}],"wp:term":[{"taxonomy":"product_brand","embeddable":true,"href":"https:\/\/readymade.se\/core\/wp-json\/wp\/v2\/product_brand?post=29671"},{"taxonomy":"product_cat","embeddable":true,"href":"https:\/\/readymade.se\/core\/wp-json\/wp\/v2\/product_cat?post=29671"},{"taxonomy":"product_tag","embeddable":true,"href":"https:\/\/readymade.se\/core\/wp-json\/wp\/v2\/product_tag?post=29671"}],"curies":[{"name":"wp","href":"https:\/\/api.w.org\/{rel}","templated":true}]}}