{"id":29271,"date":"2026-03-04T17:33:12","date_gmt":"2026-03-04T16:33:12","guid":{"rendered":"https:\/\/readymade.se\/core\/?post_type=product&#038;p=29271"},"modified":"2026-03-05T01:48:46","modified_gmt":"2026-03-05T00:48:46","slug":"modulstangsel-plast-zn-20-m","status":"publish","type":"product","link":"https:\/\/readymade.se\/core\/produkt\/modulstangsel-plast-zn-20-m\/","title":{"rendered":"Modulst\u00e4ngsel Plast Zn 2,0 m"},"content":{"rendered":"<p>Modulst\u00e4ngsel Plast Zn 2,0 m \u00e4r ett l\u00e4tt och praktiskt avgr\u00e4nsningsst\u00e4ngsel f\u00f6r ytor d\u00e4r snabb montering och l\u00e5g driftbelastning \u00e4r prioriterat. St\u00e4ngslet \u00e4r uppbyggt av plastmoduler med varmf\u00f6rzinkad metallf\u00f6rst\u00e4rkning som ger b\u00e4ttre stabilitet och korrosionsskydd i utomhusmilj\u00f6. Modellen passar som tydlig omr\u00e5desmarkering i parker, serviceytor och andra l\u00e4ttare avgr\u00e4nsningsprojekt. Den modul\u00e4ra uppbyggnaden g\u00f6r det enkelt att planera och anpassa installationen efter platsens behov. En funktionell l\u00f6sning n\u00e4r du vill kombinera l\u00e5g vikt, enkel hantering och h\u00e5llbar prestanda \u00f6ver tid. Produkten \u00e4r anpassad f\u00f6r daglig anv\u00e4ndning i utemilj\u00f6 och ger stabil funktion \u00f6ver tid.<\/p>\n","protected":false},"excerpt":{"rendered":"<p>Modulst\u00e4ngsel plast Zn 2,0 m med varmf\u00f6rzinkad metallf\u00f6rst\u00e4rkning f\u00f6r l\u00e4tt avgr\u00e4nsning.<\/p>\n","protected":false},"featured_media":29304,"template":"","meta":{"site-sidebar-layout":"","site-content-layout":"","ast-site-content-layout":"","site-content-style":"","site-sidebar-style":"","ast-global-header-display":"","ast-banner-title-visibility":"","ast-main-header-display":"","ast-hfb-above-header-display":"","ast-hfb-below-header-display":"","ast-hfb-mobile-header-display":"","site-post-title":"","ast-breadcrumbs-content":"","ast-featured-img":"","footer-sml-layout":"","theme-transparent-header-meta":"","adv-header-id-meta":"","stick-header-meta":"","header-above-stick-meta":"","header-main-stick-meta":"","header-below-stick-meta":"","astra-migrate-meta-layouts":"","ast-page-background-enabled":"default","ast-page-background-meta":{"desktop":{"background-color":"var(--ast-global-color-5)","background-image":"","background-repeat":"repeat","background-position":"center center","background-size":"auto","background-attachment":"scroll","background-type":"","background-media":"","overlay-type":"","overlay-color":"","overlay-opacity":"","overlay-gradient":""},"tablet":{"background-color":"","background-image":"","background-repeat":"repeat","background-position":"center center","background-size":"auto","background-attachment":"scroll","background-type":"","background-media":"","overlay-type":"","overlay-color":"","overlay-opacity":"","overlay-gradient":""},"mobile":{"background-color":"","background-image":"","background-repeat":"repeat","background-position":"center center","background-size":"auto","background-attachment":"scroll","background-type":"","background-media":"","overlay-type":"","overlay-color":"","overlay-opacity":"","overlay-gradient":""}},"ast-content-background-meta":{"desktop":{"background-color":"var(--ast-global-color-4)","background-image":"","background-repeat":"repeat","background-position":"center center","background-size":"auto","background-attachment":"scroll","background-type":"","background-media":"","overlay-type":"","overlay-color":"","overlay-opacity":"","overlay-gradient":""},"tablet":{"background-color":"var(--ast-global-color-4)","background-image":"","background-repeat":"repeat","background-position":"center center","background-size":"auto","background-attachment":"scroll","background-type":"","background-media":"","overlay-type":"","overlay-color":"","overlay-opacity":"","overlay-gradient":""},"mobile":{"background-color":"var(--ast-global-color-4)","background-image":"","background-repeat":"repeat","background-position":"center center","background-size":"auto","background-attachment":"scroll","background-type":"","background-media":"","overlay-type":"","overlay-color":"","overlay-opacity":"","overlay-gradient":""}}},"product_brand":[56],"product_cat":[39,67],"product_tag":[155],"class_list":{"0":"post-29271","1":"product","2":"type-product","3":"status-publish","4":"has-post-thumbnail","6":"product_brand-tiptiptap","7":"product_cat-gata-park","8":"product_cat-staket","9":"product_tag-serie-urban-furniture","10":"desktop-align-center","11":"tablet-align-left","12":"mobile-align-left","14":"first","15":"instock","16":"taxable","17":"shipping-taxable","18":"purchasable","19":"product-type-simple"},"_links":{"self":[{"href":"https:\/\/readymade.se\/core\/wp-json\/wp\/v2\/product\/29271","targetHints":{"allow":["GET"]}}],"collection":[{"href":"https:\/\/readymade.se\/core\/wp-json\/wp\/v2\/product"}],"about":[{"href":"https:\/\/readymade.se\/core\/wp-json\/wp\/v2\/types\/product"}],"wp:featuredmedia":[{"embeddable":true,"href":"https:\/\/readymade.se\/core\/wp-json\/wp\/v2\/media\/29304"}],"wp:attachment":[{"href":"https:\/\/readymade.se\/core\/wp-json\/wp\/v2\/media?parent=29271"}],"wp:term":[{"taxonomy":"product_brand","embeddable":true,"href":"https:\/\/readymade.se\/core\/wp-json\/wp\/v2\/product_brand?post=29271"},{"taxonomy":"product_cat","embeddable":true,"href":"https:\/\/readymade.se\/core\/wp-json\/wp\/v2\/product_cat?post=29271"},{"taxonomy":"product_tag","embeddable":true,"href":"https:\/\/readymade.se\/core\/wp-json\/wp\/v2\/product_tag?post=29271"}],"curies":[{"name":"wp","href":"https:\/\/api.w.org\/{rel}","templated":true}]}}