{"id":29158,"date":"2026-03-04T17:30:44","date_gmt":"2026-03-04T16:30:44","guid":{"rendered":"https:\/\/readymade.se\/core\/?post_type=product&#038;p=29158"},"modified":"2026-03-05T01:48:22","modified_gmt":"2026-03-05T00:48:22","slug":"temalek-naturstolpar","status":"publish","type":"product","link":"https:\/\/readymade.se\/core\/produkt\/temalek-naturstolpar\/","title":{"rendered":"Temalek Naturstolpar"},"content":{"rendered":"<p>Temalek Naturstolpar \u00e4r en del av serien Tribute to Wildlife och \u00e4r framtagen f\u00f6r lekplatser, f\u00f6rskoleg\u00e5rdar och andra offentliga utemilj\u00f6er. Produkten f\u00f6rst\u00e4rker seriens djur- och naturtema och uppmuntrar ber\u00e4ttande lek, r\u00f6relse och samarbete. Konstruktionen \u00e4r anpassad f\u00f6r regelbunden anv\u00e4ndning i offentlig drift och f\u00f6r att beh\u00e5lla funktion \u00f6ver l\u00e5ng tid. Rekommenderad \u00e5lder: 4+. En h\u00e5llbar l\u00f6sning f\u00f6r trygg och inspirerande lek i naturinspirerad milj\u00f6.<\/p>\n","protected":false},"excerpt":{"rendered":"<p>Temalekprodukt i serien Tribute to Wildlife f\u00f6r offentlig utemilj\u00f6 som st\u00e4rker fantasi och samspel.<\/p>\n","protected":false},"featured_media":29210,"template":"","meta":{"site-sidebar-layout":"default","site-content-layout":"","ast-site-content-layout":"default","site-content-style":"default","site-sidebar-style":"default","ast-global-header-display":"","ast-banner-title-visibility":"","ast-main-header-display":"","ast-hfb-above-header-display":"","ast-hfb-below-header-display":"","ast-hfb-mobile-header-display":"","site-post-title":"","ast-breadcrumbs-content":"","ast-featured-img":"","footer-sml-layout":"","theme-transparent-header-meta":"default","adv-header-id-meta":"","stick-header-meta":"","header-above-stick-meta":"","header-main-stick-meta":"","header-below-stick-meta":"","astra-migrate-meta-layouts":"set","ast-page-background-enabled":"default","ast-page-background-meta":{"desktop":{"background-color":"var(--ast-global-color-5)","background-image":"","background-repeat":"repeat","background-position":"center center","background-size":"auto","background-attachment":"scroll","background-type":"","background-media":"","overlay-type":"","overlay-color":"","overlay-opacity":"","overlay-gradient":""},"tablet":{"background-color":"","background-image":"","background-repeat":"repeat","background-position":"center center","background-size":"auto","background-attachment":"scroll","background-type":"","background-media":"","overlay-type":"","overlay-color":"","overlay-opacity":"","overlay-gradient":""},"mobile":{"background-color":"","background-image":"","background-repeat":"repeat","background-position":"center center","background-size":"auto","background-attachment":"scroll","background-type":"","background-media":"","overlay-type":"","overlay-color":"","overlay-opacity":"","overlay-gradient":""}},"ast-content-background-meta":{"desktop":{"background-color":"var(--ast-global-color-4)","background-image":"","background-repeat":"repeat","background-position":"center center","background-size":"auto","background-attachment":"scroll","background-type":"","background-media":"","overlay-type":"","overlay-color":"","overlay-opacity":"","overlay-gradient":""},"tablet":{"background-color":"var(--ast-global-color-4)","background-image":"","background-repeat":"repeat","background-position":"center center","background-size":"auto","background-attachment":"scroll","background-type":"","background-media":"","overlay-type":"","overlay-color":"","overlay-opacity":"","overlay-gradient":""},"mobile":{"background-color":"var(--ast-global-color-4)","background-image":"","background-repeat":"repeat","background-position":"center center","background-size":"auto","background-attachment":"scroll","background-type":"","background-media":"","overlay-type":"","overlay-color":"","overlay-opacity":"","overlay-gradient":""}}},"product_brand":[56],"product_cat":[134],"product_tag":[214,173],"class_list":{"0":"post-29158","1":"product","2":"type-product","3":"status-publish","4":"has-post-thumbnail","6":"product_brand-tiptiptap","7":"product_cat-temalek","8":"product_tag-inte-frilagd","9":"product_tag-serie-tribute-to-wildlife","10":"desktop-align-center","11":"tablet-align-left","12":"mobile-align-left","14":"first","15":"instock","16":"taxable","17":"shipping-taxable","18":"purchasable","19":"product-type-simple"},"_links":{"self":[{"href":"https:\/\/readymade.se\/core\/wp-json\/wp\/v2\/product\/29158","targetHints":{"allow":["GET"]}}],"collection":[{"href":"https:\/\/readymade.se\/core\/wp-json\/wp\/v2\/product"}],"about":[{"href":"https:\/\/readymade.se\/core\/wp-json\/wp\/v2\/types\/product"}],"wp:featuredmedia":[{"embeddable":true,"href":"https:\/\/readymade.se\/core\/wp-json\/wp\/v2\/media\/29210"}],"wp:attachment":[{"href":"https:\/\/readymade.se\/core\/wp-json\/wp\/v2\/media?parent=29158"}],"wp:term":[{"taxonomy":"product_brand","embeddable":true,"href":"https:\/\/readymade.se\/core\/wp-json\/wp\/v2\/product_brand?post=29158"},{"taxonomy":"product_cat","embeddable":true,"href":"https:\/\/readymade.se\/core\/wp-json\/wp\/v2\/product_cat?post=29158"},{"taxonomy":"product_tag","embeddable":true,"href":"https:\/\/readymade.se\/core\/wp-json\/wp\/v2\/product_tag?post=29158"}],"curies":[{"name":"wp","href":"https:\/\/api.w.org\/{rel}","templated":true}]}}