{"id":29080,"date":"2026-03-04T17:28:43","date_gmt":"2026-03-04T16:28:43","guid":{"rendered":"https:\/\/readymade.se\/core\/?post_type=product&#038;p=29080"},"modified":"2026-03-05T01:48:10","modified_gmt":"2026-03-05T00:48:10","slug":"lekhus-talgoxe","status":"publish","type":"product","link":"https:\/\/readymade.se\/core\/produkt\/lekhus-talgoxe\/","title":{"rendered":"Lekhus Talgoxe"},"content":{"rendered":"<p>Lekhus Talgoxe \u00e4r en del av serien Tribute to Wildlife och \u00e4r framtagen f\u00f6r lekplatser, f\u00f6rskoleg\u00e5rdar och andra offentliga utemilj\u00f6er. Produkten skapar en tydlig plats f\u00f6r rollekar, samspel och \u00e5terh\u00e4mtning mellan olika lekmoment. Konstruktionen \u00e4r anpassad f\u00f6r regelbunden anv\u00e4ndning i offentlig drift och f\u00f6r att beh\u00e5lla funktion \u00f6ver l\u00e5ng tid. M\u00e5tt enligt specifikation: cirka 3 x 0,91 x 1,45 m. Rekommenderad \u00e5lder: 1+. En h\u00e5llbar l\u00f6sning f\u00f6r trygg och inspirerande lek i naturinspirerad milj\u00f6.<\/p>\n","protected":false},"excerpt":{"rendered":"<p>Lekhus i serien Tribute to Wildlife f\u00f6r offentlig utemilj\u00f6 som skapar en trygg och kreativ rolleksmilj\u00f6.<\/p>\n","protected":false},"featured_media":33088,"template":"","meta":{"site-sidebar-layout":"default","site-content-layout":"","ast-site-content-layout":"default","site-content-style":"default","site-sidebar-style":"default","ast-global-header-display":"","ast-banner-title-visibility":"","ast-main-header-display":"","ast-hfb-above-header-display":"","ast-hfb-below-header-display":"","ast-hfb-mobile-header-display":"","site-post-title":"","ast-breadcrumbs-content":"","ast-featured-img":"","footer-sml-layout":"","theme-transparent-header-meta":"default","adv-header-id-meta":"","stick-header-meta":"","header-above-stick-meta":"","header-main-stick-meta":"","header-below-stick-meta":"","astra-migrate-meta-layouts":"set","ast-page-background-enabled":"default","ast-page-background-meta":{"desktop":{"background-color":"var(--ast-global-color-5)","background-image":"","background-repeat":"repeat","background-position":"center center","background-size":"auto","background-attachment":"scroll","background-type":"","background-media":"","overlay-type":"","overlay-color":"","overlay-opacity":"","overlay-gradient":""},"tablet":{"background-color":"","background-image":"","background-repeat":"repeat","background-position":"center center","background-size":"auto","background-attachment":"scroll","background-type":"","background-media":"","overlay-type":"","overlay-color":"","overlay-opacity":"","overlay-gradient":""},"mobile":{"background-color":"","background-image":"","background-repeat":"repeat","background-position":"center center","background-size":"auto","background-attachment":"scroll","background-type":"","background-media":"","overlay-type":"","overlay-color":"","overlay-opacity":"","overlay-gradient":""}},"ast-content-background-meta":{"desktop":{"background-color":"var(--ast-global-color-4)","background-image":"","background-repeat":"repeat","background-position":"center center","background-size":"auto","background-attachment":"scroll","background-type":"","background-media":"","overlay-type":"","overlay-color":"","overlay-opacity":"","overlay-gradient":""},"tablet":{"background-color":"var(--ast-global-color-4)","background-image":"","background-repeat":"repeat","background-position":"center center","background-size":"auto","background-attachment":"scroll","background-type":"","background-media":"","overlay-type":"","overlay-color":"","overlay-opacity":"","overlay-gradient":""},"mobile":{"background-color":"var(--ast-global-color-4)","background-image":"","background-repeat":"repeat","background-position":"center center","background-size":"auto","background-attachment":"scroll","background-type":"","background-media":"","overlay-type":"","overlay-color":"","overlay-opacity":"","overlay-gradient":""}}},"product_brand":[56],"product_cat":[144],"product_tag":[173],"class_list":{"0":"post-29080","1":"product","2":"type-product","3":"status-publish","4":"has-post-thumbnail","6":"product_brand-tiptiptap","7":"product_cat-lekhus","8":"product_tag-serie-tribute-to-wildlife","9":"desktop-align-center","10":"tablet-align-left","11":"mobile-align-left","13":"first","14":"instock","15":"taxable","16":"shipping-taxable","17":"purchasable","18":"product-type-simple"},"_links":{"self":[{"href":"https:\/\/readymade.se\/core\/wp-json\/wp\/v2\/product\/29080","targetHints":{"allow":["GET"]}}],"collection":[{"href":"https:\/\/readymade.se\/core\/wp-json\/wp\/v2\/product"}],"about":[{"href":"https:\/\/readymade.se\/core\/wp-json\/wp\/v2\/types\/product"}],"wp:featuredmedia":[{"embeddable":true,"href":"https:\/\/readymade.se\/core\/wp-json\/wp\/v2\/media\/33088"}],"wp:attachment":[{"href":"https:\/\/readymade.se\/core\/wp-json\/wp\/v2\/media?parent=29080"}],"wp:term":[{"taxonomy":"product_brand","embeddable":true,"href":"https:\/\/readymade.se\/core\/wp-json\/wp\/v2\/product_brand?post=29080"},{"taxonomy":"product_cat","embeddable":true,"href":"https:\/\/readymade.se\/core\/wp-json\/wp\/v2\/product_cat?post=29080"},{"taxonomy":"product_tag","embeddable":true,"href":"https:\/\/readymade.se\/core\/wp-json\/wp\/v2\/product_tag?post=29080"}],"curies":[{"name":"wp","href":"https:\/\/api.w.org\/{rel}","templated":true}]}}