{"id":28828,"date":"2026-03-04T17:20:58","date_gmt":"2026-03-04T16:20:58","guid":{"rendered":"https:\/\/readymade.se\/core\/?post_type=product&#038;p=28828"},"modified":"2026-03-05T01:47:41","modified_gmt":"2026-03-05T00:47:41","slug":"balans-motorik-balansspar-8","status":"publish","type":"product","link":"https:\/\/readymade.se\/core\/produkt\/balans-motorik-balansspar-8\/","title":{"rendered":"Balans &#038; motorik Balanssp\u00e5r 8"},"content":{"rendered":"<p>Produkten best\u00e5r av olika balans-, koordinations- och motoriska f\u00e4rdighetselement som monteras i f\u00f6ljd och g\u00f6r att anv\u00e4ndarna kan f\u00f6rflytta sig fr\u00e5n startpunkten till slutpunkten utan att beh\u00f6va s\u00e4tta sin fot p\u00e5 marken. Produkten har tv\u00e5 olika handlingsv\u00e4ggar f\u00f6r att f\u00f6rb\u00e4ttra koordinationen av fingrar och h\u00e4nder. Passar \u00e4ven seniorer!<\/p>\n","protected":false},"excerpt":{"rendered":"<p>Produkten best\u00e5r av olika balans-, koordinations- och motoriska f\u00e4rdighetselement som monteras i f\u00f6ljd och g\u00f6r att anv\u00e4ndarna kan f\u00f6rflytta sig fr\u00e5n startpunkten till slutpunkten utan att beh\u00f6va s\u00e4tta sin fot p\u00e5 marken. Produkten har tv\u00e5 olika handlingsv\u00e4ggar f\u00f6r att f\u00f6rb\u00e4ttra koordinationen av fingrar och h\u00e4nder. Passar \u00e4ven seniorer!<\/p>\n","protected":false},"featured_media":28877,"template":"","meta":{"site-sidebar-layout":"","site-content-layout":"","ast-site-content-layout":"","site-content-style":"","site-sidebar-style":"","ast-global-header-display":"","ast-banner-title-visibility":"","ast-main-header-display":"","ast-hfb-above-header-display":"","ast-hfb-below-header-display":"","ast-hfb-mobile-header-display":"","site-post-title":"","ast-breadcrumbs-content":"","ast-featured-img":"","footer-sml-layout":"","theme-transparent-header-meta":"","adv-header-id-meta":"","stick-header-meta":"","header-above-stick-meta":"","header-main-stick-meta":"","header-below-stick-meta":"","astra-migrate-meta-layouts":"","ast-page-background-enabled":"default","ast-page-background-meta":{"desktop":{"background-color":"var(--ast-global-color-5)","background-image":"","background-repeat":"repeat","background-position":"center center","background-size":"auto","background-attachment":"scroll","background-type":"","background-media":"","overlay-type":"","overlay-color":"","overlay-opacity":"","overlay-gradient":""},"tablet":{"background-color":"","background-image":"","background-repeat":"repeat","background-position":"center center","background-size":"auto","background-attachment":"scroll","background-type":"","background-media":"","overlay-type":"","overlay-color":"","overlay-opacity":"","overlay-gradient":""},"mobile":{"background-color":"","background-image":"","background-repeat":"repeat","background-position":"center center","background-size":"auto","background-attachment":"scroll","background-type":"","background-media":"","overlay-type":"","overlay-color":"","overlay-opacity":"","overlay-gradient":""}},"ast-content-background-meta":{"desktop":{"background-color":"var(--ast-global-color-4)","background-image":"","background-repeat":"repeat","background-position":"center center","background-size":"auto","background-attachment":"scroll","background-type":"","background-media":"","overlay-type":"","overlay-color":"","overlay-opacity":"","overlay-gradient":""},"tablet":{"background-color":"var(--ast-global-color-4)","background-image":"","background-repeat":"repeat","background-position":"center center","background-size":"auto","background-attachment":"scroll","background-type":"","background-media":"","overlay-type":"","overlay-color":"","overlay-opacity":"","overlay-gradient":""},"mobile":{"background-color":"var(--ast-global-color-4)","background-image":"","background-repeat":"repeat","background-position":"center center","background-size":"auto","background-attachment":"scroll","background-type":"","background-media":"","overlay-type":"","overlay-color":"","overlay-opacity":"","overlay-gradient":""}}},"product_brand":[56],"product_cat":[133],"product_tag":[153],"class_list":{"0":"post-28828","1":"product","2":"type-product","3":"status-publish","4":"has-post-thumbnail","6":"product_brand-tiptiptap","7":"product_cat-balans-motorik","8":"product_tag-serie-standard","9":"desktop-align-center","10":"tablet-align-left","11":"mobile-align-left","13":"first","14":"instock","15":"taxable","16":"shipping-taxable","17":"purchasable","18":"product-type-variable","19":"has-default-attributes"},"_links":{"self":[{"href":"https:\/\/readymade.se\/core\/wp-json\/wp\/v2\/product\/28828","targetHints":{"allow":["GET"]}}],"collection":[{"href":"https:\/\/readymade.se\/core\/wp-json\/wp\/v2\/product"}],"about":[{"href":"https:\/\/readymade.se\/core\/wp-json\/wp\/v2\/types\/product"}],"wp:featuredmedia":[{"embeddable":true,"href":"https:\/\/readymade.se\/core\/wp-json\/wp\/v2\/media\/28877"}],"wp:attachment":[{"href":"https:\/\/readymade.se\/core\/wp-json\/wp\/v2\/media?parent=28828"}],"wp:term":[{"taxonomy":"product_brand","embeddable":true,"href":"https:\/\/readymade.se\/core\/wp-json\/wp\/v2\/product_brand?post=28828"},{"taxonomy":"product_cat","embeddable":true,"href":"https:\/\/readymade.se\/core\/wp-json\/wp\/v2\/product_cat?post=28828"},{"taxonomy":"product_tag","embeddable":true,"href":"https:\/\/readymade.se\/core\/wp-json\/wp\/v2\/product_tag?post=28828"}],"curies":[{"name":"wp","href":"https:\/\/api.w.org\/{rel}","templated":true}]}}