{"id":28274,"date":"2026-03-04T17:05:23","date_gmt":"2026-03-04T16:05:23","guid":{"rendered":"https:\/\/readymade.se\/core\/?post_type=product&#038;p=28274"},"modified":"2026-03-05T01:46:14","modified_gmt":"2026-03-05T00:46:14","slug":"sparkcykelstall-brisa-4-vagg","status":"publish","type":"product","link":"https:\/\/readymade.se\/core\/produkt\/sparkcykelstall-brisa-4-vagg\/","title":{"rendered":"Sparkcykelst\u00e4ll Brisa 4 v\u00e4gg"},"content":{"rendered":"<p>Sparkcykelst\u00e4ll Brisa 4 v\u00e4gg \u00e4r ett v\u00e4ggmonterat st\u00e4ll med 4 platser. Det kan h\u00e5lla upp till fyra sparkcyklar samtidigt, \u00e4ven i olika storlekar och modeller, och \u00e4r avsett f\u00f6r installation i offentliga milj\u00f6er. St\u00e4llet \u00e4r l\u00e5sbart och tillverkat i varmf\u00f6rzinkad metall\/st\u00e5l med plastdetaljer enligt materialangivelsen. Vid behov kan produkten best\u00e4llas med m\u00e5lning. Det finns \u00e4ven m\u00f6jlighet att komplettera med en informationsskylt. Brisa 4 v\u00e4gg ger en tydlig parkeringspunkt f\u00f6r sparkcyklar. Utformningen \u00e4r anpassad f\u00f6r att ta emot sparkcyklar av olika utf\u00f6randen. F\u00f6r offentliga projekt kan informationsskylten anv\u00e4ndas f\u00f6r enkel v\u00e4gledning.<\/p>\n","protected":false},"excerpt":{"rendered":"<p>Sparkcykelst\u00e4ll med 4 platser i varmf\u00f6rzinkat st\u00e5l och plast.<\/p>\n","protected":false},"featured_media":28347,"template":"","meta":{"site-sidebar-layout":"default","site-content-layout":"","ast-site-content-layout":"default","site-content-style":"default","site-sidebar-style":"default","ast-global-header-display":"","ast-banner-title-visibility":"","ast-main-header-display":"","ast-hfb-above-header-display":"","ast-hfb-below-header-display":"","ast-hfb-mobile-header-display":"","site-post-title":"","ast-breadcrumbs-content":"","ast-featured-img":"","footer-sml-layout":"","theme-transparent-header-meta":"default","adv-header-id-meta":"","stick-header-meta":"","header-above-stick-meta":"","header-main-stick-meta":"","header-below-stick-meta":"","astra-migrate-meta-layouts":"set","ast-page-background-enabled":"default","ast-page-background-meta":{"desktop":{"background-color":"var(--ast-global-color-5)","background-image":"","background-repeat":"repeat","background-position":"center center","background-size":"auto","background-attachment":"scroll","background-type":"","background-media":"","overlay-type":"","overlay-color":"","overlay-opacity":"","overlay-gradient":""},"tablet":{"background-color":"","background-image":"","background-repeat":"repeat","background-position":"center center","background-size":"auto","background-attachment":"scroll","background-type":"","background-media":"","overlay-type":"","overlay-color":"","overlay-opacity":"","overlay-gradient":""},"mobile":{"background-color":"","background-image":"","background-repeat":"repeat","background-position":"center center","background-size":"auto","background-attachment":"scroll","background-type":"","background-media":"","overlay-type":"","overlay-color":"","overlay-opacity":"","overlay-gradient":""}},"ast-content-background-meta":{"desktop":{"background-color":"var(--ast-global-color-4)","background-image":"","background-repeat":"repeat","background-position":"center center","background-size":"auto","background-attachment":"scroll","background-type":"","background-media":"","overlay-type":"","overlay-color":"","overlay-opacity":"","overlay-gradient":""},"tablet":{"background-color":"var(--ast-global-color-4)","background-image":"","background-repeat":"repeat","background-position":"center center","background-size":"auto","background-attachment":"scroll","background-type":"","background-media":"","overlay-type":"","overlay-color":"","overlay-opacity":"","overlay-gradient":""},"mobile":{"background-color":"var(--ast-global-color-4)","background-image":"","background-repeat":"repeat","background-position":"center center","background-size":"auto","background-attachment":"scroll","background-type":"","background-media":"","overlay-type":"","overlay-color":"","overlay-opacity":"","overlay-gradient":""}}},"product_brand":[56],"product_cat":[60,39],"product_tag":[141,214,155],"class_list":{"0":"post-28274","1":"product","2":"type-product","3":"status-publish","4":"has-post-thumbnail","6":"product_brand-tiptiptap","7":"product_cat-cykelstall","8":"product_cat-gata-park","9":"product_tag-core-gata-park","10":"product_tag-inte-frilagd","11":"product_tag-serie-urban-furniture","12":"desktop-align-center","13":"tablet-align-left","14":"mobile-align-left","16":"first","17":"instock","18":"taxable","19":"shipping-taxable","20":"purchasable","21":"product-type-simple"},"_links":{"self":[{"href":"https:\/\/readymade.se\/core\/wp-json\/wp\/v2\/product\/28274","targetHints":{"allow":["GET"]}}],"collection":[{"href":"https:\/\/readymade.se\/core\/wp-json\/wp\/v2\/product"}],"about":[{"href":"https:\/\/readymade.se\/core\/wp-json\/wp\/v2\/types\/product"}],"wp:featuredmedia":[{"embeddable":true,"href":"https:\/\/readymade.se\/core\/wp-json\/wp\/v2\/media\/28347"}],"wp:attachment":[{"href":"https:\/\/readymade.se\/core\/wp-json\/wp\/v2\/media?parent=28274"}],"wp:term":[{"taxonomy":"product_brand","embeddable":true,"href":"https:\/\/readymade.se\/core\/wp-json\/wp\/v2\/product_brand?post=28274"},{"taxonomy":"product_cat","embeddable":true,"href":"https:\/\/readymade.se\/core\/wp-json\/wp\/v2\/product_cat?post=28274"},{"taxonomy":"product_tag","embeddable":true,"href":"https:\/\/readymade.se\/core\/wp-json\/wp\/v2\/product_tag?post=28274"}],"curies":[{"name":"wp","href":"https:\/\/api.w.org\/{rel}","templated":true}]}}