{"id":28245,"date":"2026-03-04T17:04:25","date_gmt":"2026-03-04T16:04:25","guid":{"rendered":"https:\/\/readymade.se\/core\/?post_type=product&#038;p=28245"},"modified":"2026-03-05T01:46:11","modified_gmt":"2026-03-05T00:46:11","slug":"parkbank-kaiu","status":"publish","type":"product","link":"https:\/\/readymade.se\/core\/produkt\/parkbank-kaiu\/","title":{"rendered":"Parkb\u00e4nk Kaiu"},"content":{"rendered":"<p>Parkb\u00e4nk Kaiu \u00e4r en parkb\u00e4nk med ben i exponerad ballastbetong och metalldelar som \u00e4r galvaniserade och pulverlackerade. Sittdelens tr\u00e4element \u00e4r i v\u00e4derbest\u00e4ndig l\u00e4rk. Produkten kan fixeras i mark genom gjutning eller med ankarskruv\/ankarf\u00e4sten, beroende p\u00e5 hur platsen \u00e4r uppbyggd. Kaiu passar d\u00e4r man vill skapa sittplatser med en kombination av betong, st\u00e5l och tr\u00e4, exempelvis i parkmilj\u00f6, vid m\u00f6tesplatser eller l\u00e4ngs g\u00e5ng- och cykelstr\u00e5k. De galvaniserade, pulverlackerade delarna \u00e4r utf\u00f6rda i metall och kompletteras av l\u00e4rk f\u00f6r sittkomfort. Valet av f\u00f6rankring kan planeras in tidigt i markarbetet. Den tydliga konstruktionen g\u00f6r produkten enkel att anv\u00e4nda i vardagen och ger en l\u00f6sning som fungerar i b\u00e5de mindre och st\u00f6rre projekt. Sammantaget<\/p>\n","protected":false},"excerpt":{"rendered":"<p>Parkb\u00e4nk i st\u00e5l, betong och l\u00e4rk.<\/p>\n","protected":false},"featured_media":28315,"template":"","meta":{"site-sidebar-layout":"","site-content-layout":"","ast-site-content-layout":"","site-content-style":"","site-sidebar-style":"","ast-global-header-display":"","ast-banner-title-visibility":"","ast-main-header-display":"","ast-hfb-above-header-display":"","ast-hfb-below-header-display":"","ast-hfb-mobile-header-display":"","site-post-title":"","ast-breadcrumbs-content":"","ast-featured-img":"","footer-sml-layout":"","theme-transparent-header-meta":"","adv-header-id-meta":"","stick-header-meta":"","header-above-stick-meta":"","header-main-stick-meta":"","header-below-stick-meta":"","astra-migrate-meta-layouts":"","ast-page-background-enabled":"default","ast-page-background-meta":{"desktop":{"background-color":"var(--ast-global-color-5)","background-image":"","background-repeat":"repeat","background-position":"center center","background-size":"auto","background-attachment":"scroll","background-type":"","background-media":"","overlay-type":"","overlay-color":"","overlay-opacity":"","overlay-gradient":""},"tablet":{"background-color":"","background-image":"","background-repeat":"repeat","background-position":"center center","background-size":"auto","background-attachment":"scroll","background-type":"","background-media":"","overlay-type":"","overlay-color":"","overlay-opacity":"","overlay-gradient":""},"mobile":{"background-color":"","background-image":"","background-repeat":"repeat","background-position":"center center","background-size":"auto","background-attachment":"scroll","background-type":"","background-media":"","overlay-type":"","overlay-color":"","overlay-opacity":"","overlay-gradient":""}},"ast-content-background-meta":{"desktop":{"background-color":"var(--ast-global-color-4)","background-image":"","background-repeat":"repeat","background-position":"center center","background-size":"auto","background-attachment":"scroll","background-type":"","background-media":"","overlay-type":"","overlay-color":"","overlay-opacity":"","overlay-gradient":""},"tablet":{"background-color":"var(--ast-global-color-4)","background-image":"","background-repeat":"repeat","background-position":"center center","background-size":"auto","background-attachment":"scroll","background-type":"","background-media":"","overlay-type":"","overlay-color":"","overlay-opacity":"","overlay-gradient":""},"mobile":{"background-color":"var(--ast-global-color-4)","background-image":"","background-repeat":"repeat","background-position":"center center","background-size":"auto","background-attachment":"scroll","background-type":"","background-media":"","overlay-type":"","overlay-color":"","overlay-opacity":"","overlay-gradient":""}}},"product_brand":[56],"product_cat":[39,40],"product_tag":[214,155],"class_list":{"0":"post-28245","1":"product","2":"type-product","3":"status-publish","4":"has-post-thumbnail","6":"product_brand-tiptiptap","7":"product_cat-gata-park","8":"product_cat-parkbankar","9":"product_tag-inte-frilagd","10":"product_tag-serie-urban-furniture","11":"desktop-align-center","12":"tablet-align-left","13":"mobile-align-left","15":"first","16":"instock","17":"taxable","18":"shipping-taxable","19":"purchasable","20":"product-type-simple"},"_links":{"self":[{"href":"https:\/\/readymade.se\/core\/wp-json\/wp\/v2\/product\/28245","targetHints":{"allow":["GET"]}}],"collection":[{"href":"https:\/\/readymade.se\/core\/wp-json\/wp\/v2\/product"}],"about":[{"href":"https:\/\/readymade.se\/core\/wp-json\/wp\/v2\/types\/product"}],"wp:featuredmedia":[{"embeddable":true,"href":"https:\/\/readymade.se\/core\/wp-json\/wp\/v2\/media\/28315"}],"wp:attachment":[{"href":"https:\/\/readymade.se\/core\/wp-json\/wp\/v2\/media?parent=28245"}],"wp:term":[{"taxonomy":"product_brand","embeddable":true,"href":"https:\/\/readymade.se\/core\/wp-json\/wp\/v2\/product_brand?post=28245"},{"taxonomy":"product_cat","embeddable":true,"href":"https:\/\/readymade.se\/core\/wp-json\/wp\/v2\/product_cat?post=28245"},{"taxonomy":"product_tag","embeddable":true,"href":"https:\/\/readymade.se\/core\/wp-json\/wp\/v2\/product_tag?post=28245"}],"curies":[{"name":"wp","href":"https:\/\/api.w.org\/{rel}","templated":true}]}}