{"id":27524,"date":"2026-03-04T16:42:49","date_gmt":"2026-03-04T15:42:49","guid":{"rendered":"https:\/\/readymade.se\/core\/?post_type=product&#038;p=27524"},"modified":"2026-03-05T01:43:51","modified_gmt":"2026-03-05T00:43:51","slug":"agility-gungbrada","status":"publish","type":"product","link":"https:\/\/readymade.se\/core\/produkt\/agility-gungbrada\/","title":{"rendered":"Agility gungbr\u00e4da"},"content":{"rendered":"<p>Tr\u00e4ningsutrustningen gungbr\u00e4da \u00e4r gjord av en r\u00e4fflad ytbr\u00e4da som \u00e4r 380 cm l\u00e5ng och 30 cm bred. Vippans h\u00f6jd \u00e4r 60 cm. F\u00f6r att markera kontaktytan m\u00e5las ovansidan och sidorna (upp till 90 cm) p\u00e5 b\u00e5da \u00e4ndarna av vippbr\u00e4dan i en f\u00e4rg som skiljer sig fr\u00e5n hindrets allm\u00e4nna ton (i kontrastf\u00e4rg). Produkten \u00e4r ingjuten i marken. Agilityprodukter hj\u00e4lper till att utveckla samarbetet mellan hunden och \u00e4garen, och \u00e4r &#8211; f\u00f6rutom idrottsplatser och f\u00e4lt &#8211; \u00e4ven idealiska f\u00f6r hemtr\u00e4dg\u00e5rden.<\/p>\n","protected":false},"excerpt":{"rendered":"<p>Tr\u00e4ningsutrustningen gungbr\u00e4da \u00e4r gjord av en r\u00e4fflad ytbr\u00e4da som \u00e4r 380 cm l\u00e5ng och 30 cm bred. Vippans h\u00f6jd \u00e4r 60 cm. F\u00f6r att markera kontaktytan m\u00e5las ovansidan och sidorna (upp till 90 cm) p\u00e5 b\u00e5da \u00e4ndarna av vippbr\u00e4dan i en f\u00e4rg som skiljer sig fr\u00e5n hindrets allm\u00e4nna ton (i kontrastf\u00e4rg). Produkten \u00e4r ingjuten i marken. Agilityprodukter hj\u00e4lper till att utveckla samarbetet mellan hunden och \u00e4garen, och \u00e4r &#8211; f\u00f6rutom idrottsplatser och f\u00e4lt &#8211; \u00e4ven idealiska f\u00f6r hemtr\u00e4dg\u00e5rden.<\/p>\n","protected":false},"featured_media":27571,"template":"","meta":{"site-sidebar-layout":"","site-content-layout":"","ast-site-content-layout":"","site-content-style":"","site-sidebar-style":"","ast-global-header-display":"","ast-banner-title-visibility":"","ast-main-header-display":"","ast-hfb-above-header-display":"","ast-hfb-below-header-display":"","ast-hfb-mobile-header-display":"","site-post-title":"","ast-breadcrumbs-content":"","ast-featured-img":"","footer-sml-layout":"","theme-transparent-header-meta":"","adv-header-id-meta":"","stick-header-meta":"","header-above-stick-meta":"","header-main-stick-meta":"","header-below-stick-meta":"","astra-migrate-meta-layouts":"","ast-page-background-enabled":"default","ast-page-background-meta":{"desktop":{"background-color":"var(--ast-global-color-5)","background-image":"","background-repeat":"repeat","background-position":"center center","background-size":"auto","background-attachment":"scroll","background-type":"","background-media":"","overlay-type":"","overlay-color":"","overlay-opacity":"","overlay-gradient":""},"tablet":{"background-color":"","background-image":"","background-repeat":"repeat","background-position":"center center","background-size":"auto","background-attachment":"scroll","background-type":"","background-media":"","overlay-type":"","overlay-color":"","overlay-opacity":"","overlay-gradient":""},"mobile":{"background-color":"","background-image":"","background-repeat":"repeat","background-position":"center center","background-size":"auto","background-attachment":"scroll","background-type":"","background-media":"","overlay-type":"","overlay-color":"","overlay-opacity":"","overlay-gradient":""}},"ast-content-background-meta":{"desktop":{"background-color":"var(--ast-global-color-4)","background-image":"","background-repeat":"repeat","background-position":"center center","background-size":"auto","background-attachment":"scroll","background-type":"","background-media":"","overlay-type":"","overlay-color":"","overlay-opacity":"","overlay-gradient":""},"tablet":{"background-color":"var(--ast-global-color-4)","background-image":"","background-repeat":"repeat","background-position":"center center","background-size":"auto","background-attachment":"scroll","background-type":"","background-media":"","overlay-type":"","overlay-color":"","overlay-opacity":"","overlay-gradient":""},"mobile":{"background-color":"var(--ast-global-color-4)","background-image":"","background-repeat":"repeat","background-position":"center center","background-size":"auto","background-attachment":"scroll","background-type":"","background-media":"","overlay-type":"","overlay-color":"","overlay-opacity":"","overlay-gradient":""}}},"product_brand":[56],"product_cat":[59],"product_tag":[153],"class_list":{"0":"post-27524","1":"product","2":"type-product","3":"status-publish","4":"has-post-thumbnail","6":"product_brand-tiptiptap","7":"product_cat-agility","8":"product_tag-serie-standard","9":"desktop-align-center","10":"tablet-align-left","11":"mobile-align-left","13":"first","14":"instock","15":"taxable","16":"shipping-taxable","17":"purchasable","18":"product-type-simple"},"_links":{"self":[{"href":"https:\/\/readymade.se\/core\/wp-json\/wp\/v2\/product\/27524","targetHints":{"allow":["GET"]}}],"collection":[{"href":"https:\/\/readymade.se\/core\/wp-json\/wp\/v2\/product"}],"about":[{"href":"https:\/\/readymade.se\/core\/wp-json\/wp\/v2\/types\/product"}],"wp:featuredmedia":[{"embeddable":true,"href":"https:\/\/readymade.se\/core\/wp-json\/wp\/v2\/media\/27571"}],"wp:attachment":[{"href":"https:\/\/readymade.se\/core\/wp-json\/wp\/v2\/media?parent=27524"}],"wp:term":[{"taxonomy":"product_brand","embeddable":true,"href":"https:\/\/readymade.se\/core\/wp-json\/wp\/v2\/product_brand?post=27524"},{"taxonomy":"product_cat","embeddable":true,"href":"https:\/\/readymade.se\/core\/wp-json\/wp\/v2\/product_cat?post=27524"},{"taxonomy":"product_tag","embeddable":true,"href":"https:\/\/readymade.se\/core\/wp-json\/wp\/v2\/product_tag?post=27524"}],"curies":[{"name":"wp","href":"https:\/\/api.w.org\/{rel}","templated":true}]}}