{"id":27373,"date":"2026-03-04T16:38:07","date_gmt":"2026-03-04T15:38:07","guid":{"rendered":"https:\/\/readymade.se\/core\/?post_type=product&#038;p=27373"},"modified":"2026-03-05T01:43:34","modified_gmt":"2026-03-05T00:43:34","slug":"lekstallning-katariina","status":"publish","type":"product","link":"https:\/\/readymade.se\/core\/produkt\/lekstallning-katariina\/","title":{"rendered":"Lekst\u00e4llning Katariina"},"content":{"rendered":"<p>Lekst\u00e4llning i tv\u00e5 plan med fem plattformar och stort slottstorn. Nedre niv\u00e5n \u00e4r anpassad f\u00f6r sm\u00e5barn med motorikfr\u00e4mjande element, tillg\u00e4nglig via trappor med ledst\u00e4nger. F\u00f6rflyttning sker via balansbro med r\u00f6rliga steg, n\u00e4tbro, sluttande bro eller kl\u00e4tterv\u00e4gg. Aktivitetsv\u00e4ggar, klocka, kikare och finmotoriska paneler kantar stigen. En liten rutschkana leder ner. \u00d6vre niv\u00e5n n\u00e5s via stege eller kl\u00e4tterv\u00e4gg och inneh\u00e5ller tunnlar, hyttventiler samt en stor takf\u00f6rsedd plattform med tunnelrutschbana och brandmansst\u00e5ng. Slottstornets tv\u00e5 v\u00e5ningar binds samman med repkl\u00e4ttring.<\/p>\n","protected":false},"excerpt":{"rendered":"<p>Mycket omfattande lekst\u00e4llning i tv\u00e5 plan med slottstorn som erbjuder utvecklande lek f\u00f6r b\u00e5de yngre och \u00e4ldre barn.<\/p>\n","protected":false},"featured_media":27449,"template":"","meta":{"site-sidebar-layout":"","site-content-layout":"","ast-site-content-layout":"","site-content-style":"","site-sidebar-style":"","ast-global-header-display":"","ast-banner-title-visibility":"","ast-main-header-display":"","ast-hfb-above-header-display":"","ast-hfb-below-header-display":"","ast-hfb-mobile-header-display":"","site-post-title":"","ast-breadcrumbs-content":"","ast-featured-img":"","footer-sml-layout":"","theme-transparent-header-meta":"","adv-header-id-meta":"","stick-header-meta":"","header-above-stick-meta":"","header-main-stick-meta":"","header-below-stick-meta":"","astra-migrate-meta-layouts":"","ast-page-background-enabled":"default","ast-page-background-meta":{"desktop":{"background-color":"var(--ast-global-color-5)","background-image":"","background-repeat":"repeat","background-position":"center center","background-size":"auto","background-attachment":"scroll","background-type":"","background-media":"","overlay-type":"","overlay-color":"","overlay-opacity":"","overlay-gradient":""},"tablet":{"background-color":"","background-image":"","background-repeat":"repeat","background-position":"center center","background-size":"auto","background-attachment":"scroll","background-type":"","background-media":"","overlay-type":"","overlay-color":"","overlay-opacity":"","overlay-gradient":""},"mobile":{"background-color":"","background-image":"","background-repeat":"repeat","background-position":"center center","background-size":"auto","background-attachment":"scroll","background-type":"","background-media":"","overlay-type":"","overlay-color":"","overlay-opacity":"","overlay-gradient":""}},"ast-content-background-meta":{"desktop":{"background-color":"var(--ast-global-color-4)","background-image":"","background-repeat":"repeat","background-position":"center center","background-size":"auto","background-attachment":"scroll","background-type":"","background-media":"","overlay-type":"","overlay-color":"","overlay-opacity":"","overlay-gradient":""},"tablet":{"background-color":"var(--ast-global-color-4)","background-image":"","background-repeat":"repeat","background-position":"center center","background-size":"auto","background-attachment":"scroll","background-type":"","background-media":"","overlay-type":"","overlay-color":"","overlay-opacity":"","overlay-gradient":""},"mobile":{"background-color":"var(--ast-global-color-4)","background-image":"","background-repeat":"repeat","background-position":"center center","background-size":"auto","background-attachment":"scroll","background-type":"","background-media":"","overlay-type":"","overlay-color":"","overlay-opacity":"","overlay-gradient":""}}},"product_brand":[56],"product_cat":[145],"product_tag":[153],"class_list":{"0":"post-27373","1":"product","2":"type-product","3":"status-publish","4":"has-post-thumbnail","6":"product_brand-tiptiptap","7":"product_cat-lekstallningar","8":"product_tag-serie-standard","9":"desktop-align-center","10":"tablet-align-left","11":"mobile-align-left","13":"first","14":"instock","15":"taxable","16":"shipping-taxable","17":"purchasable","18":"product-type-variable","19":"has-default-attributes"},"_links":{"self":[{"href":"https:\/\/readymade.se\/core\/wp-json\/wp\/v2\/product\/27373","targetHints":{"allow":["GET"]}}],"collection":[{"href":"https:\/\/readymade.se\/core\/wp-json\/wp\/v2\/product"}],"about":[{"href":"https:\/\/readymade.se\/core\/wp-json\/wp\/v2\/types\/product"}],"wp:featuredmedia":[{"embeddable":true,"href":"https:\/\/readymade.se\/core\/wp-json\/wp\/v2\/media\/27449"}],"wp:attachment":[{"href":"https:\/\/readymade.se\/core\/wp-json\/wp\/v2\/media?parent=27373"}],"wp:term":[{"taxonomy":"product_brand","embeddable":true,"href":"https:\/\/readymade.se\/core\/wp-json\/wp\/v2\/product_brand?post=27373"},{"taxonomy":"product_cat","embeddable":true,"href":"https:\/\/readymade.se\/core\/wp-json\/wp\/v2\/product_cat?post=27373"},{"taxonomy":"product_tag","embeddable":true,"href":"https:\/\/readymade.se\/core\/wp-json\/wp\/v2\/product_tag?post=27373"}],"curies":[{"name":"wp","href":"https:\/\/api.w.org\/{rel}","templated":true}]}}