{"id":26903,"date":"2026-03-04T16:23:11","date_gmt":"2026-03-04T15:23:11","guid":{"rendered":"https:\/\/readymade.se\/core\/?post_type=product&#038;p=26903"},"modified":"2026-03-05T01:42:09","modified_gmt":"2026-03-05T00:42:09","slug":"bankbord-lilly","status":"publish","type":"product","link":"https:\/\/readymade.se\/core\/produkt\/bankbord-lilly\/","title":{"rendered":"B\u00e4nkbord Lilly"},"content":{"rendered":"<p>B\u00e4nkbord Lilly \u00e4r ett robust picknickbord med klassisk utformning och integrerade b\u00e4nkar f\u00f6r daglig anv\u00e4ndning i utemilj\u00f6. Konstruktionen \u00e4r tillverkad i varmf\u00f6rzinkad metall f\u00f6r h\u00f6g h\u00e5llbarhet och l\u00e5ng livsl\u00e4ngd, medan bordsskiva och sitsar \u00e4r gjorda av v\u00e4derbest\u00e4ndigt limtr\u00e4. Modellen \u00e4r anpassad f\u00f6r b\u00e5de barn och vuxna och passar i rekreationsomr\u00e5den, parker, skolg\u00e5rdar och andra offentliga milj\u00f6er. Lilly fungerar lika bra som rastbord som f\u00f6r utomhusstudier och sociala aktiviteter. Ett stabilt val f\u00f6r projekt d\u00e4r man vill kombinera slitstyrka, komfort och enkel drift \u00f6ver tid. Produkten \u00e4r utformad f\u00f6r daglig anv\u00e4ndning i offentlig milj\u00f6 och ger stabil funktion \u00f6ver l\u00e5ng tid.<\/p>\n","protected":false},"excerpt":{"rendered":"<p>B\u00e4nkbord i varmf\u00f6rzinkad metall och v\u00e4derbest\u00e4ndigt limtr\u00e4 f\u00f6r barn och vuxna.<\/p>\n","protected":false},"featured_media":26967,"template":"","meta":{"site-sidebar-layout":"default","site-content-layout":"","ast-site-content-layout":"default","site-content-style":"default","site-sidebar-style":"default","ast-global-header-display":"","ast-banner-title-visibility":"","ast-main-header-display":"","ast-hfb-above-header-display":"","ast-hfb-below-header-display":"","ast-hfb-mobile-header-display":"","site-post-title":"","ast-breadcrumbs-content":"","ast-featured-img":"","footer-sml-layout":"","theme-transparent-header-meta":"default","adv-header-id-meta":"","stick-header-meta":"","header-above-stick-meta":"","header-main-stick-meta":"","header-below-stick-meta":"","astra-migrate-meta-layouts":"set","ast-page-background-enabled":"default","ast-page-background-meta":{"desktop":{"background-color":"var(--ast-global-color-5)","background-image":"","background-repeat":"repeat","background-position":"center center","background-size":"auto","background-attachment":"scroll","background-type":"","background-media":"","overlay-type":"","overlay-color":"","overlay-opacity":"","overlay-gradient":""},"tablet":{"background-color":"","background-image":"","background-repeat":"repeat","background-position":"center center","background-size":"auto","background-attachment":"scroll","background-type":"","background-media":"","overlay-type":"","overlay-color":"","overlay-opacity":"","overlay-gradient":""},"mobile":{"background-color":"","background-image":"","background-repeat":"repeat","background-position":"center center","background-size":"auto","background-attachment":"scroll","background-type":"","background-media":"","overlay-type":"","overlay-color":"","overlay-opacity":"","overlay-gradient":""}},"ast-content-background-meta":{"desktop":{"background-color":"var(--ast-global-color-4)","background-image":"","background-repeat":"repeat","background-position":"center center","background-size":"auto","background-attachment":"scroll","background-type":"","background-media":"","overlay-type":"","overlay-color":"","overlay-opacity":"","overlay-gradient":""},"tablet":{"background-color":"var(--ast-global-color-4)","background-image":"","background-repeat":"repeat","background-position":"center center","background-size":"auto","background-attachment":"scroll","background-type":"","background-media":"","overlay-type":"","overlay-color":"","overlay-opacity":"","overlay-gradient":""},"mobile":{"background-color":"var(--ast-global-color-4)","background-image":"","background-repeat":"repeat","background-position":"center center","background-size":"auto","background-attachment":"scroll","background-type":"","background-media":"","overlay-type":"","overlay-color":"","overlay-opacity":"","overlay-gradient":""}}},"product_brand":[56],"product_cat":[157,39,215,202],"product_tag":[141],"class_list":{"0":"post-26903","1":"product","2":"type-product","3":"status-publish","4":"has-post-thumbnail","6":"product_brand-tiptiptap","7":"product_cat-bankbord","8":"product_cat-gata-park","9":"product_cat-parkutrustning-standardsortiment","10":"product_cat-standardsortiment","11":"product_tag-core-gata-park","12":"desktop-align-center","13":"tablet-align-left","14":"mobile-align-left","16":"first","17":"instock","18":"taxable","19":"shipping-taxable","20":"purchasable","21":"product-type-variable","22":"has-default-attributes"},"_links":{"self":[{"href":"https:\/\/readymade.se\/core\/wp-json\/wp\/v2\/product\/26903","targetHints":{"allow":["GET"]}}],"collection":[{"href":"https:\/\/readymade.se\/core\/wp-json\/wp\/v2\/product"}],"about":[{"href":"https:\/\/readymade.se\/core\/wp-json\/wp\/v2\/types\/product"}],"wp:featuredmedia":[{"embeddable":true,"href":"https:\/\/readymade.se\/core\/wp-json\/wp\/v2\/media\/26967"}],"wp:attachment":[{"href":"https:\/\/readymade.se\/core\/wp-json\/wp\/v2\/media?parent=26903"}],"wp:term":[{"taxonomy":"product_brand","embeddable":true,"href":"https:\/\/readymade.se\/core\/wp-json\/wp\/v2\/product_brand?post=26903"},{"taxonomy":"product_cat","embeddable":true,"href":"https:\/\/readymade.se\/core\/wp-json\/wp\/v2\/product_cat?post=26903"},{"taxonomy":"product_tag","embeddable":true,"href":"https:\/\/readymade.se\/core\/wp-json\/wp\/v2\/product_tag?post=26903"}],"curies":[{"name":"wp","href":"https:\/\/api.w.org\/{rel}","templated":true}]}}