{"id":26875,"date":"2026-03-04T16:22:22","date_gmt":"2026-03-04T15:22:22","guid":{"rendered":"https:\/\/readymade.se\/core\/?post_type=product&#038;p=26875"},"modified":"2026-03-05T01:41:56","modified_gmt":"2026-03-05T00:41:56","slug":"paviljong-alice-14-m2-malad","status":"publish","type":"product","link":"https:\/\/readymade.se\/core\/produkt\/paviljong-alice-14-m2-malad\/","title":{"rendered":"Paviljong Alice 14 m2 M\u00e5lad"},"content":{"rendered":"<p>Paviljong Alice 14 m2 M\u00e5lad \u00e4r en stor paviljong i naturligt torkad gran eller furu, f\u00e4rdigbehandlad med tonad tr\u00e4skyddsbets. Den diagonala diametern \u00e4r cirka 4,2 m med b\u00e4nkar och sidl\u00e4ngden 1,6 m, vilket ger en gener\u00f6s yta f\u00f6r sociala aktiviteter och l\u00e4ngre vistelser utomhus. Den m\u00e5lade ytbehandlingen skyddar tr\u00e4konstruktionen och g\u00f6r modellen mer motst\u00e5ndskraftig mot v\u00e4derp\u00e5verkan \u00f6ver tid. Nyanser kan v\u00e4ljas f\u00f6r att harmoniera med omgivningens f\u00e4rgs\u00e4ttning. Alice \u00e4r ett l\u00e4mpligt val f\u00f6r parker, g\u00e5rdar och offentliga milj\u00f6er d\u00e4r b\u00e5de skala, h\u00e5llbarhet och visuellt uttryck \u00e4r viktiga. Produkten \u00e4r utvecklad f\u00f6r regelbunden anv\u00e4ndning i offentlig utemilj\u00f6 och ger stabil funktion \u00f6ver tid.<\/p>\n","protected":false},"excerpt":{"rendered":"<p>M\u00e5lad paviljong 14 m2 i torkad gran eller furu, f\u00e4rdigbehandlad med tonad tr\u00e4skyddsbets.<\/p>\n","protected":false},"featured_media":26927,"template":"","meta":{"site-sidebar-layout":"default","site-content-layout":"","ast-site-content-layout":"default","site-content-style":"default","site-sidebar-style":"default","ast-global-header-display":"","ast-banner-title-visibility":"","ast-main-header-display":"","ast-hfb-above-header-display":"","ast-hfb-below-header-display":"","ast-hfb-mobile-header-display":"","site-post-title":"","ast-breadcrumbs-content":"","ast-featured-img":"","footer-sml-layout":"","theme-transparent-header-meta":"default","adv-header-id-meta":"","stick-header-meta":"","header-above-stick-meta":"","header-main-stick-meta":"","header-below-stick-meta":"","astra-migrate-meta-layouts":"set","ast-page-background-enabled":"default","ast-page-background-meta":{"desktop":{"background-color":"var(--ast-global-color-5)","background-image":"","background-repeat":"repeat","background-position":"center center","background-size":"auto","background-attachment":"scroll","background-type":"","background-media":"","overlay-type":"","overlay-color":"","overlay-opacity":"","overlay-gradient":""},"tablet":{"background-color":"","background-image":"","background-repeat":"repeat","background-position":"center center","background-size":"auto","background-attachment":"scroll","background-type":"","background-media":"","overlay-type":"","overlay-color":"","overlay-opacity":"","overlay-gradient":""},"mobile":{"background-color":"","background-image":"","background-repeat":"repeat","background-position":"center center","background-size":"auto","background-attachment":"scroll","background-type":"","background-media":"","overlay-type":"","overlay-color":"","overlay-opacity":"","overlay-gradient":""}},"ast-content-background-meta":{"desktop":{"background-color":"var(--ast-global-color-4)","background-image":"","background-repeat":"repeat","background-position":"center center","background-size":"auto","background-attachment":"scroll","background-type":"","background-media":"","overlay-type":"","overlay-color":"","overlay-opacity":"","overlay-gradient":""},"tablet":{"background-color":"var(--ast-global-color-4)","background-image":"","background-repeat":"repeat","background-position":"center center","background-size":"auto","background-attachment":"scroll","background-type":"","background-media":"","overlay-type":"","overlay-color":"","overlay-opacity":"","overlay-gradient":""},"mobile":{"background-color":"var(--ast-global-color-4)","background-image":"","background-repeat":"repeat","background-position":"center center","background-size":"auto","background-attachment":"scroll","background-type":"","background-media":"","overlay-type":"","overlay-color":"","overlay-opacity":"","overlay-gradient":""}}},"product_brand":[56],"product_cat":[39,68],"product_tag":[141,214],"class_list":{"0":"post-26875","1":"product","2":"type-product","3":"status-publish","4":"has-post-thumbnail","6":"product_brand-tiptiptap","7":"product_cat-gata-park","8":"product_cat-paviljonger","9":"product_tag-core-gata-park","10":"product_tag-inte-frilagd","11":"desktop-align-center","12":"tablet-align-left","13":"mobile-align-left","15":"first","16":"instock","17":"taxable","18":"shipping-taxable","19":"purchasable","20":"product-type-simple"},"_links":{"self":[{"href":"https:\/\/readymade.se\/core\/wp-json\/wp\/v2\/product\/26875","targetHints":{"allow":["GET"]}}],"collection":[{"href":"https:\/\/readymade.se\/core\/wp-json\/wp\/v2\/product"}],"about":[{"href":"https:\/\/readymade.se\/core\/wp-json\/wp\/v2\/types\/product"}],"wp:featuredmedia":[{"embeddable":true,"href":"https:\/\/readymade.se\/core\/wp-json\/wp\/v2\/media\/26927"}],"wp:attachment":[{"href":"https:\/\/readymade.se\/core\/wp-json\/wp\/v2\/media?parent=26875"}],"wp:term":[{"taxonomy":"product_brand","embeddable":true,"href":"https:\/\/readymade.se\/core\/wp-json\/wp\/v2\/product_brand?post=26875"},{"taxonomy":"product_cat","embeddable":true,"href":"https:\/\/readymade.se\/core\/wp-json\/wp\/v2\/product_cat?post=26875"},{"taxonomy":"product_tag","embeddable":true,"href":"https:\/\/readymade.se\/core\/wp-json\/wp\/v2\/product_tag?post=26875"}],"curies":[{"name":"wp","href":"https:\/\/api.w.org\/{rel}","templated":true}]}}