{"id":26841,"date":"2026-03-04T16:21:11","date_gmt":"2026-03-04T15:21:11","guid":{"rendered":"https:\/\/readymade.se\/core\/?post_type=product&#038;p=26841"},"modified":"2026-03-05T01:42:00","modified_gmt":"2026-03-05T00:42:00","slug":"skateboard-greta","status":"publish","type":"product","link":"https:\/\/readymade.se\/core\/produkt\/skateboard-greta\/","title":{"rendered":"Skateboard Greta"},"content":{"rendered":"<p>Skateboard Greta \u00e4r utvecklad f\u00f6r offentlig skateanl\u00e4ggning och anv\u00e4nds i skateparksmilj\u00f6. Modellen fungerar som skateelement i linjer och kombinationer d\u00e4r man vill skapa ett s\u00e4kert och varierat \u00e5kfl\u00f6de f\u00f6r flera niv\u00e5er av \u00e5kare. Konstruktionen \u00e4r avsedd f\u00f6r utomhusbruk med fokus p\u00e5 h\u00e5llbarhet, funktion och stabil drift vid h\u00f6g belastning. Produktm\u00e5tt: L 0,95 m, B 3,54 m, H 2,41 m. Angiven fallh\u00f6jd \u00e4r upp till 2,13 m beroende p\u00e5 underlag och utf\u00f6rande.<\/p>\n","protected":false},"excerpt":{"rendered":"<p>Skateboard Greta \u00e4r utformad som skateelement f\u00f6r skateparker och offentliga aktivitetsytor. M\u00e5tt: L 0,95 m, B 3,54 m, H 2,41 m. Angiven fallh\u00f6jd: upp till 2,13 m.<\/p>\n","protected":false},"featured_media":26917,"template":"","meta":{"site-sidebar-layout":"","site-content-layout":"","ast-site-content-layout":"","site-content-style":"","site-sidebar-style":"","ast-global-header-display":"","ast-banner-title-visibility":"","ast-main-header-display":"","ast-hfb-above-header-display":"","ast-hfb-below-header-display":"","ast-hfb-mobile-header-display":"","site-post-title":"","ast-breadcrumbs-content":"","ast-featured-img":"","footer-sml-layout":"","theme-transparent-header-meta":"","adv-header-id-meta":"","stick-header-meta":"","header-above-stick-meta":"","header-main-stick-meta":"","header-below-stick-meta":"","astra-migrate-meta-layouts":"","ast-page-background-enabled":"default","ast-page-background-meta":{"desktop":{"background-color":"var(--ast-global-color-5)","background-image":"","background-repeat":"repeat","background-position":"center center","background-size":"auto","background-attachment":"scroll","background-type":"","background-media":"","overlay-type":"","overlay-color":"","overlay-opacity":"","overlay-gradient":""},"tablet":{"background-color":"","background-image":"","background-repeat":"repeat","background-position":"center center","background-size":"auto","background-attachment":"scroll","background-type":"","background-media":"","overlay-type":"","overlay-color":"","overlay-opacity":"","overlay-gradient":""},"mobile":{"background-color":"","background-image":"","background-repeat":"repeat","background-position":"center center","background-size":"auto","background-attachment":"scroll","background-type":"","background-media":"","overlay-type":"","overlay-color":"","overlay-opacity":"","overlay-gradient":""}},"ast-content-background-meta":{"desktop":{"background-color":"var(--ast-global-color-4)","background-image":"","background-repeat":"repeat","background-position":"center center","background-size":"auto","background-attachment":"scroll","background-type":"","background-media":"","overlay-type":"","overlay-color":"","overlay-opacity":"","overlay-gradient":""},"tablet":{"background-color":"var(--ast-global-color-4)","background-image":"","background-repeat":"repeat","background-position":"center center","background-size":"auto","background-attachment":"scroll","background-type":"","background-media":"","overlay-type":"","overlay-color":"","overlay-opacity":"","overlay-gradient":""},"mobile":{"background-color":"var(--ast-global-color-4)","background-image":"","background-repeat":"repeat","background-position":"center center","background-size":"auto","background-attachment":"scroll","background-type":"","background-media":"","overlay-type":"","overlay-color":"","overlay-opacity":"","overlay-gradient":""}}},"product_brand":[56],"product_cat":[73,19],"product_tag":[160],"class_list":{"0":"post-26841","1":"product","2":"type-product","3":"status-publish","4":"has-post-thumbnail","6":"product_brand-tiptiptap","7":"product_cat-skateboard","8":"product_cat-sport-rorelse","9":"product_tag-serie-skateparks","10":"desktop-align-center","11":"tablet-align-left","12":"mobile-align-left","14":"first","15":"instock","16":"taxable","17":"shipping-taxable","18":"purchasable","19":"product-type-variable","20":"has-default-attributes"},"_links":{"self":[{"href":"https:\/\/readymade.se\/core\/wp-json\/wp\/v2\/product\/26841","targetHints":{"allow":["GET"]}}],"collection":[{"href":"https:\/\/readymade.se\/core\/wp-json\/wp\/v2\/product"}],"about":[{"href":"https:\/\/readymade.se\/core\/wp-json\/wp\/v2\/types\/product"}],"wp:featuredmedia":[{"embeddable":true,"href":"https:\/\/readymade.se\/core\/wp-json\/wp\/v2\/media\/26917"}],"wp:attachment":[{"href":"https:\/\/readymade.se\/core\/wp-json\/wp\/v2\/media?parent=26841"}],"wp:term":[{"taxonomy":"product_brand","embeddable":true,"href":"https:\/\/readymade.se\/core\/wp-json\/wp\/v2\/product_brand?post=26841"},{"taxonomy":"product_cat","embeddable":true,"href":"https:\/\/readymade.se\/core\/wp-json\/wp\/v2\/product_cat?post=26841"},{"taxonomy":"product_tag","embeddable":true,"href":"https:\/\/readymade.se\/core\/wp-json\/wp\/v2\/product_tag?post=26841"}],"curies":[{"name":"wp","href":"https:\/\/api.w.org\/{rel}","templated":true}]}}