{"id":26265,"date":"2026-03-04T16:07:11","date_gmt":"2026-03-04T15:07:11","guid":{"rendered":"https:\/\/readymade.se\/core\/?post_type=product&#038;p=26265"},"modified":"2026-03-05T01:40:10","modified_gmt":"2026-03-05T00:40:10","slug":"fristaende-rutschkana-baver-hdpe","status":"publish","type":"product","link":"https:\/\/readymade.se\/core\/produkt\/fristaende-rutschkana-baver-hdpe\/","title":{"rendered":"Frist\u00e5ende rutschkana B\u00e4ver, Hdpe"},"content":{"rendered":"<p>Frist\u00e5ende rutschkana i HDPE, utformad f\u00f6r sm\u00e5barn. Konstruktionen ger en s\u00e4ker och l\u00e4ttillg\u00e4nglig rutschupplevelse som st\u00f6djer balans och r\u00f6relse.<\/p>\n","protected":false},"excerpt":{"rendered":"<p>Enkel och trygg rutschkana f\u00f6r sm\u00e5barn. Anpassad f\u00f6r de yngstas f\u00f6rsta rutscherfarenheter.<\/p>\n","protected":false},"featured_media":26335,"template":"","meta":{"site-sidebar-layout":"","site-content-layout":"","ast-site-content-layout":"","site-content-style":"","site-sidebar-style":"","ast-global-header-display":"","ast-banner-title-visibility":"","ast-main-header-display":"","ast-hfb-above-header-display":"","ast-hfb-below-header-display":"","ast-hfb-mobile-header-display":"","site-post-title":"","ast-breadcrumbs-content":"","ast-featured-img":"","footer-sml-layout":"","theme-transparent-header-meta":"","adv-header-id-meta":"","stick-header-meta":"","header-above-stick-meta":"","header-main-stick-meta":"","header-below-stick-meta":"","astra-migrate-meta-layouts":"","ast-page-background-enabled":"default","ast-page-background-meta":{"desktop":{"background-color":"var(--ast-global-color-5)","background-image":"","background-repeat":"repeat","background-position":"center center","background-size":"auto","background-attachment":"scroll","background-type":"","background-media":"","overlay-type":"","overlay-color":"","overlay-opacity":"","overlay-gradient":""},"tablet":{"background-color":"","background-image":"","background-repeat":"repeat","background-position":"center center","background-size":"auto","background-attachment":"scroll","background-type":"","background-media":"","overlay-type":"","overlay-color":"","overlay-opacity":"","overlay-gradient":""},"mobile":{"background-color":"","background-image":"","background-repeat":"repeat","background-position":"center center","background-size":"auto","background-attachment":"scroll","background-type":"","background-media":"","overlay-type":"","overlay-color":"","overlay-opacity":"","overlay-gradient":""}},"ast-content-background-meta":{"desktop":{"background-color":"var(--ast-global-color-4)","background-image":"","background-repeat":"repeat","background-position":"center center","background-size":"auto","background-attachment":"scroll","background-type":"","background-media":"","overlay-type":"","overlay-color":"","overlay-opacity":"","overlay-gradient":""},"tablet":{"background-color":"var(--ast-global-color-4)","background-image":"","background-repeat":"repeat","background-position":"center center","background-size":"auto","background-attachment":"scroll","background-type":"","background-media":"","overlay-type":"","overlay-color":"","overlay-opacity":"","overlay-gradient":""},"mobile":{"background-color":"var(--ast-global-color-4)","background-image":"","background-repeat":"repeat","background-position":"center center","background-size":"auto","background-attachment":"scroll","background-type":"","background-media":"","overlay-type":"","overlay-color":"","overlay-opacity":"","overlay-gradient":""}}},"product_brand":[56],"product_cat":[137,136],"product_tag":[153],"class_list":{"0":"post-26265","1":"product","2":"type-product","3":"status-publish","4":"has-post-thumbnail","6":"product_brand-tiptiptap","7":"product_cat-fristaende-rutschkanor-rutschkanor","8":"product_cat-rutschkanor","9":"product_tag-serie-standard","10":"desktop-align-center","11":"tablet-align-left","12":"mobile-align-left","14":"first","15":"instock","16":"taxable","17":"shipping-taxable","18":"purchasable","19":"product-type-variable","20":"has-default-attributes"},"_links":{"self":[{"href":"https:\/\/readymade.se\/core\/wp-json\/wp\/v2\/product\/26265","targetHints":{"allow":["GET"]}}],"collection":[{"href":"https:\/\/readymade.se\/core\/wp-json\/wp\/v2\/product"}],"about":[{"href":"https:\/\/readymade.se\/core\/wp-json\/wp\/v2\/types\/product"}],"wp:featuredmedia":[{"embeddable":true,"href":"https:\/\/readymade.se\/core\/wp-json\/wp\/v2\/media\/26335"}],"wp:attachment":[{"href":"https:\/\/readymade.se\/core\/wp-json\/wp\/v2\/media?parent=26265"}],"wp:term":[{"taxonomy":"product_brand","embeddable":true,"href":"https:\/\/readymade.se\/core\/wp-json\/wp\/v2\/product_brand?post=26265"},{"taxonomy":"product_cat","embeddable":true,"href":"https:\/\/readymade.se\/core\/wp-json\/wp\/v2\/product_cat?post=26265"},{"taxonomy":"product_tag","embeddable":true,"href":"https:\/\/readymade.se\/core\/wp-json\/wp\/v2\/product_tag?post=26265"}],"curies":[{"name":"wp","href":"https:\/\/api.w.org\/{rel}","templated":true}]}}