{"id":25545,"date":"2026-03-04T15:51:46","date_gmt":"2026-03-04T14:51:46","guid":{"rendered":"https:\/\/readymade.se\/core\/?post_type=product&#038;p=25545"},"modified":"2026-03-05T01:38:20","modified_gmt":"2026-03-05T00:38:20","slug":"skateboard-therese","status":"publish","type":"product","link":"https:\/\/readymade.se\/core\/produkt\/skateboard-therese\/","title":{"rendered":"Skateboard Therese"},"content":{"rendered":"<p>Skateboard Therese \u00e4r utvecklad f\u00f6r offentlig skateanl\u00e4ggning och anv\u00e4nds i skateparksmilj\u00f6. Modellen fungerar som miniramp i linjer och kombinationer d\u00e4r man vill skapa ett s\u00e4kert och varierat \u00e5kfl\u00f6de f\u00f6r flera niv\u00e5er av \u00e5kare. Konstruktionen \u00e4r avsedd f\u00f6r utomhusbruk med fokus p\u00e5 h\u00e5llbarhet, funktion och stabil drift vid h\u00f6g belastning. Leverant\u00f6rens ben\u00e4mning: Double Miniramp L18.8 x W4.8 x H1.7. Produktm\u00e5tt: L 4,8 m, B 18,8 m, H 1,7 m.<\/p>\n","protected":false},"excerpt":{"rendered":"<p>Skateboard Therese \u00e4r utformad som miniramp f\u00f6r skateparker och offentliga aktivitetsytor. M\u00e5tt: L 4,8 m, B 18,8 m, H 1,7 m.<\/p>\n","protected":false},"featured_media":25655,"template":"","meta":{"site-sidebar-layout":"","site-content-layout":"","ast-site-content-layout":"","site-content-style":"","site-sidebar-style":"","ast-global-header-display":"","ast-banner-title-visibility":"","ast-main-header-display":"","ast-hfb-above-header-display":"","ast-hfb-below-header-display":"","ast-hfb-mobile-header-display":"","site-post-title":"","ast-breadcrumbs-content":"","ast-featured-img":"","footer-sml-layout":"","theme-transparent-header-meta":"","adv-header-id-meta":"","stick-header-meta":"","header-above-stick-meta":"","header-main-stick-meta":"","header-below-stick-meta":"","astra-migrate-meta-layouts":"","ast-page-background-enabled":"default","ast-page-background-meta":{"desktop":{"background-color":"var(--ast-global-color-5)","background-image":"","background-repeat":"repeat","background-position":"center center","background-size":"auto","background-attachment":"scroll","background-type":"","background-media":"","overlay-type":"","overlay-color":"","overlay-opacity":"","overlay-gradient":""},"tablet":{"background-color":"","background-image":"","background-repeat":"repeat","background-position":"center center","background-size":"auto","background-attachment":"scroll","background-type":"","background-media":"","overlay-type":"","overlay-color":"","overlay-opacity":"","overlay-gradient":""},"mobile":{"background-color":"","background-image":"","background-repeat":"repeat","background-position":"center center","background-size":"auto","background-attachment":"scroll","background-type":"","background-media":"","overlay-type":"","overlay-color":"","overlay-opacity":"","overlay-gradient":""}},"ast-content-background-meta":{"desktop":{"background-color":"var(--ast-global-color-4)","background-image":"","background-repeat":"repeat","background-position":"center center","background-size":"auto","background-attachment":"scroll","background-type":"","background-media":"","overlay-type":"","overlay-color":"","overlay-opacity":"","overlay-gradient":""},"tablet":{"background-color":"var(--ast-global-color-4)","background-image":"","background-repeat":"repeat","background-position":"center center","background-size":"auto","background-attachment":"scroll","background-type":"","background-media":"","overlay-type":"","overlay-color":"","overlay-opacity":"","overlay-gradient":""},"mobile":{"background-color":"var(--ast-global-color-4)","background-image":"","background-repeat":"repeat","background-position":"center center","background-size":"auto","background-attachment":"scroll","background-type":"","background-media":"","overlay-type":"","overlay-color":"","overlay-opacity":"","overlay-gradient":""}}},"product_brand":[56],"product_cat":[73,161,19],"product_tag":[160],"class_list":{"0":"post-25545","1":"product","2":"type-product","3":"status-publish","4":"has-post-thumbnail","6":"product_brand-tiptiptap","7":"product_cat-skateboard","8":"product_cat-skateparks","9":"product_cat-sport-rorelse","10":"product_tag-serie-skateparks","11":"desktop-align-center","12":"tablet-align-left","13":"mobile-align-left","15":"first","16":"instock","17":"taxable","18":"shipping-taxable","19":"purchasable","20":"product-type-variable","21":"has-default-attributes"},"_links":{"self":[{"href":"https:\/\/readymade.se\/core\/wp-json\/wp\/v2\/product\/25545","targetHints":{"allow":["GET"]}}],"collection":[{"href":"https:\/\/readymade.se\/core\/wp-json\/wp\/v2\/product"}],"about":[{"href":"https:\/\/readymade.se\/core\/wp-json\/wp\/v2\/types\/product"}],"wp:featuredmedia":[{"embeddable":true,"href":"https:\/\/readymade.se\/core\/wp-json\/wp\/v2\/media\/25655"}],"wp:attachment":[{"href":"https:\/\/readymade.se\/core\/wp-json\/wp\/v2\/media?parent=25545"}],"wp:term":[{"taxonomy":"product_brand","embeddable":true,"href":"https:\/\/readymade.se\/core\/wp-json\/wp\/v2\/product_brand?post=25545"},{"taxonomy":"product_cat","embeddable":true,"href":"https:\/\/readymade.se\/core\/wp-json\/wp\/v2\/product_cat?post=25545"},{"taxonomy":"product_tag","embeddable":true,"href":"https:\/\/readymade.se\/core\/wp-json\/wp\/v2\/product_tag?post=25545"}],"curies":[{"name":"wp","href":"https:\/\/api.w.org\/{rel}","templated":true}]}}