{"id":23944,"date":"2026-03-04T15:04:06","date_gmt":"2026-03-04T14:04:06","guid":{"rendered":"https:\/\/readymade.se\/core\/?post_type=product&#038;p=23944"},"modified":"2026-03-05T01:34:50","modified_gmt":"2026-03-05T00:34:50","slug":"lekhus-labbrum-l-panel-med-monteringstillbehorset-1-st","status":"publish","type":"product","link":"https:\/\/readymade.se\/core\/produkt\/lekhus-labbrum-l-panel-med-monteringstillbehorset-1-st\/","title":{"rendered":"Lekhus Labbrum L-panel med monteringstillbeh\u00f6rset (1 st)"},"content":{"rendered":"<p>LABBRUM \u00e4r en lekstuga f\u00f6r barn i \u00e5ldrarna 3-10 \u00e5r. En enkel L-formad panel g\u00f6r att du kan bygga otaliga olika utrymmen: hus, palats, slott, grottor, etc. Du kan bygga n\u00e5got nytt varje g\u00e5ng!<br \/>\nLABBRUM \u00e4r tillverkad av UV-s\u00e4ker plywood med en f\u00e4rgad plastbel\u00e4ggning och f\u00e4lgar som har polerats tre g\u00e5nger. Dessa material \u00e4r l\u00e4tta att sk\u00f6ta och g\u00f6r LABBRUM lika l\u00e4mpligt f\u00f6r inomhus- och utomhusbruk.<br \/>\nLABBRUM \u00e4r s\u00e4kert, eftersom det inte inneh\u00e5ller n\u00e5gra r\u00f6rliga delar eller skarpa h\u00f6rn. Modulerna \u00e4r certifierade. Det \u00e4r enkelt att sammanfoga standardpanelerna och g\u00f6r det m\u00f6jligt f\u00f6r dig att bygga st\u00f6rre och st\u00f6rre LABBRUM-v\u00e4rldar. F\u00f6r att diversifiera spelen kan du ocks\u00e5 l\u00e4gga till en rutschkana och en bollgrop till LABYRUMET.<br \/>\nDet \u00e4r ocks\u00e5 m\u00f6jligt att anv\u00e4nda panelerna LABBRUM f\u00f6r att bygga bord, hyllor och sk\u00e4rmar.<\/p>\n","protected":false},"excerpt":{"rendered":"<p>LABBRUM \u00e4r en lekstuga f\u00f6r barn i \u00e5ldrarna 3-10 \u00e5r. En enkel L-formad panel g\u00f6r att du kan bygga otaliga olika utrymmen: hus, palats, slott, grottor, etc. Du kan bygga n\u00e5got nytt varje g\u00e5ng!<br \/>\nLABBRUM \u00e4r tillverkad av UV-s\u00e4ker plywood med en f\u00e4rgad plastbel\u00e4ggning och f\u00e4lgar som har polerats tre g\u00e5nger. Dessa material \u00e4r l\u00e4tta att sk\u00f6ta och g\u00f6r LABBRUM lika l\u00e4mpligt f\u00f6r inomhus- och utomhusbruk.<br \/>\nLABBRUM \u00e4r s\u00e4kert, eftersom det inte inneh\u00e5ller n\u00e5gra r\u00f6rliga delar eller skarpa h\u00f6rn. Modulerna \u00e4r certifierade. Det \u00e4r enkelt att sammanfoga standardpanelerna och g\u00f6r det m\u00f6jligt f\u00f6r dig att bygga st\u00f6rre och st\u00f6rre LABBRUM-v\u00e4rldar. F\u00f6r att diversifiera spelen kan du ocks\u00e5 l\u00e4gga till en rutschkana och en bollgrop till LABYRUMET.<br \/>\nDet \u00e4r ocks\u00e5 m\u00f6jligt att anv\u00e4nda panelerna LABBRUM f\u00f6r att bygga bord, hyllor och sk\u00e4rmar.<\/p>\n","protected":false},"featured_media":33075,"template":"","meta":{"site-sidebar-layout":"","site-content-layout":"","ast-site-content-layout":"","site-content-style":"","site-sidebar-style":"","ast-global-header-display":"","ast-banner-title-visibility":"","ast-main-header-display":"","ast-hfb-above-header-display":"","ast-hfb-below-header-display":"","ast-hfb-mobile-header-display":"","site-post-title":"","ast-breadcrumbs-content":"","ast-featured-img":"","footer-sml-layout":"","theme-transparent-header-meta":"","adv-header-id-meta":"","stick-header-meta":"","header-above-stick-meta":"","header-main-stick-meta":"","header-below-stick-meta":"","astra-migrate-meta-layouts":"","ast-page-background-enabled":"default","ast-page-background-meta":{"desktop":{"background-color":"var(--ast-global-color-5)","background-image":"","background-repeat":"repeat","background-position":"center center","background-size":"auto","background-attachment":"scroll","background-type":"","background-media":"","overlay-type":"","overlay-color":"","overlay-opacity":"","overlay-gradient":""},"tablet":{"background-color":"","background-image":"","background-repeat":"repeat","background-position":"center center","background-size":"auto","background-attachment":"scroll","background-type":"","background-media":"","overlay-type":"","overlay-color":"","overlay-opacity":"","overlay-gradient":""},"mobile":{"background-color":"","background-image":"","background-repeat":"repeat","background-position":"center center","background-size":"auto","background-attachment":"scroll","background-type":"","background-media":"","overlay-type":"","overlay-color":"","overlay-opacity":"","overlay-gradient":""}},"ast-content-background-meta":{"desktop":{"background-color":"var(--ast-global-color-4)","background-image":"","background-repeat":"repeat","background-position":"center center","background-size":"auto","background-attachment":"scroll","background-type":"","background-media":"","overlay-type":"","overlay-color":"","overlay-opacity":"","overlay-gradient":""},"tablet":{"background-color":"var(--ast-global-color-4)","background-image":"","background-repeat":"repeat","background-position":"center center","background-size":"auto","background-attachment":"scroll","background-type":"","background-media":"","overlay-type":"","overlay-color":"","overlay-opacity":"","overlay-gradient":""},"mobile":{"background-color":"var(--ast-global-color-4)","background-image":"","background-repeat":"repeat","background-position":"center center","background-size":"auto","background-attachment":"scroll","background-type":"","background-media":"","overlay-type":"","overlay-color":"","overlay-opacity":"","overlay-gradient":""}}},"product_brand":[56],"product_cat":[144],"product_tag":[153],"class_list":{"0":"post-23944","1":"product","2":"type-product","3":"status-publish","4":"has-post-thumbnail","6":"product_brand-tiptiptap","7":"product_cat-lekhus","8":"product_tag-serie-standard","9":"desktop-align-center","10":"tablet-align-left","11":"mobile-align-left","13":"first","14":"instock","15":"taxable","16":"shipping-taxable","17":"purchasable","18":"product-type-simple"},"_links":{"self":[{"href":"https:\/\/readymade.se\/core\/wp-json\/wp\/v2\/product\/23944","targetHints":{"allow":["GET"]}}],"collection":[{"href":"https:\/\/readymade.se\/core\/wp-json\/wp\/v2\/product"}],"about":[{"href":"https:\/\/readymade.se\/core\/wp-json\/wp\/v2\/types\/product"}],"wp:featuredmedia":[{"embeddable":true,"href":"https:\/\/readymade.se\/core\/wp-json\/wp\/v2\/media\/33075"}],"wp:attachment":[{"href":"https:\/\/readymade.se\/core\/wp-json\/wp\/v2\/media?parent=23944"}],"wp:term":[{"taxonomy":"product_brand","embeddable":true,"href":"https:\/\/readymade.se\/core\/wp-json\/wp\/v2\/product_brand?post=23944"},{"taxonomy":"product_cat","embeddable":true,"href":"https:\/\/readymade.se\/core\/wp-json\/wp\/v2\/product_cat?post=23944"},{"taxonomy":"product_tag","embeddable":true,"href":"https:\/\/readymade.se\/core\/wp-json\/wp\/v2\/product_tag?post=23944"}],"curies":[{"name":"wp","href":"https:\/\/api.w.org\/{rel}","templated":true}]}}