{"id":23937,"date":"2026-03-04T15:04:06","date_gmt":"2026-03-04T14:04:06","guid":{"rendered":"https:\/\/readymade.se\/core\/?post_type=product&#038;p=23937"},"modified":"2026-03-05T01:34:56","modified_gmt":"2026-03-05T00:34:56","slug":"bankbord-runda","status":"publish","type":"product","link":"https:\/\/readymade.se\/core\/produkt\/bankbord-runda\/","title":{"rendered":"B\u00e4nkbord Runda"},"content":{"rendered":"<p>B\u00e4nkbord Runda \u00e4r ett runt sittbord som ger barn en tydlig plats f\u00f6r lek, paus och samspel i utemilj\u00f6. Bordet \u00e4r tillverkat av UV- och v\u00e4derbest\u00e4ndig HDPE, vilket ger en slitstark yta som fungerar bra i daglig anv\u00e4ndning. Konstruktionen b\u00e4rs av en stabil metallstolpe som monteras genom ingjutning i betong f\u00f6r h\u00f6g s\u00e4kerhet och l\u00e5ng livsl\u00e4ngd. Den kompakta, runda formen passar v\u00e4l p\u00e5 f\u00f6rskolor, skolg\u00e5rdar och lekplatser d\u00e4r man vill skapa en samlande sittpunkt. En robust l\u00f6sning f\u00f6r offentliga milj\u00f6er med krav p\u00e5 h\u00e5llbar drift \u00f6ver tid. Produkten \u00e4r utformad f\u00f6r daglig anv\u00e4ndning i offentlig milj\u00f6 och ger stabil funktion \u00f6ver l\u00e5ng tid.<\/p>\n","protected":false},"excerpt":{"rendered":"<p>Runt b\u00e4nkbord i UV- och v\u00e4derbest\u00e4ndig HDPE med metallstolpe f\u00f6r ingjutning i betong.<\/p>\n","protected":false},"featured_media":24028,"template":"","meta":{"site-sidebar-layout":"","site-content-layout":"","ast-site-content-layout":"","site-content-style":"","site-sidebar-style":"","ast-global-header-display":"","ast-banner-title-visibility":"","ast-main-header-display":"","ast-hfb-above-header-display":"","ast-hfb-below-header-display":"","ast-hfb-mobile-header-display":"","site-post-title":"","ast-breadcrumbs-content":"","ast-featured-img":"","footer-sml-layout":"","theme-transparent-header-meta":"","adv-header-id-meta":"","stick-header-meta":"","header-above-stick-meta":"","header-main-stick-meta":"","header-below-stick-meta":"","astra-migrate-meta-layouts":"","ast-page-background-enabled":"default","ast-page-background-meta":{"desktop":{"background-color":"var(--ast-global-color-5)","background-image":"","background-repeat":"repeat","background-position":"center center","background-size":"auto","background-attachment":"scroll","background-type":"","background-media":"","overlay-type":"","overlay-color":"","overlay-opacity":"","overlay-gradient":""},"tablet":{"background-color":"","background-image":"","background-repeat":"repeat","background-position":"center center","background-size":"auto","background-attachment":"scroll","background-type":"","background-media":"","overlay-type":"","overlay-color":"","overlay-opacity":"","overlay-gradient":""},"mobile":{"background-color":"","background-image":"","background-repeat":"repeat","background-position":"center center","background-size":"auto","background-attachment":"scroll","background-type":"","background-media":"","overlay-type":"","overlay-color":"","overlay-opacity":"","overlay-gradient":""}},"ast-content-background-meta":{"desktop":{"background-color":"var(--ast-global-color-4)","background-image":"","background-repeat":"repeat","background-position":"center center","background-size":"auto","background-attachment":"scroll","background-type":"","background-media":"","overlay-type":"","overlay-color":"","overlay-opacity":"","overlay-gradient":""},"tablet":{"background-color":"var(--ast-global-color-4)","background-image":"","background-repeat":"repeat","background-position":"center center","background-size":"auto","background-attachment":"scroll","background-type":"","background-media":"","overlay-type":"","overlay-color":"","overlay-opacity":"","overlay-gradient":""},"mobile":{"background-color":"var(--ast-global-color-4)","background-image":"","background-repeat":"repeat","background-position":"center center","background-size":"auto","background-attachment":"scroll","background-type":"","background-media":"","overlay-type":"","overlay-color":"","overlay-opacity":"","overlay-gradient":""}}},"product_brand":[56],"product_cat":[157,39,125],"product_tag":[],"class_list":{"0":"post-23937","1":"product","2":"type-product","3":"status-publish","4":"has-post-thumbnail","6":"product_brand-tiptiptap","7":"product_cat-bankbord","8":"product_cat-gata-park","9":"product_cat-sandbord-sand-vattenlek","10":"desktop-align-center","11":"tablet-align-left","12":"mobile-align-left","14":"first","15":"instock","16":"taxable","17":"shipping-taxable","18":"purchasable","19":"product-type-variable","20":"has-default-attributes"},"_links":{"self":[{"href":"https:\/\/readymade.se\/core\/wp-json\/wp\/v2\/product\/23937","targetHints":{"allow":["GET"]}}],"collection":[{"href":"https:\/\/readymade.se\/core\/wp-json\/wp\/v2\/product"}],"about":[{"href":"https:\/\/readymade.se\/core\/wp-json\/wp\/v2\/types\/product"}],"wp:featuredmedia":[{"embeddable":true,"href":"https:\/\/readymade.se\/core\/wp-json\/wp\/v2\/media\/24028"}],"wp:attachment":[{"href":"https:\/\/readymade.se\/core\/wp-json\/wp\/v2\/media?parent=23937"}],"wp:term":[{"taxonomy":"product_brand","embeddable":true,"href":"https:\/\/readymade.se\/core\/wp-json\/wp\/v2\/product_brand?post=23937"},{"taxonomy":"product_cat","embeddable":true,"href":"https:\/\/readymade.se\/core\/wp-json\/wp\/v2\/product_cat?post=23937"},{"taxonomy":"product_tag","embeddable":true,"href":"https:\/\/readymade.se\/core\/wp-json\/wp\/v2\/product_tag?post=23937"}],"curies":[{"name":"wp","href":"https:\/\/api.w.org\/{rel}","templated":true}]}}