{"id":23589,"date":"2026-03-04T14:54:19","date_gmt":"2026-03-04T13:54:19","guid":{"rendered":"https:\/\/readymade.se\/core\/?post_type=product&#038;p=23589"},"modified":"2026-03-05T01:34:01","modified_gmt":"2026-03-05T00:34:01","slug":"forrad-udden-3x4-m-med-tragolv","status":"publish","type":"product","link":"https:\/\/readymade.se\/core\/produkt\/forrad-udden-3x4-m-med-tragolv\/","title":{"rendered":"F\u00f6rr\u00e5d Udden 3&#215;4 m med tr\u00e4golv"},"content":{"rendered":"<p>F\u00f6rr\u00e5d Udden 3&#215;4 m med tr\u00e4golv \u00e4r ett \u00f6ppet skydd f\u00f6r samlingar, utepedagogik och praktisk f\u00f6rvaring. Konstruktionen \u00e4r \u00f6ppen p\u00e5 b\u00e5da sidor och ger bra skydd mot regn, vind och stark sol. Stommen \u00e4r byggd i limmat laminerat tr\u00e4, medan v\u00e4ggpaneler och golv \u00e4r tillverkade av djupimpregnerat, hyvlat tr\u00e4 f\u00f6r l\u00e5ng livsl\u00e4ngd utomhus. Taket best\u00e5r av slagt\u00e5lig, transparent polykarbonat i trapetsprofil som sl\u00e4pper in ljus och h\u00e5ller ytan anv\u00e4ndbar \u00e4ven vid s\u00e4mre v\u00e4der. Modellen kan kompletteras med horisontellt f\u00f6rr\u00e5d, vertikal l\u00e5sbar f\u00f6rvaringsl\u00e5da och aktivitetspaneler. L\u00f6sningen fungerar v\u00e4l i projekt d\u00e4r man beh\u00f6ver tydliga ytor f\u00f6r b\u00e5de aktivitet, v\u00e4ntzon och strukturerad f\u00f6rvaring.<\/p>\n","protected":false},"excerpt":{"rendered":"<p>\u00d6ppet f\u00f6rr\u00e5dsskydd 3&#215;4 m med tr\u00e4golv i limtr\u00e4, impregnerat tr\u00e4 och tak i polykarbonat.<\/p>\n","protected":false},"featured_media":35260,"template":"","meta":{"site-sidebar-layout":"","site-content-layout":"","ast-site-content-layout":"","site-content-style":"","site-sidebar-style":"","ast-global-header-display":"","ast-banner-title-visibility":"","ast-main-header-display":"","ast-hfb-above-header-display":"","ast-hfb-below-header-display":"","ast-hfb-mobile-header-display":"","site-post-title":"","ast-breadcrumbs-content":"","ast-featured-img":"","footer-sml-layout":"","theme-transparent-header-meta":"","adv-header-id-meta":"","stick-header-meta":"","header-above-stick-meta":"","header-main-stick-meta":"","header-below-stick-meta":"","astra-migrate-meta-layouts":"","ast-page-background-enabled":"default","ast-page-background-meta":{"desktop":{"background-color":"var(--ast-global-color-5)","background-image":"","background-repeat":"repeat","background-position":"center center","background-size":"auto","background-attachment":"scroll","background-type":"","background-media":"","overlay-type":"","overlay-color":"","overlay-opacity":"","overlay-gradient":""},"tablet":{"background-color":"","background-image":"","background-repeat":"repeat","background-position":"center center","background-size":"auto","background-attachment":"scroll","background-type":"","background-media":"","overlay-type":"","overlay-color":"","overlay-opacity":"","overlay-gradient":""},"mobile":{"background-color":"","background-image":"","background-repeat":"repeat","background-position":"center center","background-size":"auto","background-attachment":"scroll","background-type":"","background-media":"","overlay-type":"","overlay-color":"","overlay-opacity":"","overlay-gradient":""}},"ast-content-background-meta":{"desktop":{"background-color":"var(--ast-global-color-4)","background-image":"","background-repeat":"repeat","background-position":"center center","background-size":"auto","background-attachment":"scroll","background-type":"","background-media":"","overlay-type":"","overlay-color":"","overlay-opacity":"","overlay-gradient":""},"tablet":{"background-color":"var(--ast-global-color-4)","background-image":"","background-repeat":"repeat","background-position":"center center","background-size":"auto","background-attachment":"scroll","background-type":"","background-media":"","overlay-type":"","overlay-color":"","overlay-opacity":"","overlay-gradient":""},"mobile":{"background-color":"var(--ast-global-color-4)","background-image":"","background-repeat":"repeat","background-position":"center center","background-size":"auto","background-attachment":"scroll","background-type":"","background-media":"","overlay-type":"","overlay-color":"","overlay-opacity":"","overlay-gradient":""}}},"product_brand":[56],"product_cat":[61,39],"product_tag":[141],"class_list":{"0":"post-23589","1":"product","2":"type-product","3":"status-publish","4":"has-post-thumbnail","6":"product_brand-tiptiptap","7":"product_cat-forrad","8":"product_cat-gata-park","9":"product_tag-core-gata-park","10":"desktop-align-center","11":"tablet-align-left","12":"mobile-align-left","14":"first","15":"instock","16":"taxable","17":"shipping-taxable","18":"purchasable","19":"product-type-simple"},"_links":{"self":[{"href":"https:\/\/readymade.se\/core\/wp-json\/wp\/v2\/product\/23589","targetHints":{"allow":["GET"]}}],"collection":[{"href":"https:\/\/readymade.se\/core\/wp-json\/wp\/v2\/product"}],"about":[{"href":"https:\/\/readymade.se\/core\/wp-json\/wp\/v2\/types\/product"}],"wp:featuredmedia":[{"embeddable":true,"href":"https:\/\/readymade.se\/core\/wp-json\/wp\/v2\/media\/35260"}],"wp:attachment":[{"href":"https:\/\/readymade.se\/core\/wp-json\/wp\/v2\/media?parent=23589"}],"wp:term":[{"taxonomy":"product_brand","embeddable":true,"href":"https:\/\/readymade.se\/core\/wp-json\/wp\/v2\/product_brand?post=23589"},{"taxonomy":"product_cat","embeddable":true,"href":"https:\/\/readymade.se\/core\/wp-json\/wp\/v2\/product_cat?post=23589"},{"taxonomy":"product_tag","embeddable":true,"href":"https:\/\/readymade.se\/core\/wp-json\/wp\/v2\/product_tag?post=23589"}],"curies":[{"name":"wp","href":"https:\/\/api.w.org\/{rel}","templated":true}]}}