{"id":22392,"date":"2025-12-24T16:00:17","date_gmt":"2025-12-24T15:00:17","guid":{"rendered":"https:\/\/readymade.se\/core\/?post_type=product&#038;p=22392"},"modified":"2026-03-04T19:03:25","modified_gmt":"2026-03-04T18:03:25","slug":"algot-ii","status":"publish","type":"product","link":"https:\/\/readymade.se\/core\/produkt\/algot-ii\/","title":{"rendered":"Algot II"},"content":{"rendered":"<article class=\"text-token-text-primary w-full focus:outline-none [--shadow-height:45px] has-data-writing-block:pointer-events-none has-data-writing-block:-mt-(--shadow-height) has-data-writing-block:pt-(--shadow-height) [&amp;:has([data-writing-block])&gt;*]:pointer-events-auto [content-visibility:auto] supports-[content-visibility:auto]:[contain-intrinsic-size:auto_100lvh] scroll-mt-[calc(var(--header-height)+min(200px,max(70px,20svh)))]\" dir=\"auto\" tabindex=\"-1\" data-turn-id=\"b36ebfdd-763c-4394-8a76-87dac0c54435\" data-testid=\"conversation-turn-14\" data-scroll-anchor=\"true\" data-turn=\"assistant\">\n<div class=\"text-base my-auto mx-auto pb-10 [--thread-content-margin:--spacing(4)] thread-sm:[--thread-content-margin:--spacing(6)] thread-lg:[--thread-content-margin:--spacing(16)] px-(--thread-content-margin)\">\n<div class=\"[--thread-content-max-width:40rem] thread-lg:[--thread-content-max-width:48rem] mx-auto max-w-(--thread-content-max-width) flex-1 group\/turn-messages focus-visible:outline-hidden relative flex w-full min-w-0 flex-col agent-turn\" tabindex=\"-1\">\n<div class=\"flex max-w-full flex-col grow\">\n<div class=\"min-h-8 text-message relative flex w-full flex-col items-end gap-2 text-start break-words whitespace-normal [.text-message+&amp;]:mt-1\" dir=\"auto\" data-message-author-role=\"assistant\" data-message-id=\"26ebbe62-8500-4fb7-bebb-576a3e15e0ee\" data-message-model-slug=\"gpt-5-1-thinking\">\n<div class=\"flex w-full flex-col gap-1 empty:hidden first:pt-[1px]\">\n<div class=\"markdown prose dark:prose-invert w-full break-words dark markdown-new-styling\">\n<p data-start=\"0\" data-end=\"301\">Multiarena av mycket h\u00f6g kvalitet, byggd f\u00f6r lek, r\u00f6relsegl\u00e4dje och spontanspel i alla \u00e5ldrar. Arenan \u00e4r tillverkad i t\u00e5lig norrl\u00e4ndsk furu och varmf\u00f6rzinkat st\u00e5l, vilket ger en robust och v\u00e4derbest\u00e4ndig konstruktion som h\u00e5ller under l\u00e5ng tid \u2013 perfekt f\u00f6r skolor, parker och andra offentliga milj\u00f6er.<\/p>\n<p data-start=\"303\" data-end=\"709\">Standardm\u00e5ttet \u00e4r <strong data-start=\"321\" data-end=\"338\">10 \u00d7 18 meter<\/strong>, men arenan kan anpassas efter behov och platsens f\u00f6ruts\u00e4ttningar. I kortsidorna finns fasta, integrerade fotbollsm\u00e5l, och ovanf\u00f6r varje m\u00e5l sitter ett basketstativ med vit platta, vilket g\u00f6r att planen enkelt kan anv\u00e4ndas f\u00f6r flera olika bollsporter. Konstruktionen \u00e4r genomt\u00e4nkt f\u00f6r att vara b\u00e5de stabil och l\u00e4tt att montera, och hela arenan f\u00f6rankras s\u00e4kert i betong.<\/p>\n<p data-start=\"711\" data-end=\"892\">Denna multiarena passar utm\u00e4rkt f\u00f6r <strong data-start=\"747\" data-end=\"795\">fotboll, basket, innebandy och annan bolllek<\/strong> \u2013 en naturlig samlingspunkt d\u00e4r barn, unga och vuxna kan m\u00f6tas, r\u00f6ra sig och ha kul tillsammans.<\/p>\n<h3 data-start=\"894\" data-end=\"921\">F\u00f6rdelar och egenskaper<\/h3>\n<ul data-start=\"923\" data-end=\"1694\">\n<li data-start=\"923\" data-end=\"1024\">\n<p data-start=\"925\" data-end=\"1024\">Tillverkad i <strong data-start=\"938\" data-end=\"957\">norrl\u00e4ndsk furu<\/strong> och <strong data-start=\"962\" data-end=\"984\">varmf\u00f6rzinkat st\u00e5l<\/strong> f\u00f6r h\u00f6g slitstyrka och l\u00e5ng livsl\u00e4ngd<\/p>\n<\/li>\n<li data-start=\"1025\" data-end=\"1112\">\n<p data-start=\"1027\" data-end=\"1112\">Standardm\u00e5tt <strong data-start=\"1040\" data-end=\"1053\">10 \u00d7 18 m<\/strong>, med m\u00f6jlighet till <strong data-start=\"1074\" data-end=\"1110\">anpassning efter projekt och yta<\/strong><\/p>\n<\/li>\n<li data-start=\"1113\" data-end=\"1188\">\n<p data-start=\"1115\" data-end=\"1188\"><strong data-start=\"1115\" data-end=\"1142\">Integrerade fotbollsm\u00e5l<\/strong> i kortsidorna f\u00f6r enkel och tydlig spelplan<\/p>\n<\/li>\n<li data-start=\"1189\" data-end=\"1287\">\n<p data-start=\"1191\" data-end=\"1287\"><strong data-start=\"1191\" data-end=\"1222\">Basketstativ med vit platta<\/strong> monterad ovanf\u00f6r respektive m\u00e5l f\u00f6r fler aktivitetsm\u00f6jligheter<\/p>\n<\/li>\n<li data-start=\"1288\" data-end=\"1358\">\n<p data-start=\"1290\" data-end=\"1358\">L\u00e4mplig f\u00f6r <strong data-start=\"1302\" data-end=\"1356\">fotboll, basket, innebandy och annan bollaktivitet<\/strong><\/p>\n<\/li>\n<li data-start=\"1359\" data-end=\"1442\">\n<p data-start=\"1361\" data-end=\"1442\"><strong data-start=\"1361\" data-end=\"1390\">Robust och v\u00e4derbest\u00e4ndig<\/strong> konstruktion, framtagen f\u00f6r utomhusbruk \u00e5ret runt<\/p>\n<\/li>\n<li data-start=\"1443\" data-end=\"1498\">\n<p data-start=\"1445\" data-end=\"1498\"><strong data-start=\"1445\" data-end=\"1466\">Enkel att montera<\/strong> och f\u00f6rankras s\u00e4kert i betong<\/p>\n<\/li>\n<li data-start=\"1499\" data-end=\"1597\">\n<p data-start=\"1501\" data-end=\"1597\">S\u00e4rskilt anpassad f\u00f6r <strong data-start=\"1523\" data-end=\"1542\">offentlig milj\u00f6<\/strong> som skolor, bostadsomr\u00e5den, parker och fritidsg\u00e5rdar<\/p>\n<\/li>\n<li data-start=\"1598\" data-end=\"1694\">\n<p data-start=\"1600\" data-end=\"1694\">Skapar en <strong data-start=\"1610\" data-end=\"1632\">lekfull m\u00f6tesplats<\/strong> som uppmuntrar till r\u00f6relse, gemenskap och spontana matcher<\/p>\n<\/li>\n<\/ul>\n<p data-start=\"1696\" data-end=\"1915\" data-is-last-node=\"\" data-is-only-node=\"\">Med denna multiarena blir det enkelt att skapa en inbjudande och lekfull aktivitetsyta d\u00e4r alla hittar sitt s\u00e4tt att vara med \u2013 oavsett om det \u00e4r en snabb match p\u00e5 rasten, organiserad tr\u00e4ning eller fri lek efter skolan.<\/p>\n<\/div>\n<\/div>\n<\/div>\n<\/div>\n<div class=\"z-0 flex min-h-[46px] justify-start\"><\/div>\n<div class=\"mt-3 w-full empty:hidden\">\n<div class=\"text-center\"><\/div>\n<\/div>\n<\/div>\n<\/div>\n<\/article>\n<div class=\"pointer-events-none h-px w-px\" aria-hidden=\"true\" data-edge=\"true\"><\/div>\n","protected":false},"excerpt":{"rendered":"<p>Multiarena av mycket h\u00f6g kvalitet, byggd f\u00f6r lek, r\u00f6relsegl\u00e4dje och spontanspel i alla \u00e5ldrar. Arenan \u00e4r tillverkad i t\u00e5lig norrl\u00e4ndsk [&hellip;]<\/p>\n","protected":false},"featured_media":22394,"template":"","meta":{"site-sidebar-layout":"default","site-content-layout":"","ast-site-content-layout":"default","site-content-style":"default","site-sidebar-style":"default","ast-global-header-display":"","ast-banner-title-visibility":"","ast-main-header-display":"","ast-hfb-above-header-display":"","ast-hfb-below-header-display":"","ast-hfb-mobile-header-display":"","site-post-title":"","ast-breadcrumbs-content":"","ast-featured-img":"","footer-sml-layout":"","theme-transparent-header-meta":"default","adv-header-id-meta":"","stick-header-meta":"","header-above-stick-meta":"","header-main-stick-meta":"","header-below-stick-meta":"","astra-migrate-meta-layouts":"set","ast-page-background-enabled":"default","ast-page-background-meta":{"desktop":{"background-color":"var(--ast-global-color-5)","background-image":"","background-repeat":"repeat","background-position":"center center","background-size":"auto","background-attachment":"scroll","background-type":"","background-media":"","overlay-type":"","overlay-color":"","overlay-opacity":"","overlay-gradient":""},"tablet":{"background-color":"","background-image":"","background-repeat":"repeat","background-position":"center center","background-size":"auto","background-attachment":"scroll","background-type":"","background-media":"","overlay-type":"","overlay-color":"","overlay-opacity":"","overlay-gradient":""},"mobile":{"background-color":"","background-image":"","background-repeat":"repeat","background-position":"center center","background-size":"auto","background-attachment":"scroll","background-type":"","background-media":"","overlay-type":"","overlay-color":"","overlay-opacity":"","overlay-gradient":""}},"ast-content-background-meta":{"desktop":{"background-color":"var(--ast-global-color-4)","background-image":"","background-repeat":"repeat","background-position":"center center","background-size":"auto","background-attachment":"scroll","background-type":"","background-media":"","overlay-type":"","overlay-color":"","overlay-opacity":"","overlay-gradient":""},"tablet":{"background-color":"var(--ast-global-color-4)","background-image":"","background-repeat":"repeat","background-position":"center center","background-size":"auto","background-attachment":"scroll","background-type":"","background-media":"","overlay-type":"","overlay-color":"","overlay-opacity":"","overlay-gradient":""},"mobile":{"background-color":"var(--ast-global-color-4)","background-image":"","background-repeat":"repeat","background-position":"center center","background-size":"auto","background-attachment":"scroll","background-type":"","background-media":"","overlay-type":"","overlay-color":"","overlay-opacity":"","overlay-gradient":""}}},"product_brand":[],"product_cat":[20,70,19,197],"product_tag":[152],"class_list":{"0":"post-22392","1":"product","2":"type-product","3":"status-publish","4":"has-post-thumbnail","6":"product_cat-bollsport","7":"product_cat-multisportarenor","8":"product_cat-sport-rorelse","9":"product_cat-stand","10":"product_tag-standard-sortiment","11":"desktop-align-center","12":"tablet-align-left","13":"mobile-align-left","15":"first","16":"instock","17":"taxable","18":"shipping-taxable","19":"purchasable","20":"product-type-simple"},"_links":{"self":[{"href":"https:\/\/readymade.se\/core\/wp-json\/wp\/v2\/product\/22392","targetHints":{"allow":["GET"]}}],"collection":[{"href":"https:\/\/readymade.se\/core\/wp-json\/wp\/v2\/product"}],"about":[{"href":"https:\/\/readymade.se\/core\/wp-json\/wp\/v2\/types\/product"}],"wp:featuredmedia":[{"embeddable":true,"href":"https:\/\/readymade.se\/core\/wp-json\/wp\/v2\/media\/22394"}],"wp:attachment":[{"href":"https:\/\/readymade.se\/core\/wp-json\/wp\/v2\/media?parent=22392"}],"wp:term":[{"taxonomy":"product_brand","embeddable":true,"href":"https:\/\/readymade.se\/core\/wp-json\/wp\/v2\/product_brand?post=22392"},{"taxonomy":"product_cat","embeddable":true,"href":"https:\/\/readymade.se\/core\/wp-json\/wp\/v2\/product_cat?post=22392"},{"taxonomy":"product_tag","embeddable":true,"href":"https:\/\/readymade.se\/core\/wp-json\/wp\/v2\/product_tag?post=22392"}],"curies":[{"name":"wp","href":"https:\/\/api.w.org\/{rel}","templated":true}]}}