{"id":22387,"date":"2025-12-24T15:55:49","date_gmt":"2025-12-24T14:55:49","guid":{"rendered":"https:\/\/readymade.se\/core\/?post_type=product&#038;p=22387"},"modified":"2026-03-04T19:03:25","modified_gmt":"2026-03-04T18:03:25","slug":"perra","status":"publish","type":"product","link":"https:\/\/readymade.se\/core\/produkt\/perra\/","title":{"rendered":"Perra"},"content":{"rendered":"<p data-start=\"0\" data-end=\"43\"><strong data-start=\"0\" data-end=\"41\">Multiarena i norrl\u00e4ndsk furu och st\u00e5l<\/strong><\/p>\n<p data-start=\"45\" data-end=\"431\">Multiarena f\u00f6r <strong data-start=\"60\" data-end=\"103\">fotboll, basket och annan bollaktivitet<\/strong>, tillverkad i <strong data-start=\"118\" data-end=\"137\">norrl\u00e4ndsk furu<\/strong> och <strong data-start=\"142\" data-end=\"172\">varmf\u00f6rzinkat, robust st\u00e5l<\/strong> med tr\u00e4paneler som ger en naturlig k\u00e4nsla. Utrustad med <strong data-start=\"229\" data-end=\"250\">fasta fotbollsm\u00e5l<\/strong> integrerade i kortsidorna och <strong data-start=\"281\" data-end=\"297\">basketkorgar<\/strong> monterade ovanf\u00f6r varje m\u00e5l. Konstruktionen \u00e4r <strong data-start=\"345\" data-end=\"382\">v\u00e4derbest\u00e4ndig, enkel att montera<\/strong> och <strong data-start=\"387\" data-end=\"409\">f\u00f6rankras i betong<\/strong> f\u00f6r h\u00f6g stabilitet.<\/p>\n<p data-start=\"433\" data-end=\"564\" data-is-last-node=\"\" data-is-only-node=\"\">Finns i flera <strong data-start=\"447\" data-end=\"466\">lasyrutf\u00f6randen<\/strong>: m\u00f6rk, mellan eller ljus \u2013 anpassningsbar f\u00f6r parker, skolor och andra offentliga utomhusmilj\u00f6er.<\/p>\n<p data-start=\"433\" data-end=\"564\" data-is-last-node=\"\" data-is-only-node=\"\"><span style=\"font-size: 1.5em; font-weight: bold;\">Egenskaper och f\u00f6rdelar<\/span><\/p>\n<article class=\"text-token-text-primary w-full focus:outline-none [--shadow-height:45px] has-data-writing-block:pointer-events-none has-data-writing-block:-mt-(--shadow-height) has-data-writing-block:pt-(--shadow-height) [&amp;:has([data-writing-block])&gt;*]:pointer-events-auto [content-visibility:auto] supports-[content-visibility:auto]:[contain-intrinsic-size:auto_100lvh] scroll-mt-[calc(var(--header-height)+min(200px,max(70px,20svh)))]\" dir=\"auto\" tabindex=\"-1\" data-turn-id=\"49fe8dd4-5e74-401d-ae69-31f29b413eec\" data-testid=\"conversation-turn-110\" data-scroll-anchor=\"false\" data-turn=\"assistant\">\n<div class=\"text-base my-auto mx-auto [--thread-content-margin:--spacing(4)] thread-sm:[--thread-content-margin:--spacing(6)] thread-lg:[--thread-content-margin:--spacing(16)] px-(--thread-content-margin)\">\n<div class=\"[--thread-content-max-width:40rem] thread-lg:[--thread-content-max-width:48rem] mx-auto max-w-(--thread-content-max-width) flex-1 group\/turn-messages focus-visible:outline-hidden relative flex w-full min-w-0 flex-col agent-turn\" tabindex=\"-1\">\n<div class=\"flex max-w-full flex-col grow\">\n<div class=\"min-h-8 text-message relative flex w-full flex-col items-end gap-2 text-start break-words whitespace-normal [.text-message+&amp;]:mt-1\" dir=\"auto\" data-message-author-role=\"assistant\" data-message-id=\"b5680529-e234-4f9d-8754-b9052a4448ba\" data-message-model-slug=\"gpt-5-1-thinking\">\n<div class=\"flex w-full flex-col gap-1 empty:hidden first:pt-[1px]\">\n<div class=\"markdown prose dark:prose-invert w-full break-words dark markdown-new-styling\">\n<ul data-start=\"953\" data-end=\"1528\" data-is-last-node=\"\" data-is-only-node=\"\">\n<li data-start=\"953\" data-end=\"1016\">\n<p data-start=\"955\" data-end=\"1016\">Tillverkad i <strong data-start=\"968\" data-end=\"987\">norrl\u00e4ndsk furu<\/strong> och <strong data-start=\"992\" data-end=\"1014\">varmf\u00f6rzinkat st\u00e5l<\/strong><\/p>\n<\/li>\n<li data-start=\"1017\" data-end=\"1071\">\n<p data-start=\"1019\" data-end=\"1071\"><strong data-start=\"1019\" data-end=\"1033\">Tr\u00e4paneler<\/strong> som ger en varm och naturlig k\u00e4nsla<\/p>\n<\/li>\n<li data-start=\"1072\" data-end=\"1123\">\n<p data-start=\"1074\" data-end=\"1123\"><strong data-start=\"1074\" data-end=\"1095\">Fasta fotbollsm\u00e5l<\/strong> integrerade i kortsidorna<\/p>\n<\/li>\n<li data-start=\"1124\" data-end=\"1177\">\n<p data-start=\"1126\" data-end=\"1177\"><strong data-start=\"1126\" data-end=\"1142\">Basketkorgar<\/strong> monterade ovanf\u00f6r respektive m\u00e5l<\/p>\n<\/li>\n<li data-start=\"1178\" data-end=\"1237\">\n<p data-start=\"1180\" data-end=\"1237\">L\u00e4mplig f\u00f6r <strong data-start=\"1192\" data-end=\"1235\">fotboll, basket och annan bollaktivitet<\/strong><\/p>\n<\/li>\n<li data-start=\"1238\" data-end=\"1310\">\n<p data-start=\"1240\" data-end=\"1310\"><strong data-start=\"1240\" data-end=\"1269\">Robust och v\u00e4derbest\u00e4ndig<\/strong> konstruktion f\u00f6r utomhusbruk \u00e5ret runt<\/p>\n<\/li>\n<li data-start=\"1311\" data-end=\"1382\">\n<p data-start=\"1313\" data-end=\"1382\"><strong data-start=\"1313\" data-end=\"1334\">Enkel att montera<\/strong> och <strong data-start=\"1339\" data-end=\"1361\">f\u00f6rankras i betong<\/strong> f\u00f6r h\u00f6g stabilitet<\/p>\n<\/li>\n<li data-start=\"1383\" data-end=\"1445\">\n<p data-start=\"1385\" data-end=\"1445\">Finns i flera <strong data-start=\"1399\" data-end=\"1443\">lasyrutf\u00f6randen: m\u00f6rk, mellan eller ljus<\/strong><\/p>\n<\/li>\n<li data-start=\"1446\" data-end=\"1528\" data-is-last-node=\"\">\n<p data-start=\"1448\" data-end=\"1528\" data-is-last-node=\"\">Idealisk f\u00f6r <strong data-start=\"1461\" data-end=\"1528\" data-is-last-node=\"\">skolg\u00e5rdar, parker, bostadsomr\u00e5den och andra offentliga milj\u00f6er<\/strong><\/p>\n<\/li>\n<\/ul>\n<\/div>\n<\/div>\n<\/div>\n<\/div>\n<div class=\"z-0 flex min-h-[46px] justify-start\"><\/div>\n<\/div>\n<\/div>\n<\/article>\n<article class=\"text-token-text-primary w-full focus:outline-none [--shadow-height:45px] has-data-writing-block:pointer-events-none has-data-writing-block:-mt-(--shadow-height) has-data-writing-block:pt-(--shadow-height) [&amp;:has([data-writing-block])&gt;*]:pointer-events-auto scroll-mt-(--header-height)\" dir=\"auto\" tabindex=\"-1\" data-turn-id=\"13f5eb3c-499c-4d8a-b75d-a586defd76ab\" data-testid=\"conversation-turn-111\" data-scroll-anchor=\"false\" data-turn=\"user\">\n<h5 class=\"sr-only\"><\/h5>\n<\/article>\n","protected":false},"excerpt":{"rendered":"<p>Multiarena i norrl\u00e4ndsk furu och st\u00e5l Multiarena f\u00f6r fotboll, basket och annan bollaktivitet, tillverkad i norrl\u00e4ndsk furu och varmf\u00f6rzinkat, robust [&hellip;]<\/p>\n","protected":false},"featured_media":22388,"template":"","meta":{"site-sidebar-layout":"default","site-content-layout":"","ast-site-content-layout":"default","site-content-style":"default","site-sidebar-style":"default","ast-global-header-display":"","ast-banner-title-visibility":"","ast-main-header-display":"","ast-hfb-above-header-display":"","ast-hfb-below-header-display":"","ast-hfb-mobile-header-display":"","site-post-title":"","ast-breadcrumbs-content":"","ast-featured-img":"","footer-sml-layout":"","theme-transparent-header-meta":"default","adv-header-id-meta":"","stick-header-meta":"","header-above-stick-meta":"","header-main-stick-meta":"","header-below-stick-meta":"","astra-migrate-meta-layouts":"set","ast-page-background-enabled":"default","ast-page-background-meta":{"desktop":{"background-color":"var(--ast-global-color-5)","background-image":"","background-repeat":"repeat","background-position":"center center","background-size":"auto","background-attachment":"scroll","background-type":"","background-media":"","overlay-type":"","overlay-color":"","overlay-opacity":"","overlay-gradient":""},"tablet":{"background-color":"","background-image":"","background-repeat":"repeat","background-position":"center center","background-size":"auto","background-attachment":"scroll","background-type":"","background-media":"","overlay-type":"","overlay-color":"","overlay-opacity":"","overlay-gradient":""},"mobile":{"background-color":"","background-image":"","background-repeat":"repeat","background-position":"center center","background-size":"auto","background-attachment":"scroll","background-type":"","background-media":"","overlay-type":"","overlay-color":"","overlay-opacity":"","overlay-gradient":""}},"ast-content-background-meta":{"desktop":{"background-color":"var(--ast-global-color-4)","background-image":"","background-repeat":"repeat","background-position":"center center","background-size":"auto","background-attachment":"scroll","background-type":"","background-media":"","overlay-type":"","overlay-color":"","overlay-opacity":"","overlay-gradient":""},"tablet":{"background-color":"var(--ast-global-color-4)","background-image":"","background-repeat":"repeat","background-position":"center center","background-size":"auto","background-attachment":"scroll","background-type":"","background-media":"","overlay-type":"","overlay-color":"","overlay-opacity":"","overlay-gradient":""},"mobile":{"background-color":"var(--ast-global-color-4)","background-image":"","background-repeat":"repeat","background-position":"center center","background-size":"auto","background-attachment":"scroll","background-type":"","background-media":"","overlay-type":"","overlay-color":"","overlay-opacity":"","overlay-gradient":""}}},"product_brand":[],"product_cat":[20,70,19,197],"product_tag":[152],"class_list":{"0":"post-22387","1":"product","2":"type-product","3":"status-publish","4":"has-post-thumbnail","6":"product_cat-bollsport","7":"product_cat-multisportarenor","8":"product_cat-sport-rorelse","9":"product_cat-stand","10":"product_tag-standard-sortiment","11":"desktop-align-center","12":"tablet-align-left","13":"mobile-align-left","15":"first","16":"instock","17":"taxable","18":"shipping-taxable","19":"purchasable","20":"product-type-simple"},"_links":{"self":[{"href":"https:\/\/readymade.se\/core\/wp-json\/wp\/v2\/product\/22387","targetHints":{"allow":["GET"]}}],"collection":[{"href":"https:\/\/readymade.se\/core\/wp-json\/wp\/v2\/product"}],"about":[{"href":"https:\/\/readymade.se\/core\/wp-json\/wp\/v2\/types\/product"}],"wp:featuredmedia":[{"embeddable":true,"href":"https:\/\/readymade.se\/core\/wp-json\/wp\/v2\/media\/22388"}],"wp:attachment":[{"href":"https:\/\/readymade.se\/core\/wp-json\/wp\/v2\/media?parent=22387"}],"wp:term":[{"taxonomy":"product_brand","embeddable":true,"href":"https:\/\/readymade.se\/core\/wp-json\/wp\/v2\/product_brand?post=22387"},{"taxonomy":"product_cat","embeddable":true,"href":"https:\/\/readymade.se\/core\/wp-json\/wp\/v2\/product_cat?post=22387"},{"taxonomy":"product_tag","embeddable":true,"href":"https:\/\/readymade.se\/core\/wp-json\/wp\/v2\/product_tag?post=22387"}],"curies":[{"name":"wp","href":"https:\/\/api.w.org\/{rel}","templated":true}]}}