{"id":21990,"date":"2025-12-24T13:17:14","date_gmt":"2025-12-24T12:17:14","guid":{"rendered":"https:\/\/readymade.se\/core\/?post_type=product&#038;p=21990"},"modified":"2026-03-04T19:03:26","modified_gmt":"2026-03-04T18:03:26","slug":"rygglyft-1","status":"publish","type":"product","link":"https:\/\/readymade.se\/core\/produkt\/rygglyft-1\/","title":{"rendered":"Rygglyft 1"},"content":{"rendered":"<article class=\"text-token-text-primary w-full focus:outline-none [--shadow-height:45px] has-data-writing-block:pointer-events-none has-data-writing-block:-mt-(--shadow-height) has-data-writing-block:pt-(--shadow-height) [&amp;:has([data-writing-block])&gt;*]:pointer-events-auto [content-visibility:auto] supports-[content-visibility:auto]:[contain-intrinsic-size:auto_100lvh] scroll-mt-[calc(var(--header-height)+min(200px,max(70px,20svh)))]\" dir=\"auto\" tabindex=\"-1\" data-turn-id=\"dd8159c1-decc-4943-a1de-f2bc64c30b92\" data-testid=\"conversation-turn-126\" data-scroll-anchor=\"true\" data-turn=\"assistant\">\n<div class=\"text-base my-auto mx-auto pb-10 [--thread-content-margin:--spacing(4)] thread-sm:[--thread-content-margin:--spacing(6)] thread-lg:[--thread-content-margin:--spacing(16)] px-(--thread-content-margin)\">\n<div class=\"[--thread-content-max-width:40rem] thread-lg:[--thread-content-max-width:48rem] mx-auto max-w-(--thread-content-max-width) flex-1 group\/turn-messages focus-visible:outline-hidden relative flex w-full min-w-0 flex-col agent-turn\" tabindex=\"-1\">\n<div class=\"flex max-w-full flex-col grow\">\n<div class=\"min-h-8 text-message relative flex w-full flex-col items-end gap-2 text-start break-words whitespace-normal [.text-message+&amp;]:mt-1\" dir=\"auto\" data-message-author-role=\"assistant\" data-message-id=\"dd1b643e-d436-4129-bd96-3afa0c653822\" data-message-model-slug=\"gpt-5-1-thinking\">\n<div class=\"flex w-full flex-col gap-1 empty:hidden first:pt-[1px]\">\n<div class=\"markdown prose dark:prose-invert w-full break-words dark markdown-new-styling\">\n<p data-start=\"0\" data-end=\"43\"><strong data-start=\"0\" data-end=\"41\">Tr\u00e4ningsstation \u2013 Rygglyft f\u00f6r utegym<\/strong><\/p>\n<p data-start=\"45\" data-end=\"360\">Tr\u00e4ningsstation f\u00f6r rygglyft best\u00e5ende av <strong data-start=\"87\" data-end=\"112\">huvudstolpe (BFCH 1D)<\/strong> och <strong data-start=\"117\" data-end=\"147\">rygglyftsenhet (BFCH 6513)<\/strong>, framtagen f\u00f6r skonsam och effektiv tr\u00e4ning av l\u00e4ndrygg och b\u00e5l i utomhusmilj\u00f6. Konstruktionen \u00e4r helt i <strong data-start=\"253\" data-end=\"294\">varmf\u00f6rzinkat och pulverlackerat st\u00e5l<\/strong>, vilket ger h\u00f6g h\u00e5llbarhet och god v\u00e4derbest\u00e4ndighet \u00e5ret runt.<\/p>\n<p data-start=\"362\" data-end=\"685\">Stolpen <strong data-start=\"370\" data-end=\"392\">f\u00f6rankras i betong<\/strong> och fungerar som stabilt f\u00e4ste f\u00f6r tr\u00e4ningsenheten, vilket ger en trygg och stadig l\u00f6sning i offentlig tr\u00e4ningsmilj\u00f6. Motst\u00e5ndet regleras med <strong data-start=\"535\" data-end=\"549\">kroppsvikt<\/strong>, vilket g\u00f6r stationen enkel att anv\u00e4nda f\u00f6r b\u00e5de nyb\u00f6rjare och mer vana motion\u00e4rer \u2013 ingen extra utrustning eller inst\u00e4llningar beh\u00f6vs.<\/p>\n<p data-start=\"687\" data-end=\"827\">Stationen \u00e4r avsedd f\u00f6r <strong data-start=\"711\" data-end=\"754\">utomhusbruk och offentlig tr\u00e4ningsmilj\u00f6<\/strong>, exempelvis utegym i parker, vid skolor, bostadsomr\u00e5den och motionssp\u00e5r.<\/p>\n<h3 data-start=\"829\" data-end=\"856\">Egenskaper och f\u00f6rdelar<\/h3>\n<ul data-start=\"858\" data-end=\"1354\" data-is-last-node=\"\" data-is-only-node=\"\">\n<li data-start=\"858\" data-end=\"916\">\n<p data-start=\"860\" data-end=\"916\">Tr\u00e4ningsstation f\u00f6r <strong data-start=\"880\" data-end=\"914\">rygglyft (BFCH 1D + BFCH 6513)<\/strong><\/p>\n<\/li>\n<li data-start=\"917\" data-end=\"982\">\n<p data-start=\"919\" data-end=\"982\">Konstruktion helt i <strong data-start=\"939\" data-end=\"980\">varmf\u00f6rzinkat och pulverlackerat st\u00e5l<\/strong><\/p>\n<\/li>\n<li data-start=\"983\" data-end=\"1053\">\n<p data-start=\"985\" data-end=\"1053\"><strong data-start=\"985\" data-end=\"1025\">H\u00f6g h\u00e5llbarhet och v\u00e4derbest\u00e4ndighet<\/strong> f\u00f6r utomhusbruk \u00e5ret runt<\/p>\n<\/li>\n<li data-start=\"1054\" data-end=\"1121\">\n<p data-start=\"1056\" data-end=\"1121\"><strong data-start=\"1056\" data-end=\"1085\">Stolpe f\u00f6rankrad i betong<\/strong> f\u00f6r stabil och s\u00e4ker installation<\/p>\n<\/li>\n<li data-start=\"1122\" data-end=\"1192\">\n<p data-start=\"1124\" data-end=\"1192\"><strong data-start=\"1124\" data-end=\"1151\">Motst\u00e5nd via kroppsvikt<\/strong> \u2013 inga vikter eller justeringar beh\u00f6vs<\/p>\n<\/li>\n<li data-start=\"1193\" data-end=\"1260\">\n<p data-start=\"1195\" data-end=\"1260\">L\u00e4mplig f\u00f6r tr\u00e4ning av <strong data-start=\"1218\" data-end=\"1258\">l\u00e4ndrygg, b\u00e5lstabilitet och h\u00e5llning<\/strong><\/p>\n<\/li>\n<li data-start=\"1261\" data-end=\"1354\" data-is-last-node=\"\">\n<p data-start=\"1263\" data-end=\"1354\" data-is-last-node=\"\">Avsedd f\u00f6r <strong data-start=\"1274\" data-end=\"1301\">offentlig tr\u00e4ningsmilj\u00f6<\/strong> som utegym i parker, vid skolor och i bostadsomr\u00e5den<\/p>\n<\/li>\n<\/ul>\n<\/div>\n<\/div>\n<\/div>\n<\/div>\n<div class=\"z-0 flex min-h-[46px] justify-start\">Produkten levereras f\u00e4rdigmonterad.<\/div>\n<\/div>\n<\/div>\n<\/article>\n","protected":false},"excerpt":{"rendered":"<p>Tr\u00e4ningsstation \u2013 Rygglyft f\u00f6r utegym Tr\u00e4ningsstation f\u00f6r rygglyft best\u00e5ende av huvudstolpe (BFCH 1D) och rygglyftsenhet (BFCH 6513), framtagen f\u00f6r skonsam [&hellip;]<\/p>\n","protected":false},"featured_media":11301,"template":"","meta":{"site-sidebar-layout":"default","site-content-layout":"","ast-site-content-layout":"default","site-content-style":"default","site-sidebar-style":"default","ast-global-header-display":"","ast-banner-title-visibility":"","ast-main-header-display":"","ast-hfb-above-header-display":"","ast-hfb-below-header-display":"","ast-hfb-mobile-header-display":"","site-post-title":"","ast-breadcrumbs-content":"","ast-featured-img":"","footer-sml-layout":"","theme-transparent-header-meta":"default","adv-header-id-meta":"","stick-header-meta":"","header-above-stick-meta":"","header-main-stick-meta":"","header-below-stick-meta":"","astra-migrate-meta-layouts":"set","ast-page-background-enabled":"default","ast-page-background-meta":{"desktop":{"background-color":"var(--ast-global-color-5)","background-image":"","background-repeat":"repeat","background-position":"center center","background-size":"auto","background-attachment":"scroll","background-type":"","background-media":"","overlay-type":"","overlay-color":"","overlay-opacity":"","overlay-gradient":""},"tablet":{"background-color":"","background-image":"","background-repeat":"repeat","background-position":"center center","background-size":"auto","background-attachment":"scroll","background-type":"","background-media":"","overlay-type":"","overlay-color":"","overlay-opacity":"","overlay-gradient":""},"mobile":{"background-color":"","background-image":"","background-repeat":"repeat","background-position":"center center","background-size":"auto","background-attachment":"scroll","background-type":"","background-media":"","overlay-type":"","overlay-color":"","overlay-opacity":"","overlay-gradient":""}},"ast-content-background-meta":{"desktop":{"background-color":"var(--ast-global-color-4)","background-image":"","background-repeat":"repeat","background-position":"center center","background-size":"auto","background-attachment":"scroll","background-type":"","background-media":"","overlay-type":"","overlay-color":"","overlay-opacity":"","overlay-gradient":""},"tablet":{"background-color":"var(--ast-global-color-4)","background-image":"","background-repeat":"repeat","background-position":"center center","background-size":"auto","background-attachment":"scroll","background-type":"","background-media":"","overlay-type":"","overlay-color":"","overlay-opacity":"","overlay-gradient":""},"mobile":{"background-color":"var(--ast-global-color-4)","background-image":"","background-repeat":"repeat","background-position":"center center","background-size":"auto","background-attachment":"scroll","background-type":"","background-media":"","overlay-type":"","overlay-color":"","overlay-opacity":"","overlay-gradient":""}}},"product_brand":[56],"product_cat":[63,19,197,64],"product_tag":[],"class_list":{"0":"post-21990","1":"product","2":"type-product","3":"status-publish","4":"has-post-thumbnail","6":"product_brand-tiptiptap","7":"product_cat-gym","8":"product_cat-sport-rorelse","9":"product_cat-stand","10":"product_cat-traningsstationer-tra-stal","11":"desktop-align-center","12":"tablet-align-left","13":"mobile-align-left","15":"first","16":"instock","17":"taxable","18":"shipping-taxable","19":"purchasable","20":"product-type-simple"},"_links":{"self":[{"href":"https:\/\/readymade.se\/core\/wp-json\/wp\/v2\/product\/21990","targetHints":{"allow":["GET"]}}],"collection":[{"href":"https:\/\/readymade.se\/core\/wp-json\/wp\/v2\/product"}],"about":[{"href":"https:\/\/readymade.se\/core\/wp-json\/wp\/v2\/types\/product"}],"wp:featuredmedia":[{"embeddable":true,"href":"https:\/\/readymade.se\/core\/wp-json\/wp\/v2\/media\/11301"}],"wp:attachment":[{"href":"https:\/\/readymade.se\/core\/wp-json\/wp\/v2\/media?parent=21990"}],"wp:term":[{"taxonomy":"product_brand","embeddable":true,"href":"https:\/\/readymade.se\/core\/wp-json\/wp\/v2\/product_brand?post=21990"},{"taxonomy":"product_cat","embeddable":true,"href":"https:\/\/readymade.se\/core\/wp-json\/wp\/v2\/product_cat?post=21990"},{"taxonomy":"product_tag","embeddable":true,"href":"https:\/\/readymade.se\/core\/wp-json\/wp\/v2\/product_tag?post=21990"}],"curies":[{"name":"wp","href":"https:\/\/api.w.org\/{rel}","templated":true}]}}