{"id":21988,"date":"2025-12-24T13:17:14","date_gmt":"2025-12-24T12:17:14","guid":{"rendered":"https:\/\/readymade.se\/core\/?post_type=product&#038;p=21988"},"modified":"2026-03-04T19:03:26","modified_gmt":"2026-03-04T18:03:26","slug":"grill-corten-o-88-cm","status":"publish","type":"product","link":"https:\/\/readymade.se\/core\/produkt\/grill-corten-o-88-cm\/","title":{"rendered":"Grill Corten \u00f8 88 cm"},"content":{"rendered":"<h2 data-start=\"0\" data-end=\"69\">Grill Corten \u2300 88 cm \u2013 eldstad f\u00f6r st\u00e4mning, v\u00e4rme och gemenskap<\/h2>\n<p data-start=\"70\" data-end=\"92\"><strong data-start=\"70\" data-end=\"92\">Pris: 12 500,00 kr<\/strong><\/p>\n<p data-start=\"94\" data-end=\"413\">Utomhuseldstaden <strong data-start=\"111\" data-end=\"135\">Grill Corten \u2300 88 cm<\/strong> \u00e4r designad f\u00f6r dig som vill skapa of\u00f6rgl\u00f6mliga stunder tillsammans med v\u00e4nner och familj \u2013 d\u00e4r elden blir en naturlig samlingspunkt fr\u00e5n dag till sen kv\u00e4ll. Den runda formen bjuder in till att samlas runt elden, k\u00e4nna v\u00e4rmen, laga mat \u00f6ver gl\u00f6den och bara njuta av st\u00e4mningen.<\/p>\n<p data-start=\"415\" data-end=\"684\">Eldstaden levereras i sin <strong data-start=\"441\" data-end=\"470\">ursprungliga st\u00e5lgr\u00e5 f\u00e4rg<\/strong>, men tack vare materialet i <strong data-start=\"499\" data-end=\"513\">cortenst\u00e5l<\/strong> utvecklas med tiden en vacker <strong data-start=\"544\" data-end=\"566\">r\u00f6dbrun rostpatina<\/strong>. Denna yta m\u00f6rknar gradvis och ger grillen ett levande, naturligt uttryck som bara blir finare ju l\u00e4ngre den anv\u00e4nds.<\/p>\n<p data-start=\"686\" data-end=\"949\">Cortenst\u00e5l \u00e4r b\u00e5de <strong data-start=\"705\" data-end=\"735\">uttrycksfullt och h\u00e5llbart<\/strong>, kr\u00e4ver minimalt underh\u00e5ll och \u00e4r gjort f\u00f6r att klara v\u00e4der, vind och tidens tand \u2013 perfekt f\u00f6r uteplatser, innerg\u00e5rdar, parker, stugmilj\u00f6er och andra platser d\u00e4r man vill kombinera design, funktion och mysfaktor.<\/p>\n<h3 data-start=\"951\" data-end=\"978\">Egenskaper och f\u00f6rdelar<\/h3>\n<ul data-start=\"980\" data-end=\"1412\">\n<li data-start=\"980\" data-end=\"1029\">\n<p data-start=\"982\" data-end=\"1029\">Rund utomhuseldstad i <strong data-start=\"1004\" data-end=\"1018\">cortenst\u00e5l<\/strong>, \u2300 88 cm<\/p>\n<\/li>\n<li data-start=\"1030\" data-end=\"1112\">\n<p data-start=\"1032\" data-end=\"1112\">Levereras <strong data-start=\"1042\" data-end=\"1053\">st\u00e5lgr\u00e5<\/strong>, utvecklar med tiden en <strong data-start=\"1078\" data-end=\"1110\">r\u00f6dbrun, rostliknande patina<\/strong><\/p>\n<\/li>\n<li data-start=\"1113\" data-end=\"1177\">\n<p data-start=\"1115\" data-end=\"1177\">Cortenst\u00e5l \u00e4r <strong data-start=\"1129\" data-end=\"1175\">h\u00e5llbart, underh\u00e5lls\u00adsn\u00e5lt och v\u00e4dert\u00e5ligt<\/strong><\/p>\n<\/li>\n<li data-start=\"1178\" data-end=\"1245\">\n<p data-start=\"1180\" data-end=\"1245\">Skapar en <strong data-start=\"1190\" data-end=\"1221\">st\u00e4mningsfull samlingspunkt<\/strong> f\u00f6r familj och v\u00e4nner<\/p>\n<\/li>\n<li data-start=\"1246\" data-end=\"1331\">\n<p data-start=\"1248\" data-end=\"1331\">Passar utm\u00e4rkt p\u00e5 <strong data-start=\"1266\" data-end=\"1329\">uteplatser, innerg\u00e5rdar, stugomr\u00e5den och offentliga milj\u00f6er<\/strong><\/p>\n<\/li>\n<li data-start=\"1332\" data-end=\"1412\">\n<p data-start=\"1334\" data-end=\"1412\">Ger m\u00f6jlighet till b\u00e5de <strong data-start=\"1358\" data-end=\"1399\">grillning, eldning och social samvaro<\/strong> runt elden<\/p>\n<\/li>\n<\/ul>\n","protected":false},"excerpt":{"rendered":"<p>Grill Corten \u2300 88 cm \u2013 eldstad f\u00f6r st\u00e4mning, v\u00e4rme och gemenskap Pris: 12 500,00 kr Utomhuseldstaden Grill Corten \u2300 [&hellip;]<\/p>\n","protected":false},"featured_media":11295,"template":"","meta":{"site-sidebar-layout":"default","site-content-layout":"","ast-site-content-layout":"default","site-content-style":"default","site-sidebar-style":"default","ast-global-header-display":"","ast-banner-title-visibility":"","ast-main-header-display":"","ast-hfb-above-header-display":"","ast-hfb-below-header-display":"","ast-hfb-mobile-header-display":"","site-post-title":"","ast-breadcrumbs-content":"","ast-featured-img":"","footer-sml-layout":"","theme-transparent-header-meta":"default","adv-header-id-meta":"","stick-header-meta":"","header-above-stick-meta":"","header-main-stick-meta":"","header-below-stick-meta":"","astra-migrate-meta-layouts":"set","ast-page-background-enabled":"default","ast-page-background-meta":{"desktop":{"background-color":"var(--ast-global-color-5)","background-image":"","background-repeat":"repeat","background-position":"center center","background-size":"auto","background-attachment":"scroll","background-type":"","background-media":"","overlay-type":"","overlay-color":"","overlay-opacity":"","overlay-gradient":""},"tablet":{"background-color":"","background-image":"","background-repeat":"repeat","background-position":"center center","background-size":"auto","background-attachment":"scroll","background-type":"","background-media":"","overlay-type":"","overlay-color":"","overlay-opacity":"","overlay-gradient":""},"mobile":{"background-color":"","background-image":"","background-repeat":"repeat","background-position":"center center","background-size":"auto","background-attachment":"scroll","background-type":"","background-media":"","overlay-type":"","overlay-color":"","overlay-opacity":"","overlay-gradient":""}},"ast-content-background-meta":{"desktop":{"background-color":"var(--ast-global-color-4)","background-image":"","background-repeat":"repeat","background-position":"center center","background-size":"auto","background-attachment":"scroll","background-type":"","background-media":"","overlay-type":"","overlay-color":"","overlay-opacity":"","overlay-gradient":""},"tablet":{"background-color":"var(--ast-global-color-4)","background-image":"","background-repeat":"repeat","background-position":"center center","background-size":"auto","background-attachment":"scroll","background-type":"","background-media":"","overlay-type":"","overlay-color":"","overlay-opacity":"","overlay-gradient":""},"mobile":{"background-color":"var(--ast-global-color-4)","background-image":"","background-repeat":"repeat","background-position":"center center","background-size":"auto","background-attachment":"scroll","background-type":"","background-media":"","overlay-type":"","overlay-color":"","overlay-opacity":"","overlay-gradient":""}}},"product_brand":[],"product_cat":[62,197],"product_tag":[],"class_list":{"0":"post-21988","1":"product","2":"type-product","3":"status-publish","4":"has-post-thumbnail","6":"product_cat-parkutrustning","7":"product_cat-stand","8":"desktop-align-center","9":"tablet-align-left","10":"mobile-align-left","12":"first","13":"instock","14":"taxable","15":"shipping-taxable","16":"purchasable","17":"product-type-simple"},"_links":{"self":[{"href":"https:\/\/readymade.se\/core\/wp-json\/wp\/v2\/product\/21988","targetHints":{"allow":["GET"]}}],"collection":[{"href":"https:\/\/readymade.se\/core\/wp-json\/wp\/v2\/product"}],"about":[{"href":"https:\/\/readymade.se\/core\/wp-json\/wp\/v2\/types\/product"}],"wp:featuredmedia":[{"embeddable":true,"href":"https:\/\/readymade.se\/core\/wp-json\/wp\/v2\/media\/11295"}],"wp:attachment":[{"href":"https:\/\/readymade.se\/core\/wp-json\/wp\/v2\/media?parent=21988"}],"wp:term":[{"taxonomy":"product_brand","embeddable":true,"href":"https:\/\/readymade.se\/core\/wp-json\/wp\/v2\/product_brand?post=21988"},{"taxonomy":"product_cat","embeddable":true,"href":"https:\/\/readymade.se\/core\/wp-json\/wp\/v2\/product_cat?post=21988"},{"taxonomy":"product_tag","embeddable":true,"href":"https:\/\/readymade.se\/core\/wp-json\/wp\/v2\/product_tag?post=21988"}],"curies":[{"name":"wp","href":"https:\/\/api.w.org\/{rel}","templated":true}]}}