{"id":21979,"date":"2025-12-24T13:17:13","date_gmt":"2025-12-24T12:17:13","guid":{"rendered":"https:\/\/readymade.se\/core\/?post_type=product&#038;p=21979"},"modified":"2026-03-04T19:03:27","modified_gmt":"2026-03-04T18:03:27","slug":"parkbank-koeman-ii","status":"publish","type":"product","link":"https:\/\/readymade.se\/core\/produkt\/parkbank-koeman-ii\/","title":{"rendered":"Parkb\u00e4nk Koeman II"},"content":{"rendered":"<div class=\"css-i51og3\">\n<h2 class=\"css-1j5fepn\">Beskrivning<\/h2>\n<div class=\"css-0\">\n<div class=\"css-0\">\n<p>Tr\u00e4b\u00e4nk p\u00e5 st\u00e5lben. Kan k\u00f6pas som stol, med eller utan rygg och armst\u00f6d.<\/p>\n<ul>\n<li>Sits och ryggst\u00f6d tillverkade av massiva tr\u00e4lameller av v\u00e4rmebehandlad gran.<\/li>\n<li>Struktur tillverkad av pulverlackerat st\u00e5l.<\/li>\n<li>Rostbest\u00e4ndiga dolda f\u00e4stelement.<\/li>\n<li>F\u00f6rankringskapacitet max. D12 i marken.<\/li>\n<li>Kunden kan v\u00e4lja mellan olika f\u00e4rgkombinationer f\u00f6r att skapa individuell design.<\/li>\n<li>Designad med m\u00f6jlighet att demonteras! Tillval:<\/li>\n<\/ul>\n<ol>\n<li>Varmf\u00f6rzinkning: + 600:- ex. moms<\/li>\n<li>M\u00e5lad obehandlad gran: &#8211; 600:- ex. moms<\/li>\n<\/ol>\n<\/div>\n<\/div>\n<\/div>\n<div class=\"css-i51og3\">\n<h2 class=\"css-1az8a4k\">Specifikationer<\/h2>\n<div class=\"css-0\">\n<div class=\"css-gg4vpm\">\n<p class=\"css-1nfklxv\"><span style=\"font-size: 16px;\">Produktdimensioner <\/span><span style=\"font-size: 16px;\">2000 (1800)(600)x535x815(830) mm<\/span><\/p>\n<\/div>\n<div class=\"css-gg4vpm\">\n<p class=\"css-1nfklxv\">Vikt 22-49 kg<\/p>\n<\/div>\n<\/div>\n<\/div>\n","protected":false},"excerpt":{"rendered":"<p>Parkb\u00e4nk 180 cm galvaniserat och lackerat st\u00e5l, ask. Finns i l\u00e4ngderna 60, 150 och 180 cm. Tillval galvaniserad och pulverlackerad samt rostfritt st\u00e5l. F\u00e4rgval enligt RAL-kod. Tr\u00e4toner inkluderar ljust och m\u00f6rkt tropiskt tr\u00e4 eller ask.<\/p>\n","protected":false},"featured_media":10697,"template":"","meta":{"site-sidebar-layout":"default","site-content-layout":"","ast-site-content-layout":"default","site-content-style":"default","site-sidebar-style":"default","ast-global-header-display":"","ast-banner-title-visibility":"","ast-main-header-display":"","ast-hfb-above-header-display":"","ast-hfb-below-header-display":"","ast-hfb-mobile-header-display":"","site-post-title":"","ast-breadcrumbs-content":"","ast-featured-img":"","footer-sml-layout":"","theme-transparent-header-meta":"default","adv-header-id-meta":"","stick-header-meta":"","header-above-stick-meta":"","header-main-stick-meta":"","header-below-stick-meta":"","astra-migrate-meta-layouts":"set","ast-page-background-enabled":"default","ast-page-background-meta":{"desktop":{"background-color":"var(--ast-global-color-5)","background-image":"","background-repeat":"repeat","background-position":"center center","background-size":"auto","background-attachment":"scroll","background-type":"","background-media":"","overlay-type":"","overlay-color":"","overlay-opacity":"","overlay-gradient":""},"tablet":{"background-color":"","background-image":"","background-repeat":"repeat","background-position":"center center","background-size":"auto","background-attachment":"scroll","background-type":"","background-media":"","overlay-type":"","overlay-color":"","overlay-opacity":"","overlay-gradient":""},"mobile":{"background-color":"","background-image":"","background-repeat":"repeat","background-position":"center center","background-size":"auto","background-attachment":"scroll","background-type":"","background-media":"","overlay-type":"","overlay-color":"","overlay-opacity":"","overlay-gradient":""}},"ast-content-background-meta":{"desktop":{"background-color":"var(--ast-global-color-4)","background-image":"","background-repeat":"repeat","background-position":"center center","background-size":"auto","background-attachment":"scroll","background-type":"","background-media":"","overlay-type":"","overlay-color":"","overlay-opacity":"","overlay-gradient":""},"tablet":{"background-color":"var(--ast-global-color-4)","background-image":"","background-repeat":"repeat","background-position":"center center","background-size":"auto","background-attachment":"scroll","background-type":"","background-media":"","overlay-type":"","overlay-color":"","overlay-opacity":"","overlay-gradient":""},"mobile":{"background-color":"var(--ast-global-color-4)","background-image":"","background-repeat":"repeat","background-position":"center center","background-size":"auto","background-attachment":"scroll","background-type":"","background-media":"","overlay-type":"","overlay-color":"","overlay-opacity":"","overlay-gradient":""}}},"product_brand":[56],"product_cat":[39,40,62,197],"product_tag":[],"class_list":{"0":"post-21979","1":"product","2":"type-product","3":"status-publish","4":"has-post-thumbnail","6":"product_brand-tiptiptap","7":"product_cat-gata-park","8":"product_cat-parkbankar","9":"product_cat-parkutrustning","10":"product_cat-stand","11":"desktop-align-center","12":"tablet-align-left","13":"mobile-align-left","15":"first","16":"instock","17":"taxable","18":"shipping-taxable","19":"purchasable","20":"product-type-simple"},"_links":{"self":[{"href":"https:\/\/readymade.se\/core\/wp-json\/wp\/v2\/product\/21979","targetHints":{"allow":["GET"]}}],"collection":[{"href":"https:\/\/readymade.se\/core\/wp-json\/wp\/v2\/product"}],"about":[{"href":"https:\/\/readymade.se\/core\/wp-json\/wp\/v2\/types\/product"}],"wp:featuredmedia":[{"embeddable":true,"href":"https:\/\/readymade.se\/core\/wp-json\/wp\/v2\/media\/10697"}],"wp:attachment":[{"href":"https:\/\/readymade.se\/core\/wp-json\/wp\/v2\/media?parent=21979"}],"wp:term":[{"taxonomy":"product_brand","embeddable":true,"href":"https:\/\/readymade.se\/core\/wp-json\/wp\/v2\/product_brand?post=21979"},{"taxonomy":"product_cat","embeddable":true,"href":"https:\/\/readymade.se\/core\/wp-json\/wp\/v2\/product_cat?post=21979"},{"taxonomy":"product_tag","embeddable":true,"href":"https:\/\/readymade.se\/core\/wp-json\/wp\/v2\/product_tag?post=21979"}],"curies":[{"name":"wp","href":"https:\/\/api.w.org\/{rel}","templated":true}]}}