{"id":21976,"date":"2025-12-24T13:17:01","date_gmt":"2025-12-24T12:17:01","guid":{"rendered":"https:\/\/readymade.se\/core\/?post_type=product&#038;p=21976"},"modified":"2026-03-04T19:03:28","modified_gmt":"2026-03-04T18:03:28","slug":"fjadersvang-jeep","status":"publish","type":"product","link":"https:\/\/readymade.se\/core\/produkt\/fjadersvang-jeep\/","title":{"rendered":"JEEP"},"content":{"rendered":"<p>Den roliga och unika JEEP-leksaksbilen med fj\u00e4drar har en f\u00f6rarplats och en passagerars\u00e4te fram och tv\u00e5 passagerars\u00e4ten bak. Den har ocks\u00e5 en r\u00f6rlig \u00f6ppning f\u00f6r elektriskt laddningsuttag, tv\u00e5 v\u00e4xelspakar, en ratt, tv\u00e5 roterande instrumentpanelsindikatorer och fr\u00e4mre blinkers. Det finns ocks\u00e5 en leksaksvinsch framtill p\u00e5 bilen.<\/p>\n<p>Material:<\/p>\n<p>Fj\u00e4drarna \u00e4r gjorda av galvaniserat och pulverlackerat st\u00e5l. Bilens ram \u00e4r tillverkad av varmf\u00f6rzinkat st\u00e5l. Bilkarossen \u00e4r gjord av HDPE-plast. Produktens f\u00e4sten \u00e4r gjorda av varmf\u00f6rzinkat st\u00e5l och f\u00f6r standardl\u00f6sningen \u00e4r produkten ingjuten i betong.<\/p>\n","protected":false},"excerpt":{"rendered":"<p>Den roliga och unika JEEP-leksaksbilen med fj\u00e4drar har en f\u00f6rarplats och en passagerars\u00e4te fram och tv\u00e5 passagerars\u00e4ten bak. Den har ocks\u00e5 en r\u00f6rlig \u00f6ppning f\u00f6r elektriskt laddningsuttag, tv\u00e5 v\u00e4xelspakar, en ratt, tv\u00e5 roterande instrumentpanelsindikatorer och fr\u00e4mre blinkers. Det finns ocks\u00e5 en leksaksvinsch framtill p\u00e5 bilen.<\/p>\n<p>Material:<\/p>\n<p>Fj\u00e4drarna \u00e4r gjorda av galvaniserat och pulverlackerat st\u00e5l. Bilens ram \u00e4r tillverkad av varmf\u00f6rzinkat st\u00e5l. Bilkarossen \u00e4r gjord av HDPE-plast. Produktens f\u00e4sten \u00e4r gjorda av varmf\u00f6rzinkat st\u00e5l och f\u00f6r standardl\u00f6sningen \u00e4r produkten ingjuten i betong.<\/p>\n","protected":false},"featured_media":10370,"template":"","meta":{"site-sidebar-layout":"default","site-content-layout":"","ast-site-content-layout":"default","site-content-style":"default","site-sidebar-style":"default","ast-global-header-display":"","ast-banner-title-visibility":"","ast-main-header-display":"","ast-hfb-above-header-display":"","ast-hfb-below-header-display":"","ast-hfb-mobile-header-display":"","site-post-title":"","ast-breadcrumbs-content":"","ast-featured-img":"","footer-sml-layout":"","theme-transparent-header-meta":"default","adv-header-id-meta":"","stick-header-meta":"","header-above-stick-meta":"","header-main-stick-meta":"","header-below-stick-meta":"","astra-migrate-meta-layouts":"set","ast-page-background-enabled":"default","ast-page-background-meta":{"desktop":{"background-color":"var(--ast-global-color-5)","background-image":"","background-repeat":"repeat","background-position":"center center","background-size":"auto","background-attachment":"scroll","background-type":"","background-media":"","overlay-type":"","overlay-color":"","overlay-opacity":"","overlay-gradient":""},"tablet":{"background-color":"","background-image":"","background-repeat":"repeat","background-position":"center center","background-size":"auto","background-attachment":"scroll","background-type":"","background-media":"","overlay-type":"","overlay-color":"","overlay-opacity":"","overlay-gradient":""},"mobile":{"background-color":"","background-image":"","background-repeat":"repeat","background-position":"center center","background-size":"auto","background-attachment":"scroll","background-type":"","background-media":"","overlay-type":"","overlay-color":"","overlay-opacity":"","overlay-gradient":""}},"ast-content-background-meta":{"desktop":{"background-color":"var(--ast-global-color-4)","background-image":"","background-repeat":"repeat","background-position":"center center","background-size":"auto","background-attachment":"scroll","background-type":"","background-media":"","overlay-type":"","overlay-color":"","overlay-opacity":"","overlay-gradient":""},"tablet":{"background-color":"var(--ast-global-color-4)","background-image":"","background-repeat":"repeat","background-position":"center center","background-size":"auto","background-attachment":"scroll","background-type":"","background-media":"","overlay-type":"","overlay-color":"","overlay-opacity":"","overlay-gradient":""},"mobile":{"background-color":"var(--ast-global-color-4)","background-image":"","background-repeat":"repeat","background-position":"center center","background-size":"auto","background-attachment":"scroll","background-type":"","background-media":"","overlay-type":"","overlay-color":"","overlay-opacity":"","overlay-gradient":""}}},"product_brand":[56],"product_cat":[131,58,197,129],"product_tag":[140],"class_list":{"0":"post-21976","1":"product","2":"type-product","3":"status-publish","4":"has-post-thumbnail","6":"product_brand-tiptiptap","7":"product_cat-fjadergungor","8":"product_cat-lekplatsutrustning","9":"product_cat-stand","10":"product_cat-vippredskap","11":"product_tag-core","12":"desktop-align-center","13":"tablet-align-left","14":"mobile-align-left","16":"first","17":"instock","18":"taxable","19":"shipping-taxable","20":"purchasable","21":"product-type-variable","22":"has-default-attributes"},"_links":{"self":[{"href":"https:\/\/readymade.se\/core\/wp-json\/wp\/v2\/product\/21976","targetHints":{"allow":["GET"]}}],"collection":[{"href":"https:\/\/readymade.se\/core\/wp-json\/wp\/v2\/product"}],"about":[{"href":"https:\/\/readymade.se\/core\/wp-json\/wp\/v2\/types\/product"}],"wp:featuredmedia":[{"embeddable":true,"href":"https:\/\/readymade.se\/core\/wp-json\/wp\/v2\/media\/10370"}],"wp:attachment":[{"href":"https:\/\/readymade.se\/core\/wp-json\/wp\/v2\/media?parent=21976"}],"wp:term":[{"taxonomy":"product_brand","embeddable":true,"href":"https:\/\/readymade.se\/core\/wp-json\/wp\/v2\/product_brand?post=21976"},{"taxonomy":"product_cat","embeddable":true,"href":"https:\/\/readymade.se\/core\/wp-json\/wp\/v2\/product_cat?post=21976"},{"taxonomy":"product_tag","embeddable":true,"href":"https:\/\/readymade.se\/core\/wp-json\/wp\/v2\/product_tag?post=21976"}],"curies":[{"name":"wp","href":"https:\/\/api.w.org\/{rel}","templated":true}]}}