{"id":21970,"date":"2025-12-24T13:17:00","date_gmt":"2025-12-24T12:17:00","guid":{"rendered":"https:\/\/readymade.se\/core\/?post_type=product&#038;p=21970"},"modified":"2026-03-04T19:03:29","modified_gmt":"2026-03-04T18:03:29","slug":"svang-klocka-2-stallen-h-26m-markfasten-i-stal-utan-saten-och-passform","status":"publish","type":"product","link":"https:\/\/readymade.se\/core\/produkt\/svang-klocka-2-stallen-h-26m-markfasten-i-stal-utan-saten-och-passform\/","title":{"rendered":"Sissela kompisgunga d=1,2 meter"},"content":{"rendered":"<p>En gemensam kompisgunga d\u00e4r flera barn kan gunga samtidigt, vilket tr\u00e4nar balans, koordination och samspel. Svingmomentet f\u00e5r barnen att \u00f6va kroppskontroll och viktf\u00f6rskjutning f\u00f6r att skapa fart och h\u00e5lla rytmen i gungan.<\/p>\n<p>Grundstomme: 4 st Stolpar &#8211; Laminerat tr\u00e4 alternativt aliminium<\/p>\n<p>1 st Balkar &#8211; Galvaniserat st\u00e5l 2 st Gungupph\u00e4ngningar i Rostfritt st\u00e5l inkl. s\u00e4kerhetskedja f\u00f6r kompisgunga.<\/p>\n<p>2 st Sidodekaler HDPE-plast 1 st Kompisgunga d=1,0 alt. 1,2 meter &#8211;<\/p>\n<p>Taifun-repet \u00e4r b\u00e5de vandals\u00e4kert och mycket slitstarkt, eftersom det har en k\u00e4rna av 48 starka st\u00e5ltr\u00e5dar. K\u00e4rnan ger ocks\u00e5 repet en brottstyrka p\u00e5 4 500 kg.<\/p>\n","protected":false},"excerpt":{"rendered":"<p>Single Bay 2-sits frist\u00e5ende gunga KLOCKBLOMMA kan f\u00f6rses med antingen tv\u00e5 gungsitsar f\u00f6r vaggor eller traditionella platta gungsitsar. Den kan \u00e4ven f\u00f6rses med tv\u00e5 d\u00e4cks\u00e4ten eller en stor och bekv\u00e4m gungsits f\u00f6r f\u00e5gelbo.<\/p>\n<p>Swinging \u00e4r en \u00e4lskad lekaktivitet som fr\u00e4mjar n\u00f6je och utvecklar barns smidighet, balans, koordination, rumslig kognition och muskelstyrka.<\/p>\n","protected":false},"featured_media":8029,"template":"","meta":{"site-sidebar-layout":"default","site-content-layout":"","ast-site-content-layout":"default","site-content-style":"default","site-sidebar-style":"default","ast-global-header-display":"","ast-banner-title-visibility":"","ast-main-header-display":"","ast-hfb-above-header-display":"","ast-hfb-below-header-display":"","ast-hfb-mobile-header-display":"","site-post-title":"","ast-breadcrumbs-content":"","ast-featured-img":"","footer-sml-layout":"","theme-transparent-header-meta":"default","adv-header-id-meta":"","stick-header-meta":"","header-above-stick-meta":"","header-main-stick-meta":"","header-below-stick-meta":"","astra-migrate-meta-layouts":"set","ast-page-background-enabled":"default","ast-page-background-meta":{"desktop":{"background-color":"var(--ast-global-color-5)","background-image":"","background-repeat":"repeat","background-position":"center center","background-size":"auto","background-attachment":"scroll","background-type":"","background-media":"","overlay-type":"","overlay-color":"","overlay-opacity":"","overlay-gradient":""},"tablet":{"background-color":"","background-image":"","background-repeat":"repeat","background-position":"center center","background-size":"auto","background-attachment":"scroll","background-type":"","background-media":"","overlay-type":"","overlay-color":"","overlay-opacity":"","overlay-gradient":""},"mobile":{"background-color":"","background-image":"","background-repeat":"repeat","background-position":"center center","background-size":"auto","background-attachment":"scroll","background-type":"","background-media":"","overlay-type":"","overlay-color":"","overlay-opacity":"","overlay-gradient":""}},"ast-content-background-meta":{"desktop":{"background-color":"var(--ast-global-color-4)","background-image":"","background-repeat":"repeat","background-position":"center center","background-size":"auto","background-attachment":"scroll","background-type":"","background-media":"","overlay-type":"","overlay-color":"","overlay-opacity":"","overlay-gradient":""},"tablet":{"background-color":"var(--ast-global-color-4)","background-image":"","background-repeat":"repeat","background-position":"center center","background-size":"auto","background-attachment":"scroll","background-type":"","background-media":"","overlay-type":"","overlay-color":"","overlay-opacity":"","overlay-gradient":""},"mobile":{"background-color":"var(--ast-global-color-4)","background-image":"","background-repeat":"repeat","background-position":"center center","background-size":"auto","background-attachment":"scroll","background-type":"","background-media":"","overlay-type":"","overlay-color":"","overlay-opacity":"","overlay-gradient":""}}},"product_brand":[56],"product_cat":[123,127,58,197],"product_tag":[128,49],"class_list":{"0":"post-21970","1":"product","2":"type-product","3":"status-publish","4":"has-post-thumbnail","6":"product_brand-tiptiptap","7":"product_cat-gungor","8":"product_cat-gungstallningar-gungor","9":"product_cat-lekplatsutrustning","10":"product_cat-stand","11":"product_tag-core-gungor","12":"product_tag-fynd","13":"desktop-align-center","14":"tablet-align-left","15":"mobile-align-left","17":"first","18":"instock","19":"taxable","20":"shipping-taxable","21":"purchasable","22":"product-type-variable","23":"has-default-attributes"},"_links":{"self":[{"href":"https:\/\/readymade.se\/core\/wp-json\/wp\/v2\/product\/21970","targetHints":{"allow":["GET"]}}],"collection":[{"href":"https:\/\/readymade.se\/core\/wp-json\/wp\/v2\/product"}],"about":[{"href":"https:\/\/readymade.se\/core\/wp-json\/wp\/v2\/types\/product"}],"wp:featuredmedia":[{"embeddable":true,"href":"https:\/\/readymade.se\/core\/wp-json\/wp\/v2\/media\/8029"}],"wp:attachment":[{"href":"https:\/\/readymade.se\/core\/wp-json\/wp\/v2\/media?parent=21970"}],"wp:term":[{"taxonomy":"product_brand","embeddable":true,"href":"https:\/\/readymade.se\/core\/wp-json\/wp\/v2\/product_brand?post=21970"},{"taxonomy":"product_cat","embeddable":true,"href":"https:\/\/readymade.se\/core\/wp-json\/wp\/v2\/product_cat?post=21970"},{"taxonomy":"product_tag","embeddable":true,"href":"https:\/\/readymade.se\/core\/wp-json\/wp\/v2\/product_tag?post=21970"}],"curies":[{"name":"wp","href":"https:\/\/api.w.org\/{rel}","templated":true}]}}