{"id":21960,"date":"2025-12-24T13:17:00","date_gmt":"2025-12-24T12:17:00","guid":{"rendered":"https:\/\/readymade.se\/core\/?post_type=product&#038;p=21960"},"modified":"2026-03-04T19:03:28","modified_gmt":"2026-03-04T18:03:28","slug":"rutschkana-dan-155m","status":"publish","type":"product","link":"https:\/\/readymade.se\/core\/produkt\/rutschkana-dan-155m\/","title":{"rendered":"Rutschkana Dan (1,55m)"},"content":{"rendered":"<p>En 1,55 meter l\u00e5ng rutschkana med plattform, l\u00e4mplig f\u00f6r sluttningar med h\u00f6jder p\u00e5 1,4 till 1,7 meter.<\/p>\n<h6>Material:<\/h6>\n<ul>\n<li>1 st Plattformar med en h\u00f6jd 1,55 m -Plastbelagd laminerad tr\u00e4<\/li>\n<li>1 st Rutschkana med en h\u00f6jd 1,55 m -Rostfritt st\u00e5l, HDPE-sidor<\/li>\n<li>4 st Stolpar -Laminerad tr\u00e4 alt. aluminium.<\/li>\n<li>2 st Paneler -HDPE-plast<\/li>\n<li>1 st St\u00e5ng -Galvaniserat och pulverlackerat st\u00e5l<\/li>\n<\/ul>\n","protected":false},"excerpt":{"rendered":"<p>En 1,55 meter l\u00e5ng rutschkana med plattform, l\u00e4mplig f\u00f6r sluttningar med h\u00f6jder p\u00e5 1,4 till 1,7 meter.<\/p>\n","protected":false},"featured_media":4478,"template":"","meta":{"site-sidebar-layout":"default","site-content-layout":"","ast-site-content-layout":"default","site-content-style":"default","site-sidebar-style":"default","ast-global-header-display":"","ast-banner-title-visibility":"","ast-main-header-display":"","ast-hfb-above-header-display":"","ast-hfb-below-header-display":"","ast-hfb-mobile-header-display":"","site-post-title":"","ast-breadcrumbs-content":"","ast-featured-img":"","footer-sml-layout":"","theme-transparent-header-meta":"default","adv-header-id-meta":"","stick-header-meta":"","header-above-stick-meta":"","header-main-stick-meta":"","header-below-stick-meta":"","astra-migrate-meta-layouts":"set","ast-page-background-enabled":"default","ast-page-background-meta":{"desktop":{"background-color":"var(--ast-global-color-5)","background-image":"","background-repeat":"repeat","background-position":"center center","background-size":"auto","background-attachment":"scroll","background-type":"","background-media":"","overlay-type":"","overlay-color":"","overlay-opacity":"","overlay-gradient":""},"tablet":{"background-color":"","background-image":"","background-repeat":"repeat","background-position":"center center","background-size":"auto","background-attachment":"scroll","background-type":"","background-media":"","overlay-type":"","overlay-color":"","overlay-opacity":"","overlay-gradient":""},"mobile":{"background-color":"","background-image":"","background-repeat":"repeat","background-position":"center center","background-size":"auto","background-attachment":"scroll","background-type":"","background-media":"","overlay-type":"","overlay-color":"","overlay-opacity":"","overlay-gradient":""}},"ast-content-background-meta":{"desktop":{"background-color":"var(--ast-global-color-4)","background-image":"","background-repeat":"repeat","background-position":"center center","background-size":"auto","background-attachment":"scroll","background-type":"","background-media":"","overlay-type":"","overlay-color":"","overlay-opacity":"","overlay-gradient":""},"tablet":{"background-color":"var(--ast-global-color-4)","background-image":"","background-repeat":"repeat","background-position":"center center","background-size":"auto","background-attachment":"scroll","background-type":"","background-media":"","overlay-type":"","overlay-color":"","overlay-opacity":"","overlay-gradient":""},"mobile":{"background-color":"var(--ast-global-color-4)","background-image":"","background-repeat":"repeat","background-position":"center center","background-size":"auto","background-attachment":"scroll","background-type":"","background-media":"","overlay-type":"","overlay-color":"","overlay-opacity":"","overlay-gradient":""}}},"product_brand":[56],"product_cat":[58,136,150,197],"product_tag":[],"class_list":{"0":"post-21960","1":"product","2":"type-product","3":"status-publish","4":"has-post-thumbnail","6":"product_brand-tiptiptap","7":"product_cat-lekplatsutrustning","8":"product_cat-rutschkanor","9":"product_cat-slantrutschkanor-rutschkanor","10":"product_cat-stand","11":"desktop-align-center","12":"tablet-align-left","13":"mobile-align-left","15":"first","16":"instock","17":"taxable","18":"shipping-taxable","19":"purchasable","20":"product-type-variable"},"_links":{"self":[{"href":"https:\/\/readymade.se\/core\/wp-json\/wp\/v2\/product\/21960","targetHints":{"allow":["GET"]}}],"collection":[{"href":"https:\/\/readymade.se\/core\/wp-json\/wp\/v2\/product"}],"about":[{"href":"https:\/\/readymade.se\/core\/wp-json\/wp\/v2\/types\/product"}],"wp:featuredmedia":[{"embeddable":true,"href":"https:\/\/readymade.se\/core\/wp-json\/wp\/v2\/media\/4478"}],"wp:attachment":[{"href":"https:\/\/readymade.se\/core\/wp-json\/wp\/v2\/media?parent=21960"}],"wp:term":[{"taxonomy":"product_brand","embeddable":true,"href":"https:\/\/readymade.se\/core\/wp-json\/wp\/v2\/product_brand?post=21960"},{"taxonomy":"product_cat","embeddable":true,"href":"https:\/\/readymade.se\/core\/wp-json\/wp\/v2\/product_cat?post=21960"},{"taxonomy":"product_tag","embeddable":true,"href":"https:\/\/readymade.se\/core\/wp-json\/wp\/v2\/product_tag?post=21960"}],"curies":[{"name":"wp","href":"https:\/\/api.w.org\/{rel}","templated":true}]}}