{"id":21950,"date":"2025-12-24T13:16:59","date_gmt":"2025-12-24T12:16:59","guid":{"rendered":"https:\/\/readymade.se\/core\/?post_type=product&#038;p=21950"},"modified":"2026-03-04T19:03:29","modified_gmt":"2026-03-04T18:03:29","slug":"benny","status":"publish","type":"product","link":"https:\/\/readymade.se\/core\/produkt\/benny\/","title":{"rendered":"BENNY"},"content":{"rendered":"<p>En rutschkana med rutschkana och ramp. Rampen har b\u00e5de\u00a0 med stegpinnar. Det finns en rolig lekh\u00f6rna med en b\u00e4nk under plattformen, som kan f\u00f6rses med antingen k\u00f6ks- eller bilinstrumentpanelselement. Utsidan \u00e4r f\u00f6rsedd med en klocka aktivitetspanel som hj\u00e4lper till att l\u00e4ra sig att s\u00e4ga tid. Lekcentrets sidopaneler kan v\u00e4xlas till olika aktivitetsv\u00e4ggar eller tematiska tryckta paneler (djur, f\u00e5glar, fiskar, tr\u00e4d, b\u00e4r, etc.). Utformningen av panelerna kommer att slutf\u00f6ras med kunden vid best\u00e4llning.<\/p>\n","protected":false},"excerpt":{"rendered":"<p>En rutschkana med r\u00e4nna och ramp med stegpinnar. Det finns en rolig lekh\u00f6rna med en b\u00e4nk under plattformen, som kan f\u00f6rses med antingen k\u00f6ks- eller bilinstrumentpanelselement. Utsidan \u00e4r f\u00f6rsedd med en klocka aktivitetspanel som hj\u00e4lper till att l\u00e4ra sig att s\u00e4ga tid. Lekcentrets sidopaneler kan v\u00e4xlas till olika aktivitetsv\u00e4ggar eller tematiska tryckta paneler (djur, f\u00e5glar, fiskar, tr\u00e4d, b\u00e4r, etc.). Utformningen av panelerna kommer att slutf\u00f6ras med kunden vid best\u00e4llning.<\/p>\n","protected":false},"featured_media":2218,"template":"","meta":{"site-sidebar-layout":"default","site-content-layout":"","ast-site-content-layout":"default","site-content-style":"default","site-sidebar-style":"default","ast-global-header-display":"","ast-banner-title-visibility":"","ast-main-header-display":"","ast-hfb-above-header-display":"","ast-hfb-below-header-display":"","ast-hfb-mobile-header-display":"","site-post-title":"","ast-breadcrumbs-content":"","ast-featured-img":"","footer-sml-layout":"","theme-transparent-header-meta":"default","adv-header-id-meta":"","stick-header-meta":"","header-above-stick-meta":"","header-main-stick-meta":"","header-below-stick-meta":"","astra-migrate-meta-layouts":"set","ast-page-background-enabled":"default","ast-page-background-meta":{"desktop":{"background-color":"var(--ast-global-color-5)","background-image":"","background-repeat":"repeat","background-position":"center center","background-size":"auto","background-attachment":"scroll","background-type":"","background-media":"","overlay-type":"","overlay-color":"","overlay-opacity":"","overlay-gradient":""},"tablet":{"background-color":"","background-image":"","background-repeat":"repeat","background-position":"center center","background-size":"auto","background-attachment":"scroll","background-type":"","background-media":"","overlay-type":"","overlay-color":"","overlay-opacity":"","overlay-gradient":""},"mobile":{"background-color":"","background-image":"","background-repeat":"repeat","background-position":"center center","background-size":"auto","background-attachment":"scroll","background-type":"","background-media":"","overlay-type":"","overlay-color":"","overlay-opacity":"","overlay-gradient":""}},"ast-content-background-meta":{"desktop":{"background-color":"var(--ast-global-color-4)","background-image":"","background-repeat":"repeat","background-position":"center center","background-size":"auto","background-attachment":"scroll","background-type":"","background-media":"","overlay-type":"","overlay-color":"","overlay-opacity":"","overlay-gradient":""},"tablet":{"background-color":"var(--ast-global-color-4)","background-image":"","background-repeat":"repeat","background-position":"center center","background-size":"auto","background-attachment":"scroll","background-type":"","background-media":"","overlay-type":"","overlay-color":"","overlay-opacity":"","overlay-gradient":""},"mobile":{"background-color":"var(--ast-global-color-4)","background-image":"","background-repeat":"repeat","background-position":"center center","background-size":"auto","background-attachment":"scroll","background-type":"","background-media":"","overlay-type":"","overlay-color":"","overlay-opacity":"","overlay-gradient":""}}},"product_brand":[56],"product_cat":[58,145,197],"product_tag":[],"class_list":{"0":"post-21950","1":"product","2":"type-product","3":"status-publish","4":"has-post-thumbnail","6":"product_brand-tiptiptap","7":"product_cat-lekplatsutrustning","8":"product_cat-lekstallningar","9":"product_cat-stand","10":"desktop-align-center","11":"tablet-align-left","12":"mobile-align-left","14":"first","15":"instock","16":"taxable","17":"shipping-taxable","18":"purchasable","19":"product-type-variable","20":"has-default-attributes"},"_links":{"self":[{"href":"https:\/\/readymade.se\/core\/wp-json\/wp\/v2\/product\/21950","targetHints":{"allow":["GET"]}}],"collection":[{"href":"https:\/\/readymade.se\/core\/wp-json\/wp\/v2\/product"}],"about":[{"href":"https:\/\/readymade.se\/core\/wp-json\/wp\/v2\/types\/product"}],"wp:featuredmedia":[{"embeddable":true,"href":"https:\/\/readymade.se\/core\/wp-json\/wp\/v2\/media\/2218"}],"wp:attachment":[{"href":"https:\/\/readymade.se\/core\/wp-json\/wp\/v2\/media?parent=21950"}],"wp:term":[{"taxonomy":"product_brand","embeddable":true,"href":"https:\/\/readymade.se\/core\/wp-json\/wp\/v2\/product_brand?post=21950"},{"taxonomy":"product_cat","embeddable":true,"href":"https:\/\/readymade.se\/core\/wp-json\/wp\/v2\/product_cat?post=21950"},{"taxonomy":"product_tag","embeddable":true,"href":"https:\/\/readymade.se\/core\/wp-json\/wp\/v2\/product_tag?post=21950"}],"curies":[{"name":"wp","href":"https:\/\/api.w.org\/{rel}","templated":true}]}}